{"id":52,"date":"2018-04-25T19:10:45","date_gmt":"2018-04-25T19:10:45","guid":{"rendered":"http:\/\/www.miasteczko-galicyjskie.pl\/?page_id=52"},"modified":"2025-04-22T11:43:36","modified_gmt":"2025-04-22T11:43:36","slug":"o-miasteczku","status":"publish","type":"page","link":"https:\/\/www.miasteczko-galicyjskie.pl\/","title":{"rendered":""},"content":{"rendered":"\n<div style=\"height:65px\" aria-hidden=\"true\" class=\"wp-block-spacer\"><\/div>\n\n\n\n<h1 class=\"has-text-align-center\">Wyj\u0105tkowa podr\u00f3\u017c na<\/h1>\n\n\n\n<h1 class=\"has-text-align-center\">GALICYJSK\u0104 PROWINCJ\u0118<\/h1>\n\n\n\n<h3 class=\"has-text-align-center\">prze\u0142omu XIX i XX wieku<\/h3>\n\n\n\n<div style=\"height:17px\" aria-hidden=\"true\" class=\"wp-block-spacer\"><\/div>\n\n\n<p><strong>Miasteczko Galicyjskie w Nowym S\u0105czu<\/strong> to jeden z najbardziej atrakcyjnych punkt\u00f3w na turystycznej mapie Ma\u0142opolski.Warto je zobaczy\u0107, aby cofn\u0105\u0107 si\u0119 w czasie i zasmakowa\u0107 atmosfery prowincji galicyjskiej prze\u0142omu XIX i XX wieku.<\/p>\n<p>Atrakcyjny zesp\u00f3\u0142 architektoniczno-urbanistyczny, sk\u0142ada si\u0119 z kopii warto\u015bciowych, a nieistniej\u0105cych lub nienadaj\u0105cych si\u0119 do przeniesienia obiekt\u00f3w historycznych, wybudowany w oparciu o nowoczesne technologie materia\u0142owe.<\/p>\n<p>Ulokowane obiekty wyposa\u017cone s\u0105 w czynne funkcje us\u0142ugowe, handlowe i gastronomiczne, nawi\u0105zuj\u0105ce do dziej\u00f3w ma\u0142ych miasteczek w okresie autonomii galicyjskiej, ale spe\u0142niaj\u0105ce zarazem najwa\u017cniejsze wymogi wsp\u00f3\u0142czesnych przepis\u00f3w, g\u0142\u00f3wnie sanitarnych.<\/p>\n<p>Takim nowatorskim podej\u015bciem do specyficznego sposobu edukacji historycznej i regionalnej, kt\u00f3rym to celom s\u0142u\u017c\u0105 tradycyjne muzea na wolnym powietrzu, pragniemy przybli\u017cy\u0107 Pa\u0144stwu nasze muzeum, w wersji innej ni\u017c obiegowy stereotyp. U nas, zar\u00f3wno starsi i m\u0142odzi tury\u015bci, b\u0119d\u0105 mogli prze\u017cy\u0107 i zakosztowa\u0107 chocia\u017c odrobin\u0119 klimatu \u017cycia codziennego w zrekonstruowanej przestrzeni dawnego, prowincjonalnego miasteczka w Galicji.<\/p>\n<h3 style=\"text-align: center;\">&nbsp;<\/h3>\n<p><a href=\"http:\/\/www.miasteczko-galicyjskie.pl\/wp-content\/uploads\/2018\/07\/aa01.jpg\"><img loading=\"lazy\" class=\"alignnone wp-image-243\" src=\"http:\/\/www.miasteczko-galicyjskie.pl\/wp-content\/uploads\/2018\/07\/aa01-300x200.jpg\" alt=\"\" width=\"827\" height=\"551\" srcset=\"https:\/\/www.miasteczko-galicyjskie.pl\/wp-content\/uploads\/2018\/07\/aa01-300x200.jpg 300w, https:\/\/www.miasteczko-galicyjskie.pl\/wp-content\/uploads\/2018\/07\/aa01-768x512.jpg 768w, https:\/\/www.miasteczko-galicyjskie.pl\/wp-content\/uploads\/2018\/07\/aa01-1024x683.jpg 1024w, https:\/\/www.miasteczko-galicyjskie.pl\/wp-content\/uploads\/2018\/07\/aa01-1140x760.jpg 1140w\" sizes=\"(max-width: 827px) 100vw, 827px\" \/><\/a><\/p>\n\n\n<p><\/p>\n","protected":false},"excerpt":{"rendered":"<p>Wyj\u0105tkowa podr\u00f3\u017c na GALICYJSK\u0104 PROWINCJ\u0118 prze\u0142omu XIX i XX wieku Miasteczko Galicyjskie w Nowym S\u0105czu to jeden z najbardziej atrakcyjnych punkt\u00f3w na turystycznej mapie Ma\u0142opolski.Warto je zobaczy\u0107, aby cofn\u0105\u0107 si\u0119 w czasie i zasmakowa\u0107 atmosfery prowincji galicyjskiej prze\u0142omu XIX i XX wieku. Atrakcyjny zesp\u00f3\u0142 architektoniczno-urbanistyczny, sk\u0142ada si\u0119 z kopii warto\u015bciowych, a nieistniej\u0105cych lub nienadaj\u0105cych si\u0119 do przeniesienia obiekt\u00f3w historycznych, wybudowany w oparciu o nowoczesne technologie materia\u0142owe. Ulokowane obiekty wyposa\u017cone s\u0105 w czynne funkcje us\u0142ugowe, handlowe i gastronomiczne, nawi\u0105zuj\u0105ce do dziej\u00f3w ma\u0142ych miasteczek w okresie autonomii galicyjskiej, ale spe\u0142niaj\u0105ce zarazem najwa\u017cniejsze wymogi wsp\u00f3\u0142czesnych przepis\u00f3w, g\u0142\u00f3wnie sanitarnych. Takim nowatorskim podej\u015bciem do specyficznego sposobu edukacji historycznej i regionalnej, kt\u00f3rym to celom s\u0142u\u017c\u0105 tradycyjne muzea na wolnym powietrzu, pragniemy przybli\u017cy\u0107 Pa\u0144stwu nasze muzeum, w wersji innej ni\u017c obiegowy stereotyp. U nas, zar\u00f3wno starsi i m\u0142odzi tury\u015bci, b\u0119d\u0105 mogli prze\u017cy\u0107 i zakosztowa\u0107 chocia\u017c odrobin\u0119 klimatu \u017cycia codziennego w zrekonstruowanej przestrzeni dawnego, prowincjonalnego miasteczka w Galicji. &nbsp;<\/p>\n","protected":false},"author":1,"featured_media":0,"parent":0,"menu_order":0,"comment_status":"closed","ping_status":"closed","template":"","meta":[],"_links":{"self":[{"href":"https:\/\/www.miasteczko-galicyjskie.pl\/index.php?rest_route=\/wp\/v2\/pages\/52"}],"collection":[{"href":"https:\/\/www.miasteczko-galicyjskie.pl\/index.php?rest_route=\/wp\/v2\/pages"}],"about":[{"href":"https:\/\/www.miasteczko-galicyjskie.pl\/index.php?rest_route=\/wp\/v2\/types\/page"}],"author":[{"embeddable":true,"href":"https:\/\/www.miasteczko-galicyjskie.pl\/index.php?rest_route=\/wp\/v2\/users\/1"}],"replies":[{"embeddable":true,"href":"https:\/\/www.miasteczko-galicyjskie.pl\/index.php?rest_route=%2Fwp%2Fv2%2Fcomments&post=52"}],"version-history":[{"count":292,"href":"https:\/\/www.miasteczko-galicyjskie.pl\/index.php?rest_route=\/wp\/v2\/pages\/52\/revisions"}],"predecessor-version":[{"id":4052,"href":"https:\/\/www.miasteczko-galicyjskie.pl\/index.php?rest_route=\/wp\/v2\/pages\/52\/revisions\/4052"}],"wp:attachment":[{"href":"https:\/\/www.miasteczko-galicyjskie.pl\/index.php?rest_route=%2Fwp%2Fv2%2Fmedia&parent=52"}],"curies":[{"name":"wp","href":"https:\/\/api.w.org\/{rel}","templated":true}]}}