{"id":4132,"date":"2023-04-26T10:27:29","date_gmt":"2023-04-26T10:27:29","guid":{"rendered":"http:\/\/www.miasteczko-galicyjskie.pl\/?page_id=4132"},"modified":"2026-05-01T14:19:31","modified_gmt":"2026-05-01T12:19:31","slug":"majowka-2023-2","status":"publish","type":"page","link":"https:\/\/www.miasteczko-galicyjskie.pl\/?page_id=4132","title":{"rendered":"MAJ\u00d3WKA 2026"},"content":{"rendered":"\n<p><\/p>\n\n\n\n<figure class=\"wp-block-image size-large\"><img loading=\"lazy\" width=\"1024\" height=\"536\" src=\"https:\/\/www.miasteczko-galicyjskie.pl\/wp-content\/uploads\/2026\/04\/MAJOWKA-2026-bannerk-2-1024x536.png\" alt=\"\" class=\"wp-image-5412\" srcset=\"https:\/\/www.miasteczko-galicyjskie.pl\/wp-content\/uploads\/2026\/04\/MAJOWKA-2026-bannerk-2-1024x536.png 1024w, https:\/\/www.miasteczko-galicyjskie.pl\/wp-content\/uploads\/2026\/04\/MAJOWKA-2026-bannerk-2-300x157.png 300w, https:\/\/www.miasteczko-galicyjskie.pl\/wp-content\/uploads\/2026\/04\/MAJOWKA-2026-bannerk-2-768x402.png 768w, https:\/\/www.miasteczko-galicyjskie.pl\/wp-content\/uploads\/2026\/04\/MAJOWKA-2026-bannerk-2-1140x597.png 1140w, https:\/\/www.miasteczko-galicyjskie.pl\/wp-content\/uploads\/2026\/04\/MAJOWKA-2026-bannerk-2.png 1200w\" sizes=\"(max-width: 1024px) 100vw, 1024px\" \/><\/figure>\n\n\n\n<div style=\"height:37px\" aria-hidden=\"true\" class=\"wp-block-spacer\"><\/div>\n\n\n<h6 style=\"text-align: left;\">\u00a0<\/h6>\n<p>Zapraszamy na Maj\u00f3wk\u0119 2026!<\/p>\n<p>To wyj\u0105tkowe wydarzenie plenerowe \u0142\u0105cz\u0105ce tradycj\u0119, kultur\u0119 oraz rodzinny wypoczynek w przyjaznej atmosferze. W programie wydarzenia przewidziano prezentacje program\u00f3w artystycznych zaprzyja\u017anionych zespo\u0142\u00f3w regionalnych a tak\u017ce pota\u0144c\u00f3wk\u0119 na miasteczkowym rynku. W tym dniu w poszczeg\u00f3lnych pracowniach odb\u0119d\u0105 si\u0119 \u00a0pokazy rzemios\u0142a i gin\u0105cych zawod\u00f3w &#8211; zielarstwo, szewstwo, drukarstwo, garncarstwo, fotografia atelierowa (studyjna). Dla najm\u0142odszych uczestnik\u00f3w wydarzenia zostan\u0105 przeprowadzone warsztaty kreatywne oraz animacje. W ramach Maj\u00f3wki odb\u0119dzie si\u0119 Kiermasz R\u0119kodzie\u0142a Artystycznego i Produkt\u00f3w Regionalnych<\/p>\n<p>Zach\u0119camy do <strong>odwiedzania naszej ekspozycji<\/strong>, kt\u00f3ra b\u0119dzie czynna w sezonie letnim <strong>w godz. 10.00 \u2013 18.00<\/strong>.<\/p>\n<h5>\u00a0<\/h5>\n<section class=\"block-text\">\n<h4 class=\"block-text__subtitle\"><em>Program<\/em><\/h4>\n<p>\u00a0<\/p>\n<p><strong>10:00 \u2013 18:00<\/strong><br \/><strong>\u017bYWA TRADYCJA &#8211; POKAZY RZEMIOS\u0141A I GIN\u0104CYCH ZAWOD\u00d3W<\/strong><\/p>\n<ul>\n<li>zielarstwo,<\/li>\n<li>szewstwo,<\/li>\n<li>drukarstwo,<\/li>\n<li>garncarstwo,<\/li>\n<li>fotografia atelierowa (studyjna) &#8211; zdj\u0119cia portretowe w strojach z epoki<\/li>\n<\/ul>\n<p><strong>KIERMASZ R\u0118KODZIE\u0141A ARTYSTYCZNEGO I PRODUKT\u00d3W REGIONALNYCH<\/strong><\/p>\n<p style=\"text-align: left;\"><strong><em>11.00 \u2013 17.00<\/em><\/strong><br \/><strong>WARSZTATY ARTYSTYCZNE DLA DZIECI<\/strong> \/ podcienia ratusza<\/p>\n<ul>\n<li>Kolorowy zawr\u00f3t g\u0142owy<\/li>\n<li>Ptasi \u015bwiat w kolorze<\/li>\n<\/ul>\n<p><strong>FIKO\u0141KI W OGRODZIE<\/strong><\/p>\n<ul>\n<li>Animacje<\/li>\n<li>Malowanie twarzy<\/li>\n<li>Kolorowe tatua\u017ce<\/li>\n<li>Balonowe zoo<\/li>\n<\/ul>\n<p style=\"text-align: left;\"><strong><em>13.00<br \/><\/em>OBIGROWKA PODEGRODZKA<\/strong> \u2013 Regionalny Zesp\u00f3\u0142 PODEGRODZIE<\/p>\n<p style=\"text-align: left;\"><strong><em>14.00\u00a0<br \/><\/em>Teatr tej Ziemi<\/strong> \u2013 CZU\u0141A I DZIKA &#8211; koncert s\u0142owa i pie\u015bni<\/p>\n<p style=\"text-align: left;\"><strong><em>15.00<br \/><\/em>Ta\u0144ce Lach\u00f3w S\u0105deckich \u2013 <\/strong>Regionalny Zesp\u00f3\u0142 Pie\u015bni i Ta\u0144ca PI\u0104TKOWIOKI<\/p>\n<p style=\"text-align: left;\"><strong><em>16.00<\/em><\/strong><br \/><strong>WI\u0104ZANKA TA\u0143C\u00d3W I \u015aPIEW\u00d3W \u0141\u0104CKICH<\/strong> &#8211; Zesp\u00f3\u0142 Regionalny G\u00d3RALE \u0141\u0104CCY im. M Chwalib\u00f3g<\/p>\n<p><strong><em>17.00<\/em><\/strong><br \/><strong>POTA\u0143C\u00d3WKA<\/strong> z zespo\u0142em CACANI<\/p>\n<\/section>\n<section class=\"block-video\">\n<div class=\"block-video__image-wrapper\"><strong><br \/>WST\u0118P: <span style=\"color: #339966;\">5 z\u0142<\/span><\/strong><\/div>\n<\/section>\n<hr \/>\n<p><span style=\"color: #00ccff;\">DLA WYSTAWC\u00d3W:<\/span><\/p>\n<p>Szanowni Pa\u0144stwo!<br \/>Informujemy, \u017ce <strong>od dnia 8 kwietnia 2026 r.<\/strong> przyjmujemy\u00a0 zg\u0142oszenia uczestnictwa w Kiermaszu R\u0119kodzie\u0142a Artystycznego i Produkt\u00f3w Regionalnych, kt\u00f3ry odb\u0119dzie si\u0119 w Miasteczku Galicyjskim<strong> 1 maja 2026 r. w godz. 10.00 \u2013 18.00.<\/strong><\/p>\n<p><em>ZASADY UDZIA\u0141U:<\/em><br \/>Aby wzi\u0105\u0107\u00a0<strong>udzia\u0142 jako wystawca<\/strong>\u00a0w Kiermaszu R\u0119kodzie\u0142a Artystycznego i Produkt\u00f3w Regionalnych w Miasteczku Galicyjskim nale\u017cy wype\u0142ni\u0107 Formularz Zg\u0142oszeniowy \u00a0lub Kart\u0119 Zg\u0142oszenia i wraz podpisanym Regulaminem przes\u0142a\u0107:<br \/>\u2013 na adres e-mailowy: d.sowinska@muzeum.sacz.pl<br \/>\u2013 poczt\u0105 tradycyjn\u0105 na adres: Miasteczko Galicyjskie, ul. Lwowska 226, 33-300 Nowy S\u0105cz)<br \/>lub dostarczy\u0107 osobi\u015bcie (Miasteczko Galicyjskie, pn. \u2013 pt. w godz. 8.00 \u2013 16.00)<\/p>\n<p><strong><span style=\"color: #ff0000;\"><em>Op\u0142at\u0119 akredytacyjn\u0105 prosimy ui\u015bci\u0107 po potwierdzeniu przyj\u0119cia zg\u0142oszenia!<\/em><\/span><\/strong><\/p>\n<p><strong>Zg\u0142oszenia b\u0119d\u0105 przyjmowane do 24 kwietnia 2026 r.<\/strong><\/p>\n<p>Organizator:<br \/>Muzeum Ziemi S\u0105deckiej<\/p>\n<p>Osoba odpowiedzialna: Danuta Sowi\u0144ska<br \/>e-mail: <a href=\"mailto:d.sowinska@muzeum.sacz.pl\">d.sowinska@muzeum.sacz.pl<\/a><\/p>\n<p>tel. kom. 785\u00a0190 726<br \/>tel. (18) 444 35 70 wew. 106, pn.\u00a0\u2013\u00a0pt. w godz. 7.30 \u2013 15.30<\/p>\n<p>\u00a0<\/p>\n<p><a href=\"https:\/\/www.miasteczko-galicyjskie.pl\/?page_id=5468\">Karta zg\u0142oszenia on &#8211; line\u00a0<\/a><\/p>\n<p><a href=\"https:\/\/www.miasteczko-galicyjskie.pl\/wp-content\/uploads\/2026\/04\/KARTA-ZGLOSZENIA-MAJOWKA-2026.pdf\">Karta Zg\u0142oszenia<\/a><\/p>\n<p><a href=\"https:\/\/www.miasteczko-galicyjskie.pl\/wp-content\/uploads\/2026\/04\/Regulamin-Majowka-2026-1.pdf\">Regulamin<\/a><\/p>\n<p>\u00a0<\/p>","protected":false},"excerpt":{"rendered":"<p>\u00a0 Zapraszamy na Maj\u00f3wk\u0119 2026! To wyj\u0105tkowe wydarzenie plenerowe \u0142\u0105cz\u0105ce tradycj\u0119, kultur\u0119 oraz rodzinny wypoczynek w przyjaznej atmosferze. W programie wydarzenia przewidziano prezentacje program\u00f3w artystycznych zaprzyja\u017anionych zespo\u0142\u00f3w regionalnych a tak\u017ce pota\u0144c\u00f3wk\u0119 na miasteczkowym rynku. W tym dniu w poszczeg\u00f3lnych pracowniach odb\u0119d\u0105 si\u0119 \u00a0pokazy rzemios\u0142a i gin\u0105cych zawod\u00f3w &#8211; zielarstwo, szewstwo, drukarstwo, garncarstwo, fotografia atelierowa (studyjna). Dla najm\u0142odszych uczestnik\u00f3w wydarzenia zostan\u0105 przeprowadzone warsztaty kreatywne oraz animacje. W ramach Maj\u00f3wki odb\u0119dzie si\u0119 Kiermasz R\u0119kodzie\u0142a Artystycznego i Produkt\u00f3w Regionalnych Zach\u0119camy do odwiedzania naszej ekspozycji, kt\u00f3ra b\u0119dzie czynna w sezonie letnim w godz. 10.00 \u2013 18.00. \u00a0 Program \u00a0 10:00 \u2013 18:00\u017bYWA TRADYCJA &#8211; POKAZY RZEMIOS\u0141A I GIN\u0104CYCH ZAWOD\u00d3W zielarstwo, szewstwo, drukarstwo, garncarstwo, fotografia atelierowa (studyjna) &#8211; zdj\u0119cia portretowe w strojach z epoki KIERMASZ R\u0118KODZIE\u0141A ARTYSTYCZNEGO I PRODUKT\u00d3W REGIONALNYCH 11.00 \u2013 17.00WARSZTATY ARTYSTYCZNE DLA DZIECI \/ podcienia ratusza Kolorowy zawr\u00f3t g\u0142owy Ptasi \u015bwiat w kolorze FIKO\u0141KI W OGRODZIE Animacje Malowanie twarzy Kolorowe tatua\u017ce Balonowe zoo 13.00OBIGROWKA PODEGRODZKA \u2013 Regionalny Zesp\u00f3\u0142 PODEGRODZIE 14.00\u00a0Teatr tej Ziemi \u2013 CZU\u0141A I DZIKA &#8211; koncert s\u0142owa i pie\u015bni 15.00Ta\u0144ce Lach\u00f3w S\u0105deckich \u2013 Regionalny Zesp\u00f3\u0142 Pie\u015bni i Ta\u0144ca PI\u0104TKOWIOKI 16.00WI\u0104ZANKA TA\u0143C\u00d3W I \u015aPIEW\u00d3W \u0141\u0104CKICH &#8211; Zesp\u00f3\u0142 Regionalny G\u00d3RALE \u0141\u0104CCY im. M Chwalib\u00f3g 17.00POTA\u0143C\u00d3WKA z zespo\u0142em CACANI WST\u0118P: 5 z\u0142 DLA WYSTAWC\u00d3W: Szanowni Pa\u0144stwo!Informujemy, \u017ce od dnia 8 kwietnia 2026 r. przyjmujemy\u00a0 zg\u0142oszenia uczestnictwa w Kiermaszu R\u0119kodzie\u0142a Artystycznego i Produkt\u00f3w Regionalnych, kt\u00f3ry odb\u0119dzie si\u0119 w Miasteczku Galicyjskim 1 maja 2026 r. w godz. 10.00 \u2013 18.00. ZASADY UDZIA\u0141U:Aby wzi\u0105\u0107\u00a0udzia\u0142 jako wystawca\u00a0w Kiermaszu R\u0119kodzie\u0142a Artystycznego i Produkt\u00f3w Regionalnych w Miasteczku Galicyjskim nale\u017cy wype\u0142ni\u0107 Formularz Zg\u0142oszeniowy \u00a0lub Kart\u0119 Zg\u0142oszenia i wraz podpisanym Regulaminem przes\u0142a\u0107:\u2013 na adres e-mailowy: d.sowinska@muzeum.sacz.pl\u2013 poczt\u0105 tradycyjn\u0105 na adres: Miasteczko Galicyjskie, ul. Lwowska 226, 33-300 Nowy S\u0105cz)lub dostarczy\u0107 osobi\u015bcie (Miasteczko Galicyjskie, pn. \u2013 pt. w godz. 8.00 \u2013 16.00) Op\u0142at\u0119 akredytacyjn\u0105 prosimy ui\u015bci\u0107 po potwierdzeniu przyj\u0119cia zg\u0142oszenia! Zg\u0142oszenia b\u0119d\u0105 przyjmowane do 24 kwietnia 2026 r. Organizator:Muzeum Ziemi S\u0105deckiej Osoba odpowiedzialna: Danuta Sowi\u0144skae-mail: d.sowinska@muzeum.sacz.pl tel. kom. 785\u00a0190 726tel. (18) 444 35 70 wew. 106, pn.\u00a0\u2013\u00a0pt. w godz. 7.30 \u2013 15.30 \u00a0 Karta zg\u0142oszenia on &#8211; line\u00a0 Karta Zg\u0142oszenia Regulamin \u00a0<\/p>\n","protected":false},"author":1,"featured_media":0,"parent":0,"menu_order":0,"comment_status":"closed","ping_status":"closed","template":"","meta":[],"_links":{"self":[{"href":"https:\/\/www.miasteczko-galicyjskie.pl\/index.php?rest_route=\/wp\/v2\/pages\/4132"}],"collection":[{"href":"https:\/\/www.miasteczko-galicyjskie.pl\/index.php?rest_route=\/wp\/v2\/pages"}],"about":[{"href":"https:\/\/www.miasteczko-galicyjskie.pl\/index.php?rest_route=\/wp\/v2\/types\/page"}],"author":[{"embeddable":true,"href":"https:\/\/www.miasteczko-galicyjskie.pl\/index.php?rest_route=\/wp\/v2\/users\/1"}],"replies":[{"embeddable":true,"href":"https:\/\/www.miasteczko-galicyjskie.pl\/index.php?rest_route=%2Fwp%2Fv2%2Fcomments&post=4132"}],"version-history":[{"count":56,"href":"https:\/\/www.miasteczko-galicyjskie.pl\/index.php?rest_route=\/wp\/v2\/pages\/4132\/revisions"}],"predecessor-version":[{"id":5526,"href":"https:\/\/www.miasteczko-galicyjskie.pl\/index.php?rest_route=\/wp\/v2\/pages\/4132\/revisions\/5526"}],"wp:attachment":[{"href":"https:\/\/www.miasteczko-galicyjskie.pl\/index.php?rest_route=%2Fwp%2Fv2%2Fmedia&parent=4132"}],"curies":[{"name":"wp","href":"https:\/\/api.w.org\/{rel}","templated":true}]}}