{"id":379,"date":"2018-07-13T07:29:05","date_gmt":"2018-07-13T07:29:05","guid":{"rendered":"http:\/\/www.miasteczko-galicyjskie.pl\/?page_id=379"},"modified":"2024-04-19T12:06:20","modified_gmt":"2024-04-19T12:06:20","slug":"rezerwacja","status":"publish","type":"page","link":"https:\/\/www.miasteczko-galicyjskie.pl\/?page_id=379","title":{"rendered":"Rezerwacja"},"content":{"rendered":"<div>\n<p>Rezerwacja telefoniczna do godz. 17.00: 18 441 02 10<\/p>\n<p>Rezerwacja mailowa:<\/p>\n<p><span id=\"cloakfa1eeb8ab72986720fe198af7216c605\"><a href=\"mailto:muzeum@muzeum.niepolomice.pl\">kasamg@muzeum.sacz.pl<\/a><\/span><\/p>\n<p>Wizyty indywidualnych go\u015bci nie wymagaj\u0105 rezerwacji.<\/p>\n<\/div>\n<p>Przypominamy:<\/p>\n<p><strong>Miasteczko Galicyjskie jest<u> nieczynne<\/u>:<\/strong><\/p>\n<ul>\n<li>poniedzia\u0142ki<\/li>\n<li>Sobot\u0119 Wielkanocn\u0105,<\/li>\n<li>pierwszy i drugi dzie\u0144 \u015awi\u0105t Wielkanocnych (niedziela, poniedzia\u0142ek)<\/li>\n<li>Bo\u017ce Cia\u0142o,<\/li>\n<li>1 i 6 stycznia,<\/li>\n<li>1 listopada,<\/li>\n<li>24, 25 i 26 grudnia.<\/li>\n<\/ul>\n<div>\n<p><a href=\"http:\/\/www.miasteczko-galicyjskie.pl\/?page_id=408\">Godziny udost\u0119pniania ekspozycji<\/a><\/p>\n<p><a href=\"http:\/\/www.miasteczko-galicyjskie.pl\/?page_id=373\">Cennik<\/a><\/p>\n<p><a href=\"http:\/\/www.miasteczko-galicyjskie.pl\/?page_id=1654\">Kalendarz wydarze\u0144<\/a><\/p>\n<\/div>\n","protected":false},"excerpt":{"rendered":"<p>Rezerwacja telefoniczna do godz. 17.00: 18 441 02 10 Rezerwacja mailowa: kasamg@muzeum.sacz.pl Wizyty indywidualnych go\u015bci nie wymagaj\u0105 rezerwacji. Przypominamy: Miasteczko Galicyjskie jest nieczynne: poniedzia\u0142ki Sobot\u0119 Wielkanocn\u0105, pierwszy i drugi dzie\u0144 \u015awi\u0105t Wielkanocnych (niedziela, poniedzia\u0142ek) Bo\u017ce Cia\u0142o, 1 i 6 stycznia, 1 listopada, 24, 25 i 26 grudnia. Godziny udost\u0119pniania ekspozycji Cennik Kalendarz wydarze\u0144<\/p>\n","protected":false},"author":1,"featured_media":0,"parent":0,"menu_order":0,"comment_status":"closed","ping_status":"closed","template":"","meta":[],"_links":{"self":[{"href":"https:\/\/www.miasteczko-galicyjskie.pl\/index.php?rest_route=\/wp\/v2\/pages\/379"}],"collection":[{"href":"https:\/\/www.miasteczko-galicyjskie.pl\/index.php?rest_route=\/wp\/v2\/pages"}],"about":[{"href":"https:\/\/www.miasteczko-galicyjskie.pl\/index.php?rest_route=\/wp\/v2\/types\/page"}],"author":[{"embeddable":true,"href":"https:\/\/www.miasteczko-galicyjskie.pl\/index.php?rest_route=\/wp\/v2\/users\/1"}],"replies":[{"embeddable":true,"href":"https:\/\/www.miasteczko-galicyjskie.pl\/index.php?rest_route=%2Fwp%2Fv2%2Fcomments&post=379"}],"version-history":[{"count":6,"href":"https:\/\/www.miasteczko-galicyjskie.pl\/index.php?rest_route=\/wp\/v2\/pages\/379\/revisions"}],"predecessor-version":[{"id":4629,"href":"https:\/\/www.miasteczko-galicyjskie.pl\/index.php?rest_route=\/wp\/v2\/pages\/379\/revisions\/4629"}],"wp:attachment":[{"href":"https:\/\/www.miasteczko-galicyjskie.pl\/index.php?rest_route=%2Fwp%2Fv2%2Fmedia&parent=379"}],"curies":[{"name":"wp","href":"https:\/\/api.w.org\/{rel}","templated":true}]}}