{"id":375,"date":"2018-07-13T07:19:07","date_gmt":"2018-07-13T07:19:07","guid":{"rendered":"http:\/\/www.miasteczko-galicyjskie.pl\/?page_id=375"},"modified":"2026-03-20T07:10:24","modified_gmt":"2026-03-20T07:10:24","slug":"dojazd","status":"publish","type":"page","link":"https:\/\/www.miasteczko-galicyjskie.pl\/?page_id=375","title":{"rendered":"Dojazd"},"content":{"rendered":"<p>Miasteczko Galicyjskie mie\u015bci si\u0119 przy ul. Lwowskiej 226 w Nowym S\u0105czu, 4 km od centrum miasta.<\/p>\n<p>Dogodna lokalizacja (przy drodze krajowej 28) umo\u017cliwia bezproblemowe dotarcie do obiektu:<\/p>\n<p>Dworzec MPK w Nowym S\u0105czu: Aleja Stefana Batorego 92 (oddalony od Miasteczka Galicyjskiego o 4,3km):<\/p>\n<ul>\n<li>linia 25 \u2013 (kierunek:\u00a0Pi\u0105tkowa-Mystk\u00f3w most)\u00a0 \u00a0<a href=\"https:\/\/www.mpk.nowysacz.pl\/timetable\/\" target=\"_blank\" rel=\"noopener\">Rozk\u0142ad jazdy<\/a><\/li>\n<li>linia 27 \u2013 (kierunek: Pi\u0105tkowa-\u0141\u0119g)\u00a0 \u00a0<a href=\"https:\/\/www.mpk.nowysacz.pl\/timetable\/\">Rozk\u0142ad jazdy<\/a><\/li>\n<li>linia 30 &#8211; (kierunek: Paszyn Jod\u0142owa G\u00f3ra\u00a0\u00a0<a href=\"https:\/\/www.mpk.nowysacz.pl\/timetable\/\">Rozk\u0142ad jazdy<\/a><\/li>\n<\/ul>\n<p>Dworzec PKP w Nowym S\u0105czu, ul. Kolejowa 15 \u2013 oddalony od Miasteczka Galicyjskiego o 4,2km<\/p>\n<p>Dworzec MDA (PKS) w Nowym S\u0105czu, plac D\u0105browskiego 2 \u2013 oddalony od Miasteczka Galicyjskiego o 3,9km<\/p>\n<p>Samochodem:<\/p>\n<ul>\n<li>do dyspozycji go\u015bci przekazujemy ponad 80 bezp\u0142atnych miejsc parkingowych przed wej\u015bciem g\u0142\u00f3wnym do Miasteczka Galicyjskiego.<\/li>\n<\/ul>\n<p>Rowerem:<\/p>\n<ul>\n<li>Stojaki rowerowe znajduj\u0105 si\u0119 nieopodal bramy g\u0142\u00f3wnej Miasteczka Galicyjskiego<\/li>\n<\/ul>\n<p><iframe style=\"border: 0;\" src=\"https:\/\/www.google.com\/maps\/embed?pb=!1m18!1m12!1m3!1d2173.510926105317!2d20.73773210531231!3d49.62122983405239!2m3!1f0!2f0!3f0!3m2!1i1024!2i768!4f13.1!3m3!1m2!1s0x0%3A0x6495817f74ba7f9!2sMiasteczko+Galicyjskie.+Oddzia%C5%82+Muzeum+Okr%C4%99gowego+w+Nowym+S%C4%85czu!5e0!3m2!1spl!2spl!4v1532453828729\" width=\"600\" height=\"450\" frameborder=\"0\" allowfullscreen=\"allowfullscreen\"><\/iframe><\/p>\n","protected":false},"excerpt":{"rendered":"<p>Miasteczko Galicyjskie mie\u015bci si\u0119 przy ul. Lwowskiej 226 w Nowym S\u0105czu, 4 km od centrum miasta. Dogodna lokalizacja (przy drodze krajowej 28) umo\u017cliwia bezproblemowe dotarcie do obiektu: Dworzec MPK w Nowym S\u0105czu: Aleja Stefana Batorego 92 (oddalony od Miasteczka Galicyjskiego o 4,3km): linia 25 \u2013 (kierunek:\u00a0Pi\u0105tkowa-Mystk\u00f3w most)\u00a0 \u00a0Rozk\u0142ad jazdy linia 27 \u2013 (kierunek: Pi\u0105tkowa-\u0141\u0119g)\u00a0 \u00a0Rozk\u0142ad jazdy linia 30 &#8211; (kierunek: Paszyn Jod\u0142owa G\u00f3ra\u00a0\u00a0Rozk\u0142ad jazdy Dworzec PKP w Nowym S\u0105czu, ul. Kolejowa 15 \u2013 oddalony od Miasteczka Galicyjskiego o 4,2km Dworzec MDA (PKS) w Nowym S\u0105czu, plac D\u0105browskiego 2 \u2013 oddalony od Miasteczka Galicyjskiego o 3,9km Samochodem: do dyspozycji go\u015bci przekazujemy ponad 80 bezp\u0142atnych miejsc parkingowych przed wej\u015bciem g\u0142\u00f3wnym do Miasteczka Galicyjskiego. Rowerem: Stojaki rowerowe znajduj\u0105 si\u0119 nieopodal bramy g\u0142\u00f3wnej Miasteczka Galicyjskiego<\/p>\n","protected":false},"author":1,"featured_media":0,"parent":0,"menu_order":0,"comment_status":"closed","ping_status":"closed","template":"","meta":[],"_links":{"self":[{"href":"https:\/\/www.miasteczko-galicyjskie.pl\/index.php?rest_route=\/wp\/v2\/pages\/375"}],"collection":[{"href":"https:\/\/www.miasteczko-galicyjskie.pl\/index.php?rest_route=\/wp\/v2\/pages"}],"about":[{"href":"https:\/\/www.miasteczko-galicyjskie.pl\/index.php?rest_route=\/wp\/v2\/types\/page"}],"author":[{"embeddable":true,"href":"https:\/\/www.miasteczko-galicyjskie.pl\/index.php?rest_route=\/wp\/v2\/users\/1"}],"replies":[{"embeddable":true,"href":"https:\/\/www.miasteczko-galicyjskie.pl\/index.php?rest_route=%2Fwp%2Fv2%2Fcomments&post=375"}],"version-history":[{"count":10,"href":"https:\/\/www.miasteczko-galicyjskie.pl\/index.php?rest_route=\/wp\/v2\/pages\/375\/revisions"}],"predecessor-version":[{"id":5404,"href":"https:\/\/www.miasteczko-galicyjskie.pl\/index.php?rest_route=\/wp\/v2\/pages\/375\/revisions\/5404"}],"wp:attachment":[{"href":"https:\/\/www.miasteczko-galicyjskie.pl\/index.php?rest_route=%2Fwp%2Fv2%2Fmedia&parent=375"}],"curies":[{"name":"wp","href":"https:\/\/api.w.org\/{rel}","templated":true}]}}