{"id":373,"date":"2018-07-13T06:58:29","date_gmt":"2018-07-13T06:58:29","guid":{"rendered":"http:\/\/www.miasteczko-galicyjskie.pl\/?page_id=373"},"modified":"2026-04-14T10:29:25","modified_gmt":"2026-04-14T10:29:25","slug":"bilety","status":"publish","type":"page","link":"https:\/\/www.miasteczko-galicyjskie.pl\/?page_id=373","title":{"rendered":"Bilety"},"content":{"rendered":"<p class=\"cufont\"><strong>Zwiedzanie ekspozycji wn\u0119trz:<\/strong><\/p>\n<p><strong>Miasteczko Galicyjskie:<br \/><\/strong><\/p>\n<ul>\n<li>Bilet normalny \u2013 <strong>\u00a018 z\u0142\u00a0 &#8211;<span style=\"color: #ff0000;\"> zmiana ceny od 1 maja &#8211; 20 z\u0142\u00a0<\/span><\/strong><strong><br \/><\/strong><\/li>\n<li>Bilet ulgowy* \u2013 <strong>14 z\u0142 &#8211; <span style=\"color: #ff0000;\">zmiana ceny od 1 maja &#8211; 15 z\u0142 <\/span><\/strong><strong><br \/><\/strong><\/li>\n<li>Bilet rodzinny (2 os. doros\u0142e + 2 dzieci do 16 r.\u017c.) \u2013 <strong>55 z\u0142\u00a0 <span style=\"color: #ff0000;\">zmiana ceny od 1 maja &#8211; 58 z\u0142<\/span><\/strong><\/li>\n<li>Us\u0142uga przewodnicka w j. angielskim \u2013 <strong>120 z\u0142 <span style=\"color: #ff0000;\">zmiana ceny od 1 maja &#8211; 130 z\u0142<\/span><\/strong><\/li>\n<\/ul>\n<p><strong>Miasteczko Galicyjskie i S\u0105decki Park Etnograficzny <br \/><\/strong>(bilet \u0142\u0105czony w sezonie letnim tj. <strong>01.05 &#8211; 15.10<\/strong>):<\/p>\n<ul>\n<li>Bilet normalny \u2013 <strong>\u00a030 z\u0142 <span style=\"color: #ff0000;\">zmiana ceny od 1 maja &#8211; 32 z\u0142<\/span><\/strong><strong><br \/><\/strong><\/li>\n<li>Bilet ulgowy* \u2013\u00a0 <strong>20 z\u0142 <span style=\"color: #ff0000;\">zmiana ceny od 1 maja &#8211; 22 z\u0142<\/span><\/strong><strong><br \/><\/strong><\/li>\n<li>Bilet rodzinny (2 os. doros\u0142e + 2 dzieci do 16 r.\u017c.) \u2013 <strong>84 z\u0142 <span style=\"color: #ff0000;\">zmiana ceny od 1 maja &#8211; 90 z\u0142<\/span><br \/><\/strong><\/li>\n<li>Us\u0142uga przewodnicka w j. angielskim \u2013 <strong>150 z\u0142 ( grupa max. 25 os.) <span style=\"color: #ff0000;\">zmiana ceny od 1 maja &#8211; 180 z\u0142<\/span><\/strong><\/li>\n<li>Us\u0142uga przewodnicka w j. polskim po S\u0105deckim Parku Etnograficznym <strong>&#8211; 100 z\u0142\u00a0 (grupa max. 25 os.)\u00a0<\/strong><\/li>\n<\/ul>\n<p><strong>Miasteczko Galicyjskie i S\u0105decki Park Etnograficzny <br \/><\/strong>(bilet \u0142\u0105czony w sezonie zimowym tj.<strong> 16.10 &#8211; 30.04<\/strong>):<\/p>\n<ul>\n<li>Bilet posezonowy* \u2013 <strong>25 z\u0142 <span style=\"color: #ff0000;\">zmiana ceny od 1 maja &#8211; 27 z\u0142<\/span><\/strong><\/li>\n<li>Bilet posezonowy* rodzinny (2 os. doros\u0142e + 2 dzieci do 16 r.\u017c.) \u2013 <strong>74 z\u0142 <span style=\"color: #ff0000;\">zmiana ceny od 1 maja &#8211; 78 z\u0142<\/span><\/strong><\/li>\n<\/ul>\n<p class=\"cufont\">*<em>obejmuje spacer po SPE i zwiedzanie wn\u0119trz w MG<\/em><\/p>\n<p class=\"cufont\">Spacer po Miasteczku Galicyjskim bez zwiedzania ekspozycji wn\u0119trz \u2013 <strong>bezp\u0142atnie<\/strong><\/p>\n<p class=\"cufont\">Dzie\u0144 wolny od op\u0142at za zwiedzanie ekspozycji wn\u0119trz \u2013 <strong>\u015broda<\/strong><\/p>\n<p>\u00a0<\/p>\n<p class=\"cufont\">Bilet za 3 z\u0142 \u2013 <a href=\"http:\/\/www.miasteczko-galicyjskie.pl\/?p=350\">zobacz<\/a><\/p>\n<p>Karta Du\u017cej Rodziny &#8211; <a href=\"http:\/\/www.miasteczko-galicyjskie.pl\/?p=352\">zobacz<\/a><\/p>\n<p>Nowos\u0105decka Karta Rodziny 5* &#8211; <a href=\"http:\/\/www.miasteczko-galicyjskie.pl\/?p=352\">zobacz<\/a><\/p>\n<p class=\"cufont\"><strong><img loading=\"lazy\" class=\"wp-image-2421 alignleft\" src=\"http:\/\/www.miasteczko-galicyjskie.pl\/wp-content\/uploads\/2021\/01\/karta.jpg\" alt=\"\" width=\"40\" height=\"40\" \/> <\/strong><strong>Istnieje mo\u017cliwo\u015b\u0107 p\u0142atno\u015bci kart\u0105.<\/strong><\/p>\n<p>Wymagana jest rezerwacja dla grup zorganizowanych (powy\u017cej 10 os\u00f3b): tel. 18 444 35 70, 18 444 35 71 lub mailowo: <a href=\"mailto:kasamg@muzeum.sacz.pl\">kasamg@muzeum.sacz.pl<\/a><\/p>\n<p class=\"cufont\">*<a href=\"http:\/\/www.miasteczko-galicyjskie.pl\/wp-content\/uploads\/2023\/02\/MG-regulamin-2022-maj1.pdf\">Regulamin dla zwiedzaj\u0105cych Miasteczko Galicyjskie<\/a><\/p>\n<p class=\"cufont\">W kasie Miasteczka mo\u017cna kupi\u0107 bilety wst\u0119pu do <a href=\"http:\/\/muzeum.sacz.pl\/filie\/sadecki-park-etnograficzny\/\">S\u0105deckiego Parku Etnograficznego<\/a><\/p>\n\n\n<p><\/p>\n","protected":false},"excerpt":{"rendered":"<p>Zwiedzanie ekspozycji wn\u0119trz: Miasteczko Galicyjskie: Bilet normalny \u2013 \u00a018 z\u0142\u00a0 &#8211; zmiana ceny od 1 maja &#8211; 20 z\u0142\u00a0 Bilet ulgowy* \u2013 14 z\u0142 &#8211; zmiana ceny od 1 maja &#8211; 15 z\u0142 Bilet rodzinny (2 os. doros\u0142e + 2 dzieci do 16 r.\u017c.) \u2013 55 z\u0142\u00a0 zmiana ceny od 1 maja &#8211; 58 z\u0142 Us\u0142uga przewodnicka w j. angielskim \u2013 120 z\u0142 zmiana ceny od 1 maja &#8211; 130 z\u0142 Miasteczko Galicyjskie i S\u0105decki Park Etnograficzny (bilet \u0142\u0105czony w sezonie letnim tj. 01.05 &#8211; 15.10): Bilet normalny \u2013 \u00a030 z\u0142 zmiana ceny od 1 maja &#8211; 32 z\u0142 Bilet ulgowy* \u2013\u00a0 20 z\u0142 zmiana ceny od 1 maja &#8211; 22 z\u0142 Bilet rodzinny (2 os. doros\u0142e + 2 dzieci do 16 r.\u017c.) \u2013 84 z\u0142 zmiana ceny od 1 maja &#8211; 90 z\u0142 Us\u0142uga przewodnicka w j. angielskim \u2013 150 z\u0142 ( grupa max. 25 os.) zmiana ceny od 1 maja &#8211; 180 z\u0142 Us\u0142uga przewodnicka w j. polskim po S\u0105deckim Parku Etnograficznym &#8211; 100 z\u0142\u00a0 (grupa max. 25 os.)\u00a0 Miasteczko Galicyjskie i S\u0105decki Park Etnograficzny (bilet \u0142\u0105czony w sezonie zimowym tj. 16.10 &#8211; 30.04): Bilet posezonowy* \u2013 25 z\u0142 zmiana ceny od 1 maja &#8211; 27 z\u0142 Bilet posezonowy* rodzinny (2 os. doros\u0142e + 2 dzieci do 16 r.\u017c.) \u2013 74 z\u0142 zmiana ceny od 1 maja &#8211; 78 z\u0142 *obejmuje spacer po SPE i zwiedzanie wn\u0119trz w MG Spacer po Miasteczku Galicyjskim bez zwiedzania ekspozycji wn\u0119trz \u2013 bezp\u0142atnie Dzie\u0144 wolny od op\u0142at za zwiedzanie ekspozycji wn\u0119trz \u2013 \u015broda \u00a0 Bilet za 3 z\u0142 \u2013 zobacz Karta Du\u017cej Rodziny &#8211; zobacz Nowos\u0105decka Karta Rodziny 5* &#8211; zobacz Istnieje mo\u017cliwo\u015b\u0107 p\u0142atno\u015bci kart\u0105. Wymagana jest rezerwacja dla grup zorganizowanych (powy\u017cej 10 os\u00f3b): tel. 18 444 35 70, 18 444 35 71 lub mailowo: kasamg@muzeum.sacz.pl *Regulamin dla zwiedzaj\u0105cych Miasteczko Galicyjskie W kasie Miasteczka mo\u017cna kupi\u0107 bilety wst\u0119pu do S\u0105deckiego Parku Etnograficznego<\/p>\n","protected":false},"author":1,"featured_media":0,"parent":0,"menu_order":0,"comment_status":"closed","ping_status":"closed","template":"","meta":[],"_links":{"self":[{"href":"https:\/\/www.miasteczko-galicyjskie.pl\/index.php?rest_route=\/wp\/v2\/pages\/373"}],"collection":[{"href":"https:\/\/www.miasteczko-galicyjskie.pl\/index.php?rest_route=\/wp\/v2\/pages"}],"about":[{"href":"https:\/\/www.miasteczko-galicyjskie.pl\/index.php?rest_route=\/wp\/v2\/types\/page"}],"author":[{"embeddable":true,"href":"https:\/\/www.miasteczko-galicyjskie.pl\/index.php?rest_route=\/wp\/v2\/users\/1"}],"replies":[{"embeddable":true,"href":"https:\/\/www.miasteczko-galicyjskie.pl\/index.php?rest_route=%2Fwp%2Fv2%2Fcomments&post=373"}],"version-history":[{"count":30,"href":"https:\/\/www.miasteczko-galicyjskie.pl\/index.php?rest_route=\/wp\/v2\/pages\/373\/revisions"}],"predecessor-version":[{"id":5475,"href":"https:\/\/www.miasteczko-galicyjskie.pl\/index.php?rest_route=\/wp\/v2\/pages\/373\/revisions\/5475"}],"wp:attachment":[{"href":"https:\/\/www.miasteczko-galicyjskie.pl\/index.php?rest_route=%2Fwp%2Fv2%2Fmedia&parent=373"}],"curies":[{"name":"wp","href":"https:\/\/api.w.org\/{rel}","templated":true}]}}