{"id":3277,"date":"2021-10-13T09:06:41","date_gmt":"2021-10-13T09:06:41","guid":{"rendered":"http:\/\/www.miasteczko-galicyjskie.pl\/?page_id=3277"},"modified":"2024-11-15T10:13:05","modified_gmt":"2024-11-15T10:13:05","slug":"zajecia-edukacyjne-w-miasteczku-galicyjskim","status":"publish","type":"page","link":"https:\/\/www.miasteczko-galicyjskie.pl\/?page_id=3277","title":{"rendered":"Oferta zaj\u0119\u0107 edukacyjnych w Miasteczku Galicyjskim"},"content":{"rendered":"<p><\/p>\n<p>Serdecznie zapraszamy do uczestnictwa w zaj\u0119ciach edukacyjnych realizowanych w Miasteczku Galicyjskim w Nowym S\u0105czu. Istot\u0105 warsztat\u00f3w jest upowszechnianie szeroko poj\u0119tej tradycji, tworzenie p\u0142aszczyzny kontakt\u00f3w m\u0142odszego i starszego odbiorcy z histori\u0105, kultur\u0105 i sztuk\u0105.&nbsp;<\/p>\n<ul>\n<li>\n<h4><a href=\"http:\/\/www.miasteczko-galicyjskie.pl\/?page_id=3264\">Lekcje muzealne<\/a><\/h4>\n<\/li>\n<li>\n<h4><a href=\"http:\/\/www.miasteczko-galicyjskie.pl\/?p=3300\">Zaj\u0119cia warsztatowe<\/a><\/h4>\n<\/li>\n<\/ul>\n<p>Oferta skierowana jest do grup zorganizowanych. <br>Wymagana jest wcze\u015bniejsza rezerwacja terminu i tematu zaj\u0119\u0107.<\/p>\n<p><strong>Kontakt:<\/strong><br>tel. 18 441 02 10 \/ 18 444 35 70<br>e-mail: kasamg@muzeum.sacz.pl<\/p>\n<p><\/p>\n\n\n<p><\/p>\n","protected":false},"excerpt":{"rendered":"<p>Serdecznie zapraszamy do uczestnictwa w zaj\u0119ciach edukacyjnych realizowanych w Miasteczku Galicyjskim w Nowym S\u0105czu. Istot\u0105 warsztat\u00f3w jest upowszechnianie szeroko poj\u0119tej tradycji, tworzenie p\u0142aszczyzny kontakt\u00f3w m\u0142odszego i starszego odbiorcy z histori\u0105, kultur\u0105 i sztuk\u0105.&nbsp; Lekcje muzealne Zaj\u0119cia warsztatowe Oferta skierowana jest do grup zorganizowanych. Wymagana jest wcze\u015bniejsza rezerwacja terminu i tematu zaj\u0119\u0107. Kontakt:tel. 18 441 02 10 \/ 18 444 35 70e-mail: kasamg@muzeum.sacz.pl<\/p>\n","protected":false},"author":1,"featured_media":0,"parent":0,"menu_order":0,"comment_status":"closed","ping_status":"closed","template":"","meta":[],"_links":{"self":[{"href":"https:\/\/www.miasteczko-galicyjskie.pl\/index.php?rest_route=\/wp\/v2\/pages\/3277"}],"collection":[{"href":"https:\/\/www.miasteczko-galicyjskie.pl\/index.php?rest_route=\/wp\/v2\/pages"}],"about":[{"href":"https:\/\/www.miasteczko-galicyjskie.pl\/index.php?rest_route=\/wp\/v2\/types\/page"}],"author":[{"embeddable":true,"href":"https:\/\/www.miasteczko-galicyjskie.pl\/index.php?rest_route=\/wp\/v2\/users\/1"}],"replies":[{"embeddable":true,"href":"https:\/\/www.miasteczko-galicyjskie.pl\/index.php?rest_route=%2Fwp%2Fv2%2Fcomments&post=3277"}],"version-history":[{"count":14,"href":"https:\/\/www.miasteczko-galicyjskie.pl\/index.php?rest_route=\/wp\/v2\/pages\/3277\/revisions"}],"predecessor-version":[{"id":4849,"href":"https:\/\/www.miasteczko-galicyjskie.pl\/index.php?rest_route=\/wp\/v2\/pages\/3277\/revisions\/4849"}],"wp:attachment":[{"href":"https:\/\/www.miasteczko-galicyjskie.pl\/index.php?rest_route=%2Fwp%2Fv2%2Fmedia&parent=3277"}],"curies":[{"name":"wp","href":"https:\/\/api.w.org\/{rel}","templated":true}]}}