{"id":3264,"date":"2021-10-13T07:49:09","date_gmt":"2021-10-13T07:49:09","guid":{"rendered":"http:\/\/www.miasteczko-galicyjskie.pl\/?page_id=3264"},"modified":"2024-10-03T11:52:17","modified_gmt":"2024-10-03T11:52:17","slug":"zajecia-edukacyjne","status":"publish","type":"page","link":"https:\/\/www.miasteczko-galicyjskie.pl\/?page_id=3264","title":{"rendered":"Lekcje muzealne"},"content":{"rendered":"\n<div style=\"height:35px\" aria-hidden=\"true\" class=\"wp-block-spacer\"><\/div>\n\n\n<p><span dir=\"ltr\" role=\"presentation\">Zaj\u0119cia realizowane po wcze\u015bniejszym uzgodnieniu terminu.<br>Kontakt: <\/span><span dir=\"ltr\" role=\"presentation\">tel. 18 441 02 10 \/ 18 444 35 70, e-mail: kasamg@muzeum.sacz.pl <\/span><\/p>\n<p><\/p>\n<ul>\n<li><strong><span dir=\"ltr\" role=\"presentation\">Miasteczko Galicyjskie <\/span><\/strong><span dir=\"ltr\" role=\"presentation\">\u2013 opowiemy, jak wygl\u0105da\u0142o \u017cycie<\/span> <span dir=\"ltr\" role=\"presentation\">w niewielkich miastach na prze\u0142omie XIX i XX wieku, ilustrowana ekspozycj\u0105 muzealn\u0105.<\/span><br role=\"presentation\"><span dir=\"ltr\" role=\"presentation\"><span dir=\"ltr\" role=\"presentation\">Czas trwania: 1 godzina lekcyjna<br><\/span><\/span><span dir=\"ltr\" role=\"presentation\"><span dir=\"ltr\" role=\"presentation\">Prowadz\u0105ca: Anna Borkowska<br><\/span><\/span>\n<p><\/p>\n<\/li>\n<li><strong><span dir=\"ltr\" role=\"presentation\">O przedwojennym sporcie na S\u0105decczy\u017anie<\/span><\/strong><br role=\"presentation\"><span dir=\"ltr\" role=\"presentation\">Tematem lekcji jest ukazanie postrzegania sportu przed I<\/span> <span dir=\"ltr\" role=\"presentation\">i<\/span> <span dir=\"ltr\" role=\"presentation\">II wojn\u0105 \u015bwiatow\u0105, pocz\u0105t<\/span><span dir=\"ltr\" role=\"presentation\">ki rozwoju poszczeg\u00f3lnych dyscyplin i<\/span> <span dir=\"ltr\" role=\"presentation\">towarzystw kt\u00f3re popularyzowa\u0142y aktywno\u015b\u0107 <\/span><span dir=\"ltr\" role=\"presentation\">fizyczn\u0105 oraz przedstawienie pierwszych sukces\u00f3w i<\/span> <span dir=\"ltr\" role=\"presentation\">pora\u017cek S\u0105deczan na arenie <\/span><span dir=\"ltr\" role=\"presentation\">og\u00f3lnopolskiej. S\u0105deczanie d\u0142ugo nie zdawali sobie sprawy ze znaczenia dba\u0142o\u015bci <\/span><span dir=\"ltr\" role=\"presentation\">o<\/span> <span dir=\"ltr\" role=\"presentation\">t\u0119\u017cyzn\u0119 fizyczn\u0105, zmiany w<\/span> <span dir=\"ltr\" role=\"presentation\">tej kwestii nast\u0105pi\u0142y w<\/span> <span dir=\"ltr\" role=\"presentation\">2 po\u0142. XIX w. wraz z<\/span> <span dir=\"ltr\" role=\"presentation\">wprowa<\/span><span dir=\"ltr\" role=\"presentation\">dzeniem obowi\u0105zkowych zaj\u0119\u0107 gimnastyki do wszystkich szk\u00f3\u0142 ludowych i<\/span> <span dir=\"ltr\" role=\"presentation\">\u015brednich <\/span><span dir=\"ltr\" role=\"presentation\">w<\/span> <span dir=\"ltr\" role=\"presentation\">ca\u0142ej Austrii. To w\u0142a\u015bnie szko\u0142y da\u0142y pocz\u0105tek historii wychowania fizycznego <\/span><span dir=\"ltr\" role=\"presentation\">i<\/span> <span dir=\"ltr\" role=\"presentation\">sportowego w<\/span> <span dir=\"ltr\" role=\"presentation\">Nowym S\u0105czu. W<\/span> <span dir=\"ltr\" role=\"presentation\">okresie zabor\u00f3w zacz\u0119to r\u00f3wnie\u017c dostrzega\u0107 fakt <\/span><span dir=\"ltr\" role=\"presentation\">i\u017c wsp\u00f3lna gra, uprawianie \u0107wicze\u0144, wycieczki rowerowe czy wio\u015blarskie spe\u0142niaj\u0105 <\/span><span dir=\"ltr\" role=\"presentation\">rol\u0119 wychowawcz\u0105, a<\/span> <span dir=\"ltr\" role=\"presentation\">tak\u017ce potrafi\u0105 jednoczy\u0107, a<\/span> <span dir=\"ltr\" role=\"presentation\">to dla Polak\u00f3w \u017cyj\u0105cych w<\/span> <span dir=\"ltr\" role=\"presentation\">tym cza<\/span><span dir=\"ltr\" role=\"presentation\">sie by\u0142o wa\u017cnym czynnikiem. <\/span><br role=\"presentation\"><span dir=\"ltr\" role=\"presentation\"><span dir=\"ltr\" role=\"presentation\">Czas trwania: 1 godzina lekcyjna<br><\/span><\/span><span dir=\"ltr\" role=\"presentation\"><span dir=\"ltr\" role=\"presentation\">Prowadz\u0105ca: Anna Florek<\/span><\/span><\/li>\n<\/ul>","protected":false},"excerpt":{"rendered":"<p>Zaj\u0119cia realizowane po wcze\u015bniejszym uzgodnieniu terminu.Kontakt: tel. 18 441 02 10 \/ 18 444 35 70, e-mail: kasamg@muzeum.sacz.pl Miasteczko Galicyjskie \u2013 opowiemy, jak wygl\u0105da\u0142o \u017cycie w niewielkich miastach na prze\u0142omie XIX i XX wieku, ilustrowana ekspozycj\u0105 muzealn\u0105.Czas trwania: 1 godzina lekcyjnaProwadz\u0105ca: Anna Borkowska O przedwojennym sporcie na S\u0105decczy\u017anieTematem lekcji jest ukazanie postrzegania sportu przed I i II wojn\u0105 \u015bwiatow\u0105, pocz\u0105tki rozwoju poszczeg\u00f3lnych dyscyplin i towarzystw kt\u00f3re popularyzowa\u0142y aktywno\u015b\u0107 fizyczn\u0105 oraz przedstawienie pierwszych sukces\u00f3w i pora\u017cek S\u0105deczan na arenie og\u00f3lnopolskiej. S\u0105deczanie d\u0142ugo nie zdawali sobie sprawy ze znaczenia dba\u0142o\u015bci o t\u0119\u017cyzn\u0119 fizyczn\u0105, zmiany w tej kwestii nast\u0105pi\u0142y w 2 po\u0142. XIX w. wraz z wprowadzeniem obowi\u0105zkowych zaj\u0119\u0107 gimnastyki do wszystkich szk\u00f3\u0142 ludowych i \u015brednich w ca\u0142ej Austrii. To w\u0142a\u015bnie szko\u0142y da\u0142y pocz\u0105tek historii wychowania fizycznego i sportowego w Nowym S\u0105czu. W okresie zabor\u00f3w zacz\u0119to r\u00f3wnie\u017c dostrzega\u0107 fakt i\u017c wsp\u00f3lna gra, uprawianie \u0107wicze\u0144, wycieczki rowerowe czy wio\u015blarskie spe\u0142niaj\u0105 rol\u0119 wychowawcz\u0105, a tak\u017ce potrafi\u0105 jednoczy\u0107, a to dla Polak\u00f3w \u017cyj\u0105cych w tym czasie by\u0142o wa\u017cnym czynnikiem. Czas trwania: 1 godzina lekcyjnaProwadz\u0105ca: Anna Florek<\/p>\n","protected":false},"author":1,"featured_media":0,"parent":0,"menu_order":0,"comment_status":"closed","ping_status":"closed","template":"","meta":[],"_links":{"self":[{"href":"https:\/\/www.miasteczko-galicyjskie.pl\/index.php?rest_route=\/wp\/v2\/pages\/3264"}],"collection":[{"href":"https:\/\/www.miasteczko-galicyjskie.pl\/index.php?rest_route=\/wp\/v2\/pages"}],"about":[{"href":"https:\/\/www.miasteczko-galicyjskie.pl\/index.php?rest_route=\/wp\/v2\/types\/page"}],"author":[{"embeddable":true,"href":"https:\/\/www.miasteczko-galicyjskie.pl\/index.php?rest_route=\/wp\/v2\/users\/1"}],"replies":[{"embeddable":true,"href":"https:\/\/www.miasteczko-galicyjskie.pl\/index.php?rest_route=%2Fwp%2Fv2%2Fcomments&post=3264"}],"version-history":[{"count":14,"href":"https:\/\/www.miasteczko-galicyjskie.pl\/index.php?rest_route=\/wp\/v2\/pages\/3264\/revisions"}],"predecessor-version":[{"id":4855,"href":"https:\/\/www.miasteczko-galicyjskie.pl\/index.php?rest_route=\/wp\/v2\/pages\/3264\/revisions\/4855"}],"wp:attachment":[{"href":"https:\/\/www.miasteczko-galicyjskie.pl\/index.php?rest_route=%2Fwp%2Fv2%2Fmedia&parent=3264"}],"curies":[{"name":"wp","href":"https:\/\/api.w.org\/{rel}","templated":true}]}}