{"id":3248,"date":"2021-10-08T08:52:02","date_gmt":"2021-10-08T08:52:02","guid":{"rendered":"http:\/\/www.miasteczko-galicyjskie.pl\/?page_id=3248"},"modified":"2021-10-08T09:58:21","modified_gmt":"2021-10-08T09:58:21","slug":"pracownia-jak-malowana-konkurs-plastyczny","status":"publish","type":"page","link":"https:\/\/www.miasteczko-galicyjskie.pl\/?page_id=3248","title":{"rendered":"\u201ePracownia jak malowana\u2026\u201d   &#8211; konkurs plastyczny"},"content":{"rendered":"\n<div style=\"height:38px\" aria-hidden=\"true\" class=\"wp-block-spacer\"><\/div>\n\n\n\n<p>Zapraszamy wszystkie dzieci w wieku przedszkolnym oraz uczni\u00f3w z klas 1-3 szk\u00f3\u0142 podstawowych do wzi\u0119cia udzia\u0142u w konkursie plastycznym \u201ePRACOWNIA JAK MALOWANA\u2026\u201d.<\/p>\n\n\n\n<p>Co trzeba zrobi\u0107, aby wzi\u0105\u0107 udzia\u0142 w konkursie?<\/p>\n\n\n\n<p>Wykonaj prac\u0119 plastyczn\u0105 przedstawiaj\u0105c\u0105 wybran\u0105 pracowni\u0119 Miasteczka Galicyjskiego przy u\u017cyciu dowolnej techniki, w formacie nie wi\u0119kszym ni\u017c A3, inspirowan\u0105 wycieczk\u0105 lub wirtualnym spacerem po Miasteczku Galicyjskim w Nowym S\u0105czu. &nbsp;<br>Ka\u017cdy uczestnik mo\u017ce wys\u0142a\u0107\/przekaza\u0107 maksymalnie jedn\u0105 prac\u0119.<br>Prac\u0119 konkursow\u0105 nale\u017cy:<br>a) zeskanowa\u0107\/sfotografowa\u0107 i w formacie JPG lub PNG wys\u0142a\u0107 na adres e-mail: miasteczko@muzeum.sacz.pl<br>b) przes\u0142a\u0107 poczt\u0105 lub dostarczy\u0107 osobi\u015bcie do Miasteczka Galicyjskiego codziennie w godzinach 8.00 \u2013 16.00 (ul. Lwowska 226, 33-300 Nowy S\u0105cz).<br>TERMIN NADSY\u0141ANIA PRAC: do 25.10.2021 r.<\/p>\n\n\n\n<p>Prace b\u0119d\u0105 oceniane i nagradzane w dw\u00f3ch kategoriach wiekowych:<br>\u2013 I kategoria wiekowa: 3-6 lat<br>\u2013 II kategoria wiekowa: 7-9 lat<\/p>\n\n\n\n<p>W ka\u017cdej kategorii wiekowej zostan\u0105 przyznane I, II, III miejsca.<\/p>\n\n\n\n<p>Z prac konkursowych zostanie utworzona wystawa on-line, kt\u00f3r\u0105 b\u0119dzie mo\u017cna ogl\u0105da\u0107 na stronie internetowej Miasteczka Galicyjskiego oraz na miasteczkowym profilu Facebook.<\/p>\n\n\n<p><a href=\"http:\/\/www.miasteczko-galicyjskie.pl\/wp-content\/uploads\/2021\/10\/REGULAMIN-KONKURSU-PLASTYCZNEGO.pdf\">Regulamin konkursu<\/a><\/p>\n<p><a href=\"http:\/\/www.miasteczko-galicyjskie.pl\/wp-content\/uploads\/2021\/10\/Zalacznik-nr-1_konkurs.pdf\">Karta zg\u0142oszenia<\/a><\/p>\n<p><a href=\"http:\/\/www.miasteczko-galicyjskie.pl\/wp-content\/uploads\/2021\/10\/Zalacznik-nr-2_konkurs.pdf\">O\u015bwiadczenie<\/a><\/p>\n\n\n<div style=\"height:62px\" aria-hidden=\"true\" class=\"wp-block-spacer\"><\/div>\n\n\n\n<figure class=\"wp-block-image size-large is-style-default\"><img loading=\"lazy\" width=\"1024\" height=\"536\" src=\"http:\/\/www.miasteczko-galicyjskie.pl\/wp-content\/uploads\/2021\/10\/FB-MIASTECZKO-PRACOWNIE-2021-new-1024x536.jpg\" alt=\"\" class=\"wp-image-3249\" srcset=\"https:\/\/www.miasteczko-galicyjskie.pl\/wp-content\/uploads\/2021\/10\/FB-MIASTECZKO-PRACOWNIE-2021-new-1024x536.jpg 1024w, https:\/\/www.miasteczko-galicyjskie.pl\/wp-content\/uploads\/2021\/10\/FB-MIASTECZKO-PRACOWNIE-2021-new-300x157.jpg 300w, https:\/\/www.miasteczko-galicyjskie.pl\/wp-content\/uploads\/2021\/10\/FB-MIASTECZKO-PRACOWNIE-2021-new-768x402.jpg 768w, https:\/\/www.miasteczko-galicyjskie.pl\/wp-content\/uploads\/2021\/10\/FB-MIASTECZKO-PRACOWNIE-2021-new-1536x804.jpg 1536w, https:\/\/www.miasteczko-galicyjskie.pl\/wp-content\/uploads\/2021\/10\/FB-MIASTECZKO-PRACOWNIE-2021-new-2048x1072.jpg 2048w, https:\/\/www.miasteczko-galicyjskie.pl\/wp-content\/uploads\/2021\/10\/FB-MIASTECZKO-PRACOWNIE-2021-new-1140x596.jpg 1140w\" sizes=\"(max-width: 1024px) 100vw, 1024px\" \/><\/figure>\n","protected":false},"excerpt":{"rendered":"<p>Zapraszamy wszystkie dzieci w wieku przedszkolnym oraz uczni\u00f3w z klas 1-3 szk\u00f3\u0142 podstawowych do wzi\u0119cia udzia\u0142u w konkursie plastycznym \u201ePRACOWNIA JAK MALOWANA\u2026\u201d. Co trzeba zrobi\u0107, aby wzi\u0105\u0107 udzia\u0142 w konkursie? Wykonaj prac\u0119 plastyczn\u0105 przedstawiaj\u0105c\u0105 wybran\u0105 pracowni\u0119 Miasteczka Galicyjskiego przy u\u017cyciu dowolnej techniki, w formacie nie wi\u0119kszym ni\u017c A3, inspirowan\u0105 wycieczk\u0105 lub wirtualnym spacerem po Miasteczku Galicyjskim w Nowym S\u0105czu. &nbsp;Ka\u017cdy uczestnik mo\u017ce wys\u0142a\u0107\/przekaza\u0107 maksymalnie jedn\u0105 prac\u0119.Prac\u0119 konkursow\u0105 nale\u017cy:a) zeskanowa\u0107\/sfotografowa\u0107 i w formacie JPG lub PNG wys\u0142a\u0107 na adres e-mail: miasteczko@muzeum.sacz.plb) przes\u0142a\u0107 poczt\u0105 lub dostarczy\u0107 osobi\u015bcie do Miasteczka Galicyjskiego codziennie w godzinach 8.00 \u2013 16.00 (ul. Lwowska 226, 33-300 Nowy S\u0105cz).TERMIN NADSY\u0141ANIA PRAC: do 25.10.2021 r. Prace b\u0119d\u0105 oceniane i nagradzane w dw\u00f3ch kategoriach wiekowych:\u2013 I kategoria wiekowa: 3-6 lat\u2013 II kategoria wiekowa: 7-9 lat W ka\u017cdej kategorii wiekowej zostan\u0105 przyznane I, II, III miejsca. Z prac konkursowych zostanie utworzona wystawa on-line, kt\u00f3r\u0105 b\u0119dzie mo\u017cna ogl\u0105da\u0107 na stronie internetowej Miasteczka Galicyjskiego oraz na miasteczkowym profilu Facebook. Regulamin konkursu Karta zg\u0142oszenia O\u015bwiadczenie<\/p>\n","protected":false},"author":1,"featured_media":0,"parent":0,"menu_order":0,"comment_status":"closed","ping_status":"closed","template":"","meta":[],"_links":{"self":[{"href":"https:\/\/www.miasteczko-galicyjskie.pl\/index.php?rest_route=\/wp\/v2\/pages\/3248"}],"collection":[{"href":"https:\/\/www.miasteczko-galicyjskie.pl\/index.php?rest_route=\/wp\/v2\/pages"}],"about":[{"href":"https:\/\/www.miasteczko-galicyjskie.pl\/index.php?rest_route=\/wp\/v2\/types\/page"}],"author":[{"embeddable":true,"href":"https:\/\/www.miasteczko-galicyjskie.pl\/index.php?rest_route=\/wp\/v2\/users\/1"}],"replies":[{"embeddable":true,"href":"https:\/\/www.miasteczko-galicyjskie.pl\/index.php?rest_route=%2Fwp%2Fv2%2Fcomments&post=3248"}],"version-history":[{"count":5,"href":"https:\/\/www.miasteczko-galicyjskie.pl\/index.php?rest_route=\/wp\/v2\/pages\/3248\/revisions"}],"predecessor-version":[{"id":3261,"href":"https:\/\/www.miasteczko-galicyjskie.pl\/index.php?rest_route=\/wp\/v2\/pages\/3248\/revisions\/3261"}],"wp:attachment":[{"href":"https:\/\/www.miasteczko-galicyjskie.pl\/index.php?rest_route=%2Fwp%2Fv2%2Fmedia&parent=3248"}],"curies":[{"name":"wp","href":"https:\/\/api.w.org\/{rel}","templated":true}]}}