{"id":2973,"date":"2021-07-08T07:23:43","date_gmt":"2021-07-08T07:23:43","guid":{"rendered":"http:\/\/www.miasteczko-galicyjskie.pl\/?page_id=2973"},"modified":"2024-08-21T06:21:12","modified_gmt":"2024-08-21T06:21:12","slug":"zapisy-na-galicyjski-kiermasz-staroci","status":"publish","type":"page","link":"https:\/\/www.miasteczko-galicyjskie.pl\/?page_id=2973","title":{"rendered":"Zapisy na Galicyjski Kiermasz Staroci"},"content":{"rendered":"\n<div style=\"height:37px\" aria-hidden=\"true\" class=\"wp-block-spacer\"><\/div>\n\n\n<p>ZASADY UDZIA\u0141U:<\/p>\n<p>Aby wzi\u0105\u0107\u00a0<strong>udzia\u0142 jako wystawca<\/strong>\u00a0w Galicyjskim Kiermaszu Staroci w Miasteczku Galicyjskim nale\u017cy wype\u0142ni\u0107 <a href=\"https:\/\/www.miasteczko-galicyjskie.pl\/?page_id=4792\">Formularz Zg\u0142oszeniowy<\/a>\u00a0 lub <a href=\"https:\/\/www.miasteczko-galicyjskie.pl\/wp-content\/uploads\/2024\/08\/KARTA-ZGLOSZENIA-Galicyjski-Kiermasz-Staroci.pdf\">Kart\u0119 Zg\u0142oszenia<\/a> i wraz podpisanym <a href=\"https:\/\/www.miasteczko-galicyjskie.pl\/wp-content\/uploads\/2024\/08\/Regulamin-KIERMASZU-STAROCI.pdf\">Regulaminem<\/a> przes\u0142a\u0107:<br \/>\u2013 na adres e-mailowy: d.sowinska@muzeum.sacz.pl<br \/>\u2013 poczt\u0105 tradycyjn\u0105 na adres: Miasteczko Galicyjskie, ul. Lwowska 226, 33-300 Nowy S\u0105cz)<br \/>lub dostarczy\u0107 osobi\u015bcie (Miasteczko Galicyjskie, pn. \u2013 pt. w godz. 8.00 \u2013 16.00)<\/p>\n<p><strong>Uiszczenie op\u0142aty akredytacyjnej w wysoko\u015bci 60 z\u0142 brutto po potwierdzeniu przyj\u0119cia karty zg\u0142oszenia!<\/strong><\/p>\n<p>Zg\u0142oszenia b\u0119d\u0105 przyjmowane do 11 wrze\u015bnia 2024 r.<\/p>\n<p>Wp\u0142aty nale\u017cy dokona\u0107 do dnia 12 wrze\u015bnia b.r. w punkcie kasowym Miasteczka Galicyjskiego lub na konto Muzeum Ziemi S\u0105deckiej (nr rachunku: 40 1500 1559 1215 5000 8864 0000)<\/p>\n\n\n<div style=\"height:29px\" aria-hidden=\"true\" class=\"wp-block-spacer\"><\/div>\n\n\n\n<p>Karta zg\u0142oszenia<\/p>\n\n\n\n<p>Regulamin<\/p>\n\n\n\n<div style=\"height:32px\" aria-hidden=\"true\" class=\"wp-block-spacer\"><\/div>\n\n\n\n<p>Organizator:<br>Muzeum Ziemi S\u0105deckiej \u2013 Miasteczko Galicyjskie<br>Osoba odpowiedzialna: Danuta Sowi\u0144ska<br>e-mail: d.sowinska@muzeum.sacz.pl<br>tel. (18) 444 35 70 wew. 106, pn. \u2013 pt. w godz. 7.30 \u2013 15.30<\/p>\n\n\n\n<p><br><\/p>\n","protected":false},"excerpt":{"rendered":"<p>ZASADY UDZIA\u0141U: Aby wzi\u0105\u0107\u00a0udzia\u0142 jako wystawca\u00a0w Galicyjskim Kiermaszu Staroci w Miasteczku Galicyjskim nale\u017cy wype\u0142ni\u0107 Formularz Zg\u0142oszeniowy\u00a0 lub Kart\u0119 Zg\u0142oszenia i wraz podpisanym Regulaminem przes\u0142a\u0107:\u2013 na adres e-mailowy: d.sowinska@muzeum.sacz.pl\u2013 poczt\u0105 tradycyjn\u0105 na adres: Miasteczko Galicyjskie, ul. Lwowska 226, 33-300 Nowy S\u0105cz)lub dostarczy\u0107 osobi\u015bcie (Miasteczko Galicyjskie, pn. \u2013 pt. w godz. 8.00 \u2013 16.00) Uiszczenie op\u0142aty akredytacyjnej w wysoko\u015bci 60 z\u0142 brutto po potwierdzeniu przyj\u0119cia karty zg\u0142oszenia! Zg\u0142oszenia b\u0119d\u0105 przyjmowane do 11 wrze\u015bnia 2024 r. Wp\u0142aty nale\u017cy dokona\u0107 do dnia 12 wrze\u015bnia b.r. w punkcie kasowym Miasteczka Galicyjskiego lub na konto Muzeum Ziemi S\u0105deckiej (nr rachunku: 40 1500 1559 1215 5000 8864 0000) Karta zg\u0142oszenia Regulamin Organizator:Muzeum Ziemi S\u0105deckiej \u2013 Miasteczko GalicyjskieOsoba odpowiedzialna: Danuta Sowi\u0144skae-mail: d.sowinska@muzeum.sacz.pltel. (18) 444 35 70 wew. 106, pn. \u2013 pt. w godz. 7.30 \u2013 15.30<\/p>\n","protected":false},"author":1,"featured_media":0,"parent":0,"menu_order":0,"comment_status":"closed","ping_status":"closed","template":"","meta":[],"_links":{"self":[{"href":"https:\/\/www.miasteczko-galicyjskie.pl\/index.php?rest_route=\/wp\/v2\/pages\/2973"}],"collection":[{"href":"https:\/\/www.miasteczko-galicyjskie.pl\/index.php?rest_route=\/wp\/v2\/pages"}],"about":[{"href":"https:\/\/www.miasteczko-galicyjskie.pl\/index.php?rest_route=\/wp\/v2\/types\/page"}],"author":[{"embeddable":true,"href":"https:\/\/www.miasteczko-galicyjskie.pl\/index.php?rest_route=\/wp\/v2\/users\/1"}],"replies":[{"embeddable":true,"href":"https:\/\/www.miasteczko-galicyjskie.pl\/index.php?rest_route=%2Fwp%2Fv2%2Fcomments&post=2973"}],"version-history":[{"count":31,"href":"https:\/\/www.miasteczko-galicyjskie.pl\/index.php?rest_route=\/wp\/v2\/pages\/2973\/revisions"}],"predecessor-version":[{"id":4831,"href":"https:\/\/www.miasteczko-galicyjskie.pl\/index.php?rest_route=\/wp\/v2\/pages\/2973\/revisions\/4831"}],"wp:attachment":[{"href":"https:\/\/www.miasteczko-galicyjskie.pl\/index.php?rest_route=%2Fwp%2Fv2%2Fmedia&parent=2973"}],"curies":[{"name":"wp","href":"https:\/\/api.w.org\/{rel}","templated":true}]}}