{"id":2903,"date":"2021-07-01T06:33:29","date_gmt":"2021-07-01T06:33:29","guid":{"rendered":"http:\/\/www.miasteczko-galicyjskie.pl\/?page_id=2903"},"modified":"2025-09-25T10:39:31","modified_gmt":"2025-09-25T10:39:31","slug":"xiii-zlot-zabytkowych-pojazdow","status":"publish","type":"page","link":"https:\/\/www.miasteczko-galicyjskie.pl\/?page_id=2903","title":{"rendered":"XVIII Zlot Zabytkowych Pojazd\u00f3w"},"content":{"rendered":"\n<div style=\"height:25px\" aria-hidden=\"true\" class=\"wp-block-spacer\"><\/div>\n\n\n<h4>&nbsp;<\/h4>\n<h3 style=\"text-align: center;\">W pierwszy weekend sierpnia w Miasteczku Galicyjskim wielkie \u015aWI\u0118TO MOTORYZACJI!<\/h3>\n\n\n<div style=\"height:16px\" aria-hidden=\"true\" class=\"wp-block-spacer\"><\/div>\n\n\n\n<div class=\"wp-block-image is-style-default\"><figure class=\"aligncenter size-large\"><img loading=\"lazy\" width=\"1024\" height=\"683\" src=\"http:\/\/www.miasteczko-galicyjskie.pl\/wp-content\/uploads\/2024\/01\/727A0637-1024x683.jpg\" alt=\"\" class=\"wp-image-4493\" srcset=\"https:\/\/www.miasteczko-galicyjskie.pl\/wp-content\/uploads\/2024\/01\/727A0637-1024x683.jpg 1024w, https:\/\/www.miasteczko-galicyjskie.pl\/wp-content\/uploads\/2024\/01\/727A0637-300x200.jpg 300w, https:\/\/www.miasteczko-galicyjskie.pl\/wp-content\/uploads\/2024\/01\/727A0637-768x512.jpg 768w, https:\/\/www.miasteczko-galicyjskie.pl\/wp-content\/uploads\/2024\/01\/727A0637-1536x1024.jpg 1536w, https:\/\/www.miasteczko-galicyjskie.pl\/wp-content\/uploads\/2024\/01\/727A0637-2048x1365.jpg 2048w, https:\/\/www.miasteczko-galicyjskie.pl\/wp-content\/uploads\/2024\/01\/727A0637-1140x760.jpg 1140w\" sizes=\"(max-width: 1024px) 100vw, 1024px\" \/><\/figure><\/div>\n\n\n\n<div style=\"height:32px\" aria-hidden=\"true\" class=\"wp-block-spacer\"><\/div>\n\n\n<p>Znawc\u00f3w i mi\u0142o\u015bnik\u00f3w starych aut i motocykli, motoryzacyjnych majsterkowicz\u00f3w, producent\u00f3w cz\u0119\u015bci do pojazd\u00f3w retro, zapraszamy do udzia\u0142u <strong>w <\/strong><strong>\u201eXVIII Zlocie Zabytkowych Pojazd\u00f3w\u201d<\/strong>, kt\u00f3ry odb\u0119dzie si\u0119 w dniach 1 &#8211; 2 sierpnia 2026r. Jest to wyj\u0105tkowe wydarzenie motoryzacyjne realizowane przez Muzeum Ziemi S\u0105deckiej. W programie zaplanowano m.in. ekspozycje pojazd\u00f3w na terenie Miasteczka Galicyjskiego, parad\u0119 ulicami Nowego S\u0105cza. <strong>Imprezie towarzyszy\u0107 b\u0119d\u0105 <\/strong>konkursy sprawno\u015bciowe i tematyczne dla uczestnik\u00f3w zlotu i publiczno\u015bci.<\/p>\n<p>Zg\u0142oszenia przyjmujemy od 1 maja do 17 lipca 2026 r.<\/p>\n<p>Szczeg\u00f3\u0142y: <a href=\"http:\/\/www.miasteczko-galicyjskie.pl\/?page_id=2903&amp;fbclid=IwAR2i2JGC5xU6Q0yd7IbTsDcRy2XKbA6Gr6BW1nay5cwHi8JgshAxIqALpfM\">www.miasteczko-galicyjskie.pl<\/a><\/p>\n<p>Zainteresowanych prosimy o kontakt:<\/p>\n<p>Biuro Zlotu:<\/p>\n<p>tel. 18 444 35 70 \/ 785190726<\/p>\n<p>e-mail: <a href=\"mailto:miasteczko@muzeum.sacz.pl\">miasteczko@muzeum.sacz.pl<\/a><\/p>\n<p><u>\u00a0<\/u><\/p>\n<p><u>Informacje dla uczestnik\u00f3w:<\/u><\/p>\n<ol>\n<li>W zlocie mog\u0105 wzi\u0105\u0107 udzia\u0142 wy\u0142\u0105cznie pojazdy w stanie oryginalnym lub odrestaurowane do takiego stanu (unikatowe).<\/li>\n<li>Pojazd zg\u0142oszony do udzia\u0142u w Zlocie, musi by\u0107 sprawny technicznie i posiada\u0107 wa\u017cn\u0105 polis\u0119 ubezpieczeniow\u0105.<\/li>\n<\/ol>\n<p><strong>\u00a0<\/strong><\/p>\n<p><strong>Op\u0142ata akredytacyjna:<\/strong><\/p>\n<ul>\n<li>osoba doros\u0142a: <strong>&#8230;&#8230;&#8230;&#8230;.<\/strong><\/li>\n<li>dziecko (4-12 lat): <strong>&#8230;&#8230;&#8230;&#8230;.<\/strong><\/li>\n<li>dziecko do 4 lat: <strong>gratis<\/strong><\/li>\n<\/ul>\n<p>W ramach op\u0142aty akredytacyjnej Organizator zapewnia:<\/p>\n<ul>\n<li>pakiet startowy,<\/li>\n<li>udzia\u0142 w wydarzeniach towarzysz\u0105cych:<\/li>\n<li>wy\u017cywienie (dzie\u0144 I: obiad i kolacja, dzie\u0144 II: \u015bniadanie i obiad)<\/li>\n<\/ul>\n<p><u>Organizator nie pokrywa koszt\u00f3w przejazd\u00f3w oraz koszt\u00f3w zakwaterowania.<\/u><\/p>\n<p>Zg\u0142oszenia przyjmowane s\u0105 <strong>od 01.05.2026 do 17.07.2026 r. na podstawie <\/strong>wype\u0142nionej i przes\u0142anej<strong> karty zg\u0142oszenia <\/strong>oraz podpisanego <strong>regulaminu<\/strong> na adres e-mail: <a href=\"mailto:miasteczko@muzeum.sacz.pl\">miasteczko@muzeum.sacz.pl<\/a>.<\/p>\n<p>Po otrzymaniu karty zg\u0142oszenia Organizator prze\u015ble POTWIERDZENIE UDZIA\u0141U W ZLOCIE, na podstawie kt\u00f3rego uczestnik ui\u015bci op\u0142at\u0119 akredytacyjn\u0105 w ci\u0105gu 7 dni na konto Muzeum Ziemi S\u0105deckiej, nr rachunku: 40 1500 1559 1215 5000 8864 0000 \u2013 tytu\u0142em \u201e<em>XVIII ZLOT imi\u0119 i nazwisko\u201d<\/em>\u00a0 wraz z pe\u0142nymi danymi Firmy\/osoby na kt\u00f3r\u0105 nale\u017cy wystawi\u0107 faktur\u0119.<\/p>\n<p>KARTA ZG\u0141OSZENIA ON-LINE \u00a0\u00a0<br \/>KARTA ZG\u0141OSZENIA PDF <span style=\"color: #ff0000;\">\u00a0<\/span><br \/>REGULAMIN PDF\u00a0<\/p>\n<p><strong>Organizator:<\/strong><\/p>\n<p>MA\u0141OPOLSKA<br \/>Muzeum Ziemi S\u0105deckiej \u2013 oddzia\u0142 Miasteczko Galicyjskie<\/p>\n<p>\u00a0<\/p>\n<p><strong><em>Zainteresowanych prosimy o kontakt:<\/em><\/strong><\/p>\n<p><strong><em>Biuro Zlotu:<\/em><\/strong><\/p>\n<p><strong><em>tel. 18\u00a0444 35 70 \/ 785190726<\/em><\/strong><\/p>\n<p><strong><em>e-mail: <a href=\"mailto:miasteczko@muzeum.sacz.pl\">miasteczko@muzeum.sacz.pl<\/a><\/em><\/strong><\/p>\n<p>\u00a0<\/p>\n\n\n<p><\/p>\n","protected":false},"excerpt":{"rendered":"<p>&nbsp; W pierwszy weekend sierpnia w Miasteczku Galicyjskim wielkie \u015aWI\u0118TO MOTORYZACJI! Znawc\u00f3w i mi\u0142o\u015bnik\u00f3w starych aut i motocykli, motoryzacyjnych majsterkowicz\u00f3w, producent\u00f3w cz\u0119\u015bci do pojazd\u00f3w retro, zapraszamy do udzia\u0142u w \u201eXVIII Zlocie Zabytkowych Pojazd\u00f3w\u201d, kt\u00f3ry odb\u0119dzie si\u0119 w dniach 1 &#8211; 2 sierpnia 2026r. Jest to wyj\u0105tkowe wydarzenie motoryzacyjne realizowane przez Muzeum Ziemi S\u0105deckiej. W programie zaplanowano m.in. ekspozycje pojazd\u00f3w na terenie Miasteczka Galicyjskiego, parad\u0119 ulicami Nowego S\u0105cza. Imprezie towarzyszy\u0107 b\u0119d\u0105 konkursy sprawno\u015bciowe i tematyczne dla uczestnik\u00f3w zlotu i publiczno\u015bci. Zg\u0142oszenia przyjmujemy od 1 maja do 17 lipca 2026 r. Szczeg\u00f3\u0142y: www.miasteczko-galicyjskie.pl Zainteresowanych prosimy o kontakt: Biuro Zlotu: tel. 18 444 35 70 \/ 785190726 e-mail: miasteczko@muzeum.sacz.pl \u00a0 Informacje dla uczestnik\u00f3w: W zlocie mog\u0105 wzi\u0105\u0107 udzia\u0142 wy\u0142\u0105cznie pojazdy w stanie oryginalnym lub odrestaurowane do takiego stanu (unikatowe). Pojazd zg\u0142oszony do udzia\u0142u w Zlocie, musi by\u0107 sprawny technicznie i posiada\u0107 wa\u017cn\u0105 polis\u0119 ubezpieczeniow\u0105. \u00a0 Op\u0142ata akredytacyjna: osoba doros\u0142a: &#8230;&#8230;&#8230;&#8230;. dziecko (4-12 lat): &#8230;&#8230;&#8230;&#8230;. dziecko do 4 lat: gratis W ramach op\u0142aty akredytacyjnej Organizator zapewnia: pakiet startowy, udzia\u0142 w wydarzeniach towarzysz\u0105cych: wy\u017cywienie (dzie\u0144 I: obiad i kolacja, dzie\u0144 II: \u015bniadanie i obiad) Organizator nie pokrywa koszt\u00f3w przejazd\u00f3w oraz koszt\u00f3w zakwaterowania. Zg\u0142oszenia przyjmowane s\u0105 od 01.05.2026 do 17.07.2026 r. na podstawie wype\u0142nionej i przes\u0142anej karty zg\u0142oszenia oraz podpisanego regulaminu na adres e-mail: miasteczko@muzeum.sacz.pl. Po otrzymaniu karty zg\u0142oszenia Organizator prze\u015ble POTWIERDZENIE UDZIA\u0141U W ZLOCIE, na podstawie kt\u00f3rego uczestnik ui\u015bci op\u0142at\u0119 akredytacyjn\u0105 w ci\u0105gu 7 dni na konto Muzeum Ziemi S\u0105deckiej, nr rachunku: 40 1500 1559 1215 5000 8864 0000 \u2013 tytu\u0142em \u201eXVIII ZLOT imi\u0119 i nazwisko\u201d\u00a0 wraz z pe\u0142nymi danymi Firmy\/osoby na kt\u00f3r\u0105 nale\u017cy wystawi\u0107 faktur\u0119. KARTA ZG\u0141OSZENIA ON-LINE \u00a0\u00a0KARTA ZG\u0141OSZENIA PDF \u00a0REGULAMIN PDF\u00a0 Organizator: MA\u0141OPOLSKAMuzeum Ziemi S\u0105deckiej \u2013 oddzia\u0142 Miasteczko Galicyjskie \u00a0 Zainteresowanych prosimy o kontakt: Biuro Zlotu: tel. 18\u00a0444 35 70 \/ 785190726 e-mail: miasteczko@muzeum.sacz.pl \u00a0<\/p>\n","protected":false},"author":1,"featured_media":0,"parent":0,"menu_order":0,"comment_status":"closed","ping_status":"closed","template":"","meta":[],"_links":{"self":[{"href":"https:\/\/www.miasteczko-galicyjskie.pl\/index.php?rest_route=\/wp\/v2\/pages\/2903"}],"collection":[{"href":"https:\/\/www.miasteczko-galicyjskie.pl\/index.php?rest_route=\/wp\/v2\/pages"}],"about":[{"href":"https:\/\/www.miasteczko-galicyjskie.pl\/index.php?rest_route=\/wp\/v2\/types\/page"}],"author":[{"embeddable":true,"href":"https:\/\/www.miasteczko-galicyjskie.pl\/index.php?rest_route=\/wp\/v2\/users\/1"}],"replies":[{"embeddable":true,"href":"https:\/\/www.miasteczko-galicyjskie.pl\/index.php?rest_route=%2Fwp%2Fv2%2Fcomments&post=2903"}],"version-history":[{"count":108,"href":"https:\/\/www.miasteczko-galicyjskie.pl\/index.php?rest_route=\/wp\/v2\/pages\/2903\/revisions"}],"predecessor-version":[{"id":5190,"href":"https:\/\/www.miasteczko-galicyjskie.pl\/index.php?rest_route=\/wp\/v2\/pages\/2903\/revisions\/5190"}],"wp:attachment":[{"href":"https:\/\/www.miasteczko-galicyjskie.pl\/index.php?rest_route=%2Fwp%2Fv2%2Fmedia&parent=2903"}],"curies":[{"name":"wp","href":"https:\/\/api.w.org\/{rel}","templated":true}]}}