{"id":2511,"date":"2021-01-25T13:34:34","date_gmt":"2021-01-25T13:34:34","guid":{"rendered":"http:\/\/www.miasteczko-galicyjskie.pl\/?page_id=2511"},"modified":"2021-01-25T13:52:07","modified_gmt":"2021-01-25T13:52:07","slug":"lokal-1430-m2","status":"publish","type":"page","link":"https:\/\/www.miasteczko-galicyjskie.pl\/?page_id=2511","title":{"rendered":"Lokal 14,30 m2"},"content":{"rendered":"<h4 style=\"text-align: center;\">Zaplecze Atelier fotograficznego<\/h4>\n\n\n<div style=\"height:36px\" aria-hidden=\"true\" class=\"wp-block-spacer\"><\/div>\n\n\n\n<p>Pomieszczenie o powierzchni 14, 30 m2 znajduj\u0105ce si\u0119 w budynku atelier fotograficznego oraz pracowni zegarmistrzowskiej w Miasteczku Galicyjskim.<\/p>\n\n\n\n<ul><li>ulokowane jako dodatkowe pomieszczenie\/zaplecze w atelier fotograficznym (budynek wyposa\u017cony w toalet\u0119, niskie progi u\u0142atwiaj\u0105ce wjazd w\u00f3zkom inwalidzkim)<\/li><li>ulokowane w pobli\u017cu budynku ratusza, gdzie znajduj\u0105 si\u0119 sale konferencyjne, hotel oraz kawiarnia<\/li><li>&nbsp;pomieszczenie wyposa\u017cone w o\u015bwietlenie naturalne i sztuczne z cz\u0119\u015bci\u0105 przeznaczon\u0105 na ciemni\u0119 fotograficzn\u0105<\/li><li>wystr\u00f3j zgodny z zabytkowym charakterem budynku<\/li><li>z dost\u0119pem do Internetu<\/li><li>pomieszczenie przeznaczone na prowadzenie dzia\u0142alno\u015bci gospodarczej (wytw\u00f3rczej, us\u0142ugowej, zawodowej) zgodnie z charakterem przyleg\u0142ej pracowni<\/li><\/ul>\n\n\n\n<div style=\"height:43px\" aria-hidden=\"true\" class=\"wp-block-spacer\"><\/div>\n\n\n\n<figure class=\"wp-block-gallery columns-3 is-cropped\"><ul class=\"blocks-gallery-grid\"><li class=\"blocks-gallery-item\"><figure><img loading=\"lazy\" width=\"1024\" height=\"768\" src=\"http:\/\/www.miasteczko-galicyjskie.pl\/wp-content\/uploads\/2021\/01\/af3-1024x768.jpg\" alt=\"\" data-id=\"2519\" data-full-url=\"http:\/\/www.miasteczko-galicyjskie.pl\/wp-content\/uploads\/2021\/01\/af3.jpg\" data-link=\"http:\/\/www.miasteczko-galicyjskie.pl\/?attachment_id=2519\" class=\"wp-image-2519\" srcset=\"https:\/\/www.miasteczko-galicyjskie.pl\/wp-content\/uploads\/2021\/01\/af3-1024x768.jpg 1024w, https:\/\/www.miasteczko-galicyjskie.pl\/wp-content\/uploads\/2021\/01\/af3-300x225.jpg 300w, https:\/\/www.miasteczko-galicyjskie.pl\/wp-content\/uploads\/2021\/01\/af3-768x576.jpg 768w, https:\/\/www.miasteczko-galicyjskie.pl\/wp-content\/uploads\/2021\/01\/af3-1536x1152.jpg 1536w, https:\/\/www.miasteczko-galicyjskie.pl\/wp-content\/uploads\/2021\/01\/af3-1140x855.jpg 1140w, https:\/\/www.miasteczko-galicyjskie.pl\/wp-content\/uploads\/2021\/01\/af3.jpg 2048w\" sizes=\"(max-width: 1024px) 100vw, 1024px\" \/><figcaption class=\"blocks-gallery-item__caption\"><a href=\"http:\/\/www.miasteczko-galicyjskie.pl\/wp-content\/uploads\/2021\/01\/af3.jpg\">POWI\u0118KSZ<\/a><\/figcaption><\/figure><\/li><li class=\"blocks-gallery-item\"><figure><img loading=\"lazy\" width=\"768\" height=\"1024\" src=\"http:\/\/www.miasteczko-galicyjskie.pl\/wp-content\/uploads\/2021\/01\/af2-1-768x1024.jpg\" alt=\"\" data-id=\"2513\" data-full-url=\"http:\/\/www.miasteczko-galicyjskie.pl\/wp-content\/uploads\/2021\/01\/af2-1.jpg\" data-link=\"http:\/\/www.miasteczko-galicyjskie.pl\/?attachment_id=2513\" class=\"wp-image-2513\" srcset=\"https:\/\/www.miasteczko-galicyjskie.pl\/wp-content\/uploads\/2021\/01\/af2-1-768x1024.jpg 768w, https:\/\/www.miasteczko-galicyjskie.pl\/wp-content\/uploads\/2021\/01\/af2-1-225x300.jpg 225w, https:\/\/www.miasteczko-galicyjskie.pl\/wp-content\/uploads\/2021\/01\/af2-1-1152x1536.jpg 1152w, https:\/\/www.miasteczko-galicyjskie.pl\/wp-content\/uploads\/2021\/01\/af2-1-1140x1520.jpg 1140w, https:\/\/www.miasteczko-galicyjskie.pl\/wp-content\/uploads\/2021\/01\/af2-1.jpg 1536w\" sizes=\"(max-width: 768px) 100vw, 768px\" \/><figcaption class=\"blocks-gallery-item__caption\"><a href=\"http:\/\/www.miasteczko-galicyjskie.pl\/wp-content\/uploads\/2021\/01\/af2-1.jpg\">POWI\u0118KSZ<\/a><\/figcaption><\/figure><\/li><li class=\"blocks-gallery-item\"><figure><img loading=\"lazy\" width=\"768\" height=\"1024\" src=\"http:\/\/www.miasteczko-galicyjskie.pl\/wp-content\/uploads\/2021\/01\/af2-2-768x1024.jpg\" alt=\"\" data-id=\"2514\" data-full-url=\"http:\/\/www.miasteczko-galicyjskie.pl\/wp-content\/uploads\/2021\/01\/af2-2.jpg\" data-link=\"http:\/\/www.miasteczko-galicyjskie.pl\/?attachment_id=2514\" class=\"wp-image-2514\" srcset=\"https:\/\/www.miasteczko-galicyjskie.pl\/wp-content\/uploads\/2021\/01\/af2-2-768x1024.jpg 768w, https:\/\/www.miasteczko-galicyjskie.pl\/wp-content\/uploads\/2021\/01\/af2-2-225x300.jpg 225w, https:\/\/www.miasteczko-galicyjskie.pl\/wp-content\/uploads\/2021\/01\/af2-2-1152x1536.jpg 1152w, https:\/\/www.miasteczko-galicyjskie.pl\/wp-content\/uploads\/2021\/01\/af2-2-1140x1520.jpg 1140w, https:\/\/www.miasteczko-galicyjskie.pl\/wp-content\/uploads\/2021\/01\/af2-2.jpg 1536w\" sizes=\"(max-width: 768px) 100vw, 768px\" \/><figcaption class=\"blocks-gallery-item__caption\"><a href=\"http:\/\/www.miasteczko-galicyjskie.pl\/wp-content\/uploads\/2021\/01\/af2-2.jpg\">POWI\u0118KSZ<\/a><\/figcaption><\/figure><\/li><\/ul><\/figure>\n\n\n\n<p><\/p>\n","protected":false},"excerpt":{"rendered":"<p>Zaplecze Atelier fotograficznego Pomieszczenie o powierzchni 14, 30 m2 znajduj\u0105ce si\u0119 w budynku atelier fotograficznego oraz pracowni zegarmistrzowskiej w Miasteczku Galicyjskim. ulokowane jako dodatkowe pomieszczenie\/zaplecze w atelier fotograficznym (budynek wyposa\u017cony w toalet\u0119, niskie progi u\u0142atwiaj\u0105ce wjazd w\u00f3zkom inwalidzkim) ulokowane w pobli\u017cu budynku ratusza, gdzie znajduj\u0105 si\u0119 sale konferencyjne, hotel oraz kawiarnia &nbsp;pomieszczenie wyposa\u017cone w o\u015bwietlenie naturalne i sztuczne z cz\u0119\u015bci\u0105 przeznaczon\u0105 na ciemni\u0119 fotograficzn\u0105 wystr\u00f3j zgodny z zabytkowym charakterem budynku z dost\u0119pem do Internetu pomieszczenie przeznaczone na prowadzenie dzia\u0142alno\u015bci gospodarczej (wytw\u00f3rczej, us\u0142ugowej, zawodowej) zgodnie z charakterem przyleg\u0142ej pracowni<\/p>\n","protected":false},"author":1,"featured_media":0,"parent":0,"menu_order":0,"comment_status":"closed","ping_status":"closed","template":"","meta":[],"_links":{"self":[{"href":"https:\/\/www.miasteczko-galicyjskie.pl\/index.php?rest_route=\/wp\/v2\/pages\/2511"}],"collection":[{"href":"https:\/\/www.miasteczko-galicyjskie.pl\/index.php?rest_route=\/wp\/v2\/pages"}],"about":[{"href":"https:\/\/www.miasteczko-galicyjskie.pl\/index.php?rest_route=\/wp\/v2\/types\/page"}],"author":[{"embeddable":true,"href":"https:\/\/www.miasteczko-galicyjskie.pl\/index.php?rest_route=\/wp\/v2\/users\/1"}],"replies":[{"embeddable":true,"href":"https:\/\/www.miasteczko-galicyjskie.pl\/index.php?rest_route=%2Fwp%2Fv2%2Fcomments&post=2511"}],"version-history":[{"count":3,"href":"https:\/\/www.miasteczko-galicyjskie.pl\/index.php?rest_route=\/wp\/v2\/pages\/2511\/revisions"}],"predecessor-version":[{"id":2521,"href":"https:\/\/www.miasteczko-galicyjskie.pl\/index.php?rest_route=\/wp\/v2\/pages\/2511\/revisions\/2521"}],"wp:attachment":[{"href":"https:\/\/www.miasteczko-galicyjskie.pl\/index.php?rest_route=%2Fwp%2Fv2%2Fmedia&parent=2511"}],"curies":[{"name":"wp","href":"https:\/\/api.w.org\/{rel}","templated":true}]}}