{"id":2463,"date":"2021-01-21T12:42:01","date_gmt":"2021-01-21T12:42:01","guid":{"rendered":"http:\/\/www.miasteczko-galicyjskie.pl\/?page_id=2463"},"modified":"2021-01-25T13:34:53","modified_gmt":"2021-01-25T13:34:53","slug":"zaplecze-w-pracowni-zegarmistrzowskiej","status":"publish","type":"page","link":"https:\/\/www.miasteczko-galicyjskie.pl\/?page_id=2463","title":{"rendered":"Lokal 15,20 m2"},"content":{"rendered":"<h4 style=\"text-align: center;\">Zaplecze Pracowni zegarmistrzowskiej<\/h4>\n<p><strong>\u00a0<\/strong><\/p>\n<p>Pomieszczenie o powierzchni 15,20 m2 znajduj\u0105ce si\u0119 w budynku atelier fotograficznego oraz pracowni zegarmistrzowskiej w Miasteczku Galicyjskim.<\/p>\n<ul>\n<li>ulokowane jako dodatkowe pomieszczenie\/zaplecze w pracowni zegarmistrzowskiej (budynek wyposa\u017cony w toalet\u0119, niskie progi umo\u017cliwiaj\u0105ce wjazd w\u00f3zkom inwalidzkim);<\/li>\n<li>ulokowane w pobli\u017cu budynku ratusza, gdzie znajduj\u0105 si\u0119 sale konferencyjne, hotel oraz kawiarnia;<\/li>\n<li>pomieszczenie jasne, wyposa\u017cone w o\u015bwietlenie naturalne oraz sztuczne;<\/li>\n<li>wystr\u00f3j zgodny z zabytkowym charakterem budynku<\/li>\n<li>z dost\u0119pem do Internetu;<\/li>\n<li>pomieszczenie przeznaczone na prowadzenie dzia\u0142alno\u015bci gospodarczej (wytw\u00f3rczej, us\u0142ugowej, handlowej), zgodnie z charakterem przyleg\u0142ej pracowni.<\/li>\n<\/ul>\n\n\n<div style=\"height:51px\" aria-hidden=\"true\" class=\"wp-block-spacer\"><\/div>\n\n\n\n<figure class=\"wp-block-gallery aligncenter columns-2 is-cropped\"><ul class=\"blocks-gallery-grid\"><li class=\"blocks-gallery-item\"><figure><img loading=\"lazy\" width=\"1024\" height=\"683\" src=\"http:\/\/www.miasteczko-galicyjskie.pl\/wp-content\/uploads\/2021\/01\/NX2A9811-1024x683.jpg\" alt=\"\" data-id=\"2476\" data-full-url=\"http:\/\/www.miasteczko-galicyjskie.pl\/wp-content\/uploads\/2021\/01\/NX2A9811-scaled.jpg\" data-link=\"http:\/\/www.miasteczko-galicyjskie.pl\/?attachment_id=2476\" class=\"wp-image-2476\" srcset=\"https:\/\/www.miasteczko-galicyjskie.pl\/wp-content\/uploads\/2021\/01\/NX2A9811-1024x683.jpg 1024w, https:\/\/www.miasteczko-galicyjskie.pl\/wp-content\/uploads\/2021\/01\/NX2A9811-300x200.jpg 300w, https:\/\/www.miasteczko-galicyjskie.pl\/wp-content\/uploads\/2021\/01\/NX2A9811-768x512.jpg 768w, https:\/\/www.miasteczko-galicyjskie.pl\/wp-content\/uploads\/2021\/01\/NX2A9811-1536x1024.jpg 1536w, https:\/\/www.miasteczko-galicyjskie.pl\/wp-content\/uploads\/2021\/01\/NX2A9811-2048x1365.jpg 2048w, https:\/\/www.miasteczko-galicyjskie.pl\/wp-content\/uploads\/2021\/01\/NX2A9811-1140x760.jpg 1140w\" sizes=\"(max-width: 1024px) 100vw, 1024px\" \/><figcaption class=\"blocks-gallery-item__caption\"><a href=\"http:\/\/www.miasteczko-galicyjskie.pl\/wp-content\/uploads\/2021\/01\/NX2A9811-scaled.jpg\">POWI\u0118KSZ<\/a><\/figcaption><\/figure><\/li><li class=\"blocks-gallery-item\"><figure><img loading=\"lazy\" width=\"768\" height=\"1024\" src=\"http:\/\/www.miasteczko-galicyjskie.pl\/wp-content\/uploads\/2021\/01\/140179933_437317477710313_3051431214644117277_n-768x1024.jpg\" alt=\"\" data-id=\"2464\" data-full-url=\"http:\/\/www.miasteczko-galicyjskie.pl\/wp-content\/uploads\/2021\/01\/140179933_437317477710313_3051431214644117277_n.jpg\" data-link=\"http:\/\/www.miasteczko-galicyjskie.pl\/?attachment_id=2464\" class=\"wp-image-2464\" srcset=\"https:\/\/www.miasteczko-galicyjskie.pl\/wp-content\/uploads\/2021\/01\/140179933_437317477710313_3051431214644117277_n-768x1024.jpg 768w, https:\/\/www.miasteczko-galicyjskie.pl\/wp-content\/uploads\/2021\/01\/140179933_437317477710313_3051431214644117277_n-225x300.jpg 225w, https:\/\/www.miasteczko-galicyjskie.pl\/wp-content\/uploads\/2021\/01\/140179933_437317477710313_3051431214644117277_n-1152x1536.jpg 1152w, https:\/\/www.miasteczko-galicyjskie.pl\/wp-content\/uploads\/2021\/01\/140179933_437317477710313_3051431214644117277_n-1140x1520.jpg 1140w, https:\/\/www.miasteczko-galicyjskie.pl\/wp-content\/uploads\/2021\/01\/140179933_437317477710313_3051431214644117277_n.jpg 1536w\" sizes=\"(max-width: 768px) 100vw, 768px\" \/><figcaption class=\"blocks-gallery-item__caption\"><a href=\"http:\/\/www.miasteczko-galicyjskie.pl\/wp-content\/uploads\/2021\/01\/140179933_437317477710313_3051431214644117277_n.jpg\">POWI\u0118KSZ<\/a><\/figcaption><\/figure><\/li><\/ul><\/figure>\n","protected":false},"excerpt":{"rendered":"<p>Zaplecze Pracowni zegarmistrzowskiej \u00a0 Pomieszczenie o powierzchni 15,20 m2 znajduj\u0105ce si\u0119 w budynku atelier fotograficznego oraz pracowni zegarmistrzowskiej w Miasteczku Galicyjskim. ulokowane jako dodatkowe pomieszczenie\/zaplecze w pracowni zegarmistrzowskiej (budynek wyposa\u017cony w toalet\u0119, niskie progi umo\u017cliwiaj\u0105ce wjazd w\u00f3zkom inwalidzkim); ulokowane w pobli\u017cu budynku ratusza, gdzie znajduj\u0105 si\u0119 sale konferencyjne, hotel oraz kawiarnia; pomieszczenie jasne, wyposa\u017cone w o\u015bwietlenie naturalne oraz sztuczne; wystr\u00f3j zgodny z zabytkowym charakterem budynku z dost\u0119pem do Internetu; pomieszczenie przeznaczone na prowadzenie dzia\u0142alno\u015bci gospodarczej (wytw\u00f3rczej, us\u0142ugowej, handlowej), zgodnie z charakterem przyleg\u0142ej pracowni.<\/p>\n","protected":false},"author":1,"featured_media":0,"parent":0,"menu_order":0,"comment_status":"closed","ping_status":"closed","template":"","meta":[],"_links":{"self":[{"href":"https:\/\/www.miasteczko-galicyjskie.pl\/index.php?rest_route=\/wp\/v2\/pages\/2463"}],"collection":[{"href":"https:\/\/www.miasteczko-galicyjskie.pl\/index.php?rest_route=\/wp\/v2\/pages"}],"about":[{"href":"https:\/\/www.miasteczko-galicyjskie.pl\/index.php?rest_route=\/wp\/v2\/types\/page"}],"author":[{"embeddable":true,"href":"https:\/\/www.miasteczko-galicyjskie.pl\/index.php?rest_route=\/wp\/v2\/users\/1"}],"replies":[{"embeddable":true,"href":"https:\/\/www.miasteczko-galicyjskie.pl\/index.php?rest_route=%2Fwp%2Fv2%2Fcomments&post=2463"}],"version-history":[{"count":19,"href":"https:\/\/www.miasteczko-galicyjskie.pl\/index.php?rest_route=\/wp\/v2\/pages\/2463\/revisions"}],"predecessor-version":[{"id":2516,"href":"https:\/\/www.miasteczko-galicyjskie.pl\/index.php?rest_route=\/wp\/v2\/pages\/2463\/revisions\/2516"}],"wp:attachment":[{"href":"https:\/\/www.miasteczko-galicyjskie.pl\/index.php?rest_route=%2Fwp%2Fv2%2Fmedia&parent=2463"}],"curies":[{"name":"wp","href":"https:\/\/api.w.org\/{rel}","templated":true}]}}