{"id":2434,"date":"2021-01-21T09:01:39","date_gmt":"2021-01-21T09:01:39","guid":{"rendered":"http:\/\/www.miasteczko-galicyjskie.pl\/?page_id=2434"},"modified":"2024-01-24T09:01:25","modified_gmt":"2024-01-24T09:01:25","slug":"biblioteka-specjalistyczna","status":"publish","type":"page","link":"https:\/\/www.miasteczko-galicyjskie.pl\/?page_id=2434","title":{"rendered":"BIBLIOTEKA"},"content":{"rendered":"\n<h1 class=\"has-text-align-center\">SPECJALISTYCZNA <br><\/h1>\n\n\n\n<h2 class=\"has-text-align-center\">   <\/h2>\n\n\n<h5 style=\"text-align: center;\">Muzeum Ziemi S\u0105deckiej<\/h5>\n\n\n<div style=\"height:47px\" aria-hidden=\"true\" class=\"wp-block-spacer\"><\/div>\n\n\n\n<div class=\"wp-block-columns\">\n<div class=\"wp-block-column\">\n<p style=\"text-align: center;\">Adres:<br>Miasteczko Galicyjskie <br>ul. Lwowska 226, 33-300 Nowy S\u0105cz<\/p>\n<\/div>\n\n\n\n<div class=\"wp-block-column\">\n<p style=\"text-align: center;\">Kontakt:<br>Tel: (018) 441-02-10 wew. 154<br>E-mail <a href=\"mailto:biblioteka@muzeum.sacz.pl\">biblioteka@muzeum.sacz.pl<\/a><\/p>\n<\/div>\n<\/div>\n\n\n\n<div style=\"height:31px\" aria-hidden=\"true\" class=\"wp-block-spacer\"><\/div>\n\n\n<p style=\"text-align: center;\"><strong>Czytelnia biblioteczna czynna:<\/strong> <br>poniedzia\u0142ek \u2013 pi\u0105tek <br>godz.: 8.00 &#8211; 15.00<\/p>\n\n\n<div class=\"wp-block-image\"><figure class=\"aligncenter size-large is-resized\"><img loading=\"lazy\" src=\"http:\/\/www.miasteczko-galicyjskie.pl\/wp-content\/uploads\/2021\/01\/biblioteka.jpg\" alt=\"\" class=\"wp-image-2435\" width=\"580\" height=\"336\" srcset=\"https:\/\/www.miasteczko-galicyjskie.pl\/wp-content\/uploads\/2021\/01\/biblioteka.jpg 800w, https:\/\/www.miasteczko-galicyjskie.pl\/wp-content\/uploads\/2021\/01\/biblioteka-300x174.jpg 300w, https:\/\/www.miasteczko-galicyjskie.pl\/wp-content\/uploads\/2021\/01\/biblioteka-768x445.jpg 768w\" sizes=\"(max-width: 580px) 100vw, 580px\" \/><\/figure><\/div>\n\n\n\n<div style=\"height:49px\" aria-hidden=\"true\" class=\"wp-block-spacer\"><\/div>\n\n\n\n<div class=\"wp-block-buttons aligncenter\">\n<div class=\"wp-block-button\"><a class=\"wp-block-button__link has-text-color has-background\" href=\"https:\/\/www.nowysacz-muzeum.sowwwa.pl\/\" style=\"border-radius:50px;background:linear-gradient(135deg,rgb(135,9,53) 0%,rgb(179,22,22) 100%);color:#fffffa\">Katalog ksi\u0119gozbioru<\/a><\/div>\n<\/div>\n\n\n\n<p><\/p>\n\n\n\n<figure class=\"wp-block-image size-large is-resized\"><a href=\"https:\/\/www.facebook.com\/Biblioteka-Specjalistyczna-Muzeum-Okr%C4%99gowego-1842066066063864\/?ref=page_internal\"><img loading=\"lazy\" src=\"http:\/\/www.miasteczko-galicyjskie.pl\/wp-content\/uploads\/2021\/01\/fb.png\" alt=\"\" class=\"wp-image-2455\" width=\"71\" height=\"53\" srcset=\"https:\/\/www.miasteczko-galicyjskie.pl\/wp-content\/uploads\/2021\/01\/fb.png 1000w, https:\/\/www.miasteczko-galicyjskie.pl\/wp-content\/uploads\/2021\/01\/fb-300x225.png 300w, https:\/\/www.miasteczko-galicyjskie.pl\/wp-content\/uploads\/2021\/01\/fb-768x576.png 768w\" sizes=\"(max-width: 71px) 100vw, 71px\" \/><\/a><\/figure>\n\n\n\n<p><\/p>\n","protected":false},"excerpt":{"rendered":"<p>SPECJALISTYCZNA Muzeum Ziemi S\u0105deckiej Adres:Miasteczko Galicyjskie ul. Lwowska 226, 33-300 Nowy S\u0105cz Kontakt:Tel: (018) 441-02-10 wew. 154E-mail biblioteka@muzeum.sacz.pl Czytelnia biblioteczna czynna: poniedzia\u0142ek \u2013 pi\u0105tek godz.: 8.00 &#8211; 15.00<\/p>\n","protected":false},"author":1,"featured_media":0,"parent":0,"menu_order":0,"comment_status":"closed","ping_status":"closed","template":"","meta":[],"_links":{"self":[{"href":"https:\/\/www.miasteczko-galicyjskie.pl\/index.php?rest_route=\/wp\/v2\/pages\/2434"}],"collection":[{"href":"https:\/\/www.miasteczko-galicyjskie.pl\/index.php?rest_route=\/wp\/v2\/pages"}],"about":[{"href":"https:\/\/www.miasteczko-galicyjskie.pl\/index.php?rest_route=\/wp\/v2\/types\/page"}],"author":[{"embeddable":true,"href":"https:\/\/www.miasteczko-galicyjskie.pl\/index.php?rest_route=\/wp\/v2\/users\/1"}],"replies":[{"embeddable":true,"href":"https:\/\/www.miasteczko-galicyjskie.pl\/index.php?rest_route=%2Fwp%2Fv2%2Fcomments&post=2434"}],"version-history":[{"count":26,"href":"https:\/\/www.miasteczko-galicyjskie.pl\/index.php?rest_route=\/wp\/v2\/pages\/2434\/revisions"}],"predecessor-version":[{"id":4518,"href":"https:\/\/www.miasteczko-galicyjskie.pl\/index.php?rest_route=\/wp\/v2\/pages\/2434\/revisions\/4518"}],"wp:attachment":[{"href":"https:\/\/www.miasteczko-galicyjskie.pl\/index.php?rest_route=%2Fwp%2Fv2%2Fmedia&parent=2434"}],"curies":[{"name":"wp","href":"https:\/\/api.w.org\/{rel}","templated":true}]}}