{"id":2301,"date":"2020-11-02T11:40:17","date_gmt":"2020-11-02T11:40:17","guid":{"rendered":"http:\/\/www.miasteczko-galicyjskie.pl\/?page_id=2301"},"modified":"2020-11-02T13:19:01","modified_gmt":"2020-11-02T13:19:01","slug":"muzealne-eksponaty-nie-tylko-dla-mamy-i-taty","status":"publish","type":"page","link":"https:\/\/www.miasteczko-galicyjskie.pl\/?page_id=2301","title":{"rendered":"Trasa dla najm\u0142odszych"},"content":{"rendered":"<h4 style=\"text-align: center;\">Muzealne eksponaty &#8211; nie tylko dla mamy i taty<\/h4>\n<p>&nbsp;<\/p>\n<p>Drodzy Rodzice!<\/p>\n<p>&nbsp;<\/p>\n<p>Zapraszamy Was i Wasze pociechy do odbycia <strong>fascynuj\u0105cej podr\u00f3\u017cy po Miasteczku Galicyjskim<\/strong>, podczas kt\u00f3rej poznacie niezwyk\u0142e sekrety i tajemnice eksponat\u00f3w muzealnych!<\/p>\n<p>Atrakcj\u0105 dla dzieci (i nie tylko!) b\u0119dzie mo\u017cliwo\u015b\u0107 zwiedzenia wn\u0119trz remizy stra\u017cackiej, zak\u0142adu fryzjerskiego, krawieckiego, pracowni fotografa i zegarmistrza, warsztatu snycerza i garncarza, sklepu kolonialnego, starej apteki i poczty. W budynkach spotkacie pracownik\u00f3w muzeum, kt\u00f3rzy ciekawie opowiadaj\u0105 o ekspozycji, odpowiadaj\u0105 na pytania zwiedzaj\u0105cych.<\/p>\n<p>Dzi\u0119ki wsp\u00f3\u0142pracy z\u00a0Fundacj\u0105 \u201eTrasa dla\u00a0Bobasa\u201d, na\u00a0dzieci czekaj\u0105 <strong>mini-przewodniki<\/strong> (plansze) z opisem ekspozycji dostosowanym do dziecka <strong>w wieku przedszkolnym i wczesnoszkolnym (6-9 lat),<\/strong> pe\u0142ne muzealnych ciekawostek i\u00a0zagadek. Podczas rodzinnego zwiedzania u\u0142atwi\u0105 one przekazanie dzieciom wiedzy o\u00a0poszczeg\u00f3lnych ekspozycjach, lokalnej historii i\u00a0tradycji.<\/p>\n<p>Plansze s\u0105 dost\u0119pne w kasie Miasteczka Galicyjskiego<\/p>\n<div class=\"article__paragraph\">\n<div class=\"article__paragraph-item\">\n<div class=\"article__text\">\n<div class=\"article__text-paragraph\"><\/div>\n<\/div>\n<\/div>\n<\/div>\n<p>Szczeg\u00f3\u0142y na <a href=\"http:\/\/www.trasadlabobasa.pl\">www.trasadlabobasa.pl<\/a><\/p>\n<p><img loading=\"lazy\" class=\"alignnone wp-image-2302\" src=\"http:\/\/www.miasteczko-galicyjskie.pl\/wp-content\/uploads\/2020\/11\/f_w_78218_58ebc-300x230.jpg\" alt=\"\" width=\"293\" height=\"224\" srcset=\"https:\/\/www.miasteczko-galicyjskie.pl\/wp-content\/uploads\/2020\/11\/f_w_78218_58ebc-300x230.jpg 300w, https:\/\/www.miasteczko-galicyjskie.pl\/wp-content\/uploads\/2020\/11\/f_w_78218_58ebc.jpg 600w\" sizes=\"(max-width: 293px) 100vw, 293px\" \/><\/p>\n","protected":false},"excerpt":{"rendered":"<p>Muzealne eksponaty &#8211; nie tylko dla mamy i taty &nbsp; Drodzy Rodzice! &nbsp; Zapraszamy Was i Wasze pociechy do odbycia fascynuj\u0105cej podr\u00f3\u017cy po Miasteczku Galicyjskim, podczas kt\u00f3rej poznacie niezwyk\u0142e sekrety i tajemnice eksponat\u00f3w muzealnych! Atrakcj\u0105 dla dzieci (i nie tylko!) b\u0119dzie mo\u017cliwo\u015b\u0107 zwiedzenia wn\u0119trz remizy stra\u017cackiej, zak\u0142adu fryzjerskiego, krawieckiego, pracowni fotografa i zegarmistrza, warsztatu snycerza i garncarza, sklepu kolonialnego, starej apteki i poczty. W budynkach spotkacie pracownik\u00f3w muzeum, kt\u00f3rzy ciekawie opowiadaj\u0105 o ekspozycji, odpowiadaj\u0105 na pytania zwiedzaj\u0105cych. Dzi\u0119ki wsp\u00f3\u0142pracy z\u00a0Fundacj\u0105 \u201eTrasa dla\u00a0Bobasa\u201d, na\u00a0dzieci czekaj\u0105 mini-przewodniki (plansze) z opisem ekspozycji dostosowanym do dziecka w wieku przedszkolnym i wczesnoszkolnym (6-9 lat), pe\u0142ne muzealnych ciekawostek i\u00a0zagadek. Podczas rodzinnego zwiedzania u\u0142atwi\u0105 one przekazanie dzieciom wiedzy o\u00a0poszczeg\u00f3lnych ekspozycjach, lokalnej historii i\u00a0tradycji. Plansze s\u0105 dost\u0119pne w kasie Miasteczka Galicyjskiego Szczeg\u00f3\u0142y na www.trasadlabobasa.pl<\/p>\n","protected":false},"author":1,"featured_media":0,"parent":0,"menu_order":0,"comment_status":"closed","ping_status":"closed","template":"","meta":[],"_links":{"self":[{"href":"https:\/\/www.miasteczko-galicyjskie.pl\/index.php?rest_route=\/wp\/v2\/pages\/2301"}],"collection":[{"href":"https:\/\/www.miasteczko-galicyjskie.pl\/index.php?rest_route=\/wp\/v2\/pages"}],"about":[{"href":"https:\/\/www.miasteczko-galicyjskie.pl\/index.php?rest_route=\/wp\/v2\/types\/page"}],"author":[{"embeddable":true,"href":"https:\/\/www.miasteczko-galicyjskie.pl\/index.php?rest_route=\/wp\/v2\/users\/1"}],"replies":[{"embeddable":true,"href":"https:\/\/www.miasteczko-galicyjskie.pl\/index.php?rest_route=%2Fwp%2Fv2%2Fcomments&post=2301"}],"version-history":[{"count":7,"href":"https:\/\/www.miasteczko-galicyjskie.pl\/index.php?rest_route=\/wp\/v2\/pages\/2301\/revisions"}],"predecessor-version":[{"id":2311,"href":"https:\/\/www.miasteczko-galicyjskie.pl\/index.php?rest_route=\/wp\/v2\/pages\/2301\/revisions\/2311"}],"wp:attachment":[{"href":"https:\/\/www.miasteczko-galicyjskie.pl\/index.php?rest_route=%2Fwp%2Fv2%2Fmedia&parent=2301"}],"curies":[{"name":"wp","href":"https:\/\/api.w.org\/{rel}","templated":true}]}}