{"id":2,"date":"2018-03-19T08:45:17","date_gmt":"2018-03-19T08:45:17","guid":{"rendered":"http:\/\/www.miasteczko-galicyjskie.pl\/?page_id=2"},"modified":"2024-10-08T12:45:06","modified_gmt":"2024-10-08T12:45:06","slug":"about","status":"publish","type":"page","link":"https:\/\/www.miasteczko-galicyjskie.pl\/?page_id=2","title":{"rendered":"Miasteczko"},"content":{"rendered":"<h4 style=\"text-align: center;\">Miasteczko Galicyjskie &#8211; oddzia\u0142 Muzeum Ziemi S\u0105deckiej<\/h4>\n<h6 style=\"text-align: center;\">(Instytucja Kultury Wojew\u00f3dztwa Ma\u0142opolskiego)<\/h6>\n<p>Miasteczko Galicyjskie stanowi przestrze\u0144 inspiracji, kolektywnego prze\u017cywania, \u0142\u0105czenia idei, sp\u0119dzania wsp\u00f3lnie czasu, eksperymentowania, przy jednoczesnym poszanowaniu dziedzictwa i lokalnej to\u017csamo\u015bci. To tak\u017ce miejsce gotowe do wsp\u00f3\u0142pracy z innymi o\u015brodkami w wojew\u00f3dztwie i ca\u0142ym kraju, otwarte na wymian\u0119 mi\u0119dzynarodow\u0105.<\/p>\n<p>Poza&nbsp; pe\u0142nieniem funkcji muzealnej i naukowo-dydaktycznej jest przede wszystkim zapleczem konferencyjnym, hotelowym, gastronomicznym, handlowym, a tak\u017ce wystawienniczym.<\/p>\n<p>Nasze logotypy:<\/p>\n<p><a href=\"http:\/\/www.miasteczko-galicyjskie.pl\/wp-content\/uploads\/2018\/07\/Logo-MG.jpg\"><img loading=\"lazy\" class=\"alignnone size-medium wp-image-318\" src=\"http:\/\/www.miasteczko-galicyjskie.pl\/wp-content\/uploads\/2018\/07\/Logo-MG-300x91.jpg\" alt=\"\" width=\"300\" height=\"91\" srcset=\"https:\/\/www.miasteczko-galicyjskie.pl\/wp-content\/uploads\/2018\/07\/Logo-MG-300x91.jpg 300w, https:\/\/www.miasteczko-galicyjskie.pl\/wp-content\/uploads\/2018\/07\/Logo-MG-768x233.jpg 768w, https:\/\/www.miasteczko-galicyjskie.pl\/wp-content\/uploads\/2018\/07\/Logo-MG-1024x311.jpg 1024w, https:\/\/www.miasteczko-galicyjskie.pl\/wp-content\/uploads\/2018\/07\/Logo-MG-1140x346.jpg 1140w\" sizes=\"(max-width: 300px) 100vw, 300px\" \/><\/a><\/p>\n<p><a href=\"http:\/\/www.miasteczko-galicyjskie.pl\/wp-content\/uploads\/2018\/07\/Miasteczko-Galicyjskie.jpg\"><img loading=\"lazy\" class=\"size-medium wp-image-321 alignnone\" src=\"http:\/\/www.miasteczko-galicyjskie.pl\/wp-content\/uploads\/2018\/07\/Miasteczko-Galicyjskie-300x170.jpg\" alt=\"\" width=\"300\" height=\"170\" srcset=\"https:\/\/www.miasteczko-galicyjskie.pl\/wp-content\/uploads\/2018\/07\/Miasteczko-Galicyjskie-300x170.jpg 300w, https:\/\/www.miasteczko-galicyjskie.pl\/wp-content\/uploads\/2018\/07\/Miasteczko-Galicyjskie-768x435.jpg 768w, https:\/\/www.miasteczko-galicyjskie.pl\/wp-content\/uploads\/2018\/07\/Miasteczko-Galicyjskie-1024x579.jpg 1024w, https:\/\/www.miasteczko-galicyjskie.pl\/wp-content\/uploads\/2018\/07\/Miasteczko-Galicyjskie-1140x645.jpg 1140w\" sizes=\"(max-width: 300px) 100vw, 300px\" \/><\/a><\/p>\n","protected":false},"excerpt":{"rendered":"<p>Miasteczko Galicyjskie &#8211; oddzia\u0142 Muzeum Ziemi S\u0105deckiej (Instytucja Kultury Wojew\u00f3dztwa Ma\u0142opolskiego) Miasteczko Galicyjskie stanowi przestrze\u0144 inspiracji, kolektywnego prze\u017cywania, \u0142\u0105czenia idei, sp\u0119dzania wsp\u00f3lnie czasu, eksperymentowania, przy jednoczesnym poszanowaniu dziedzictwa i lokalnej to\u017csamo\u015bci. To tak\u017ce miejsce gotowe do wsp\u00f3\u0142pracy z innymi o\u015brodkami w wojew\u00f3dztwie i ca\u0142ym kraju, otwarte na wymian\u0119 mi\u0119dzynarodow\u0105. Poza&nbsp; pe\u0142nieniem funkcji muzealnej i naukowo-dydaktycznej jest przede wszystkim zapleczem konferencyjnym, hotelowym, gastronomicznym, handlowym, a tak\u017ce wystawienniczym. Nasze logotypy:<\/p>\n","protected":false},"author":1,"featured_media":0,"parent":0,"menu_order":0,"comment_status":"closed","ping_status":"closed","template":"","meta":[],"_links":{"self":[{"href":"https:\/\/www.miasteczko-galicyjskie.pl\/index.php?rest_route=\/wp\/v2\/pages\/2"}],"collection":[{"href":"https:\/\/www.miasteczko-galicyjskie.pl\/index.php?rest_route=\/wp\/v2\/pages"}],"about":[{"href":"https:\/\/www.miasteczko-galicyjskie.pl\/index.php?rest_route=\/wp\/v2\/types\/page"}],"author":[{"embeddable":true,"href":"https:\/\/www.miasteczko-galicyjskie.pl\/index.php?rest_route=\/wp\/v2\/users\/1"}],"replies":[{"embeddable":true,"href":"https:\/\/www.miasteczko-galicyjskie.pl\/index.php?rest_route=%2Fwp%2Fv2%2Fcomments&post=2"}],"version-history":[{"count":7,"href":"https:\/\/www.miasteczko-galicyjskie.pl\/index.php?rest_route=\/wp\/v2\/pages\/2\/revisions"}],"predecessor-version":[{"id":4878,"href":"https:\/\/www.miasteczko-galicyjskie.pl\/index.php?rest_route=\/wp\/v2\/pages\/2\/revisions\/4878"}],"wp:attachment":[{"href":"https:\/\/www.miasteczko-galicyjskie.pl\/index.php?rest_route=%2Fwp%2Fv2%2Fmedia&parent=2"}],"curies":[{"name":"wp","href":"https:\/\/api.w.org\/{rel}","templated":true}]}}