{"id":175,"date":"2018-06-29T14:29:09","date_gmt":"2018-06-29T14:29:09","guid":{"rendered":"http:\/\/www.miasteczko-galicyjskie.pl\/?page_id=175"},"modified":"2021-07-19T09:39:29","modified_gmt":"2021-07-19T09:39:29","slug":"filmy","status":"publish","type":"page","link":"https:\/\/www.miasteczko-galicyjskie.pl\/?page_id=175","title":{"rendered":"Filmy"},"content":{"rendered":"\n<div style=\"height:24px\" aria-hidden=\"true\" class=\"wp-block-spacer\"><\/div>\n\n\n<p style=\"text-align: center;\"><strong>Relacja video z Dnia Dziecka w Miasteczku Galicyjskim (1 czerwca 2021 r.)<\/strong><\/p>\n\n\n<div style=\"height:22px\" aria-hidden=\"true\" class=\"wp-block-spacer\"><\/div>\n\n\n\n<figure class=\"wp-block-embed is-type-video is-provider-youtube wp-block-embed-youtube wp-embed-aspect-16-9 wp-has-aspect-ratio\"><div class=\"wp-block-embed__wrapper\">\n<iframe title=\"Dzie\u0144 Dziecka w Miasteczku Galicyjskim \/ 1 czerwca 2021\" width=\"960\" height=\"540\" src=\"https:\/\/www.youtube.com\/embed\/vQZmKDYte5k?feature=oembed\" frameborder=\"0\" allow=\"accelerometer; autoplay; clipboard-write; encrypted-media; gyroscope; picture-in-picture\" allowfullscreen><\/iframe>\n<\/div><\/figure>\n\n\n\n<div style=\"height:19px\" aria-hidden=\"true\" class=\"wp-block-spacer\"><\/div>\n\n\n<p>Zdj\u0119cia, monta\u017c: Jacek Kurzeja<br>Produkcja: Muzeum Okr\u0119gowe w Nowym S\u0105czu<br>Nowy S\u0105cz 2021<\/p>\n\n\n<div style=\"height:33px\" aria-hidden=\"true\" class=\"wp-block-spacer\"><\/div>\n\n\n\n<hr class=\"wp-block-separator\"\/>\n\n\n\n<div style=\"height:36px\" aria-hidden=\"true\" class=\"wp-block-spacer\"><\/div>\n\n\n<p style=\"text-align: center;\"><strong>Relacja video z X Zlotu Zabytkowych Pojazd\u00f3w w Miasteczku Galicyjskim (4-5 sierpnia 2018 r.)<br><\/strong><\/p>\n<p><\/p>\n\n\n<figure class=\"wp-block-embed is-type-video is-provider-youtube wp-block-embed-youtube wp-embed-aspect-16-9 wp-has-aspect-ratio\"><div class=\"wp-block-embed__wrapper\">\n<iframe title=\"X Zlot Zabytkowych Pojazd\u00f3w w Miasteczku Galicyjskim w Nowym S\u0105czu \/ 4 - 5 sierpnia 2018 r.\" width=\"960\" height=\"540\" src=\"https:\/\/www.youtube.com\/embed\/V88dQZmY-Lo?start=4&#038;feature=oembed\" frameborder=\"0\" allow=\"accelerometer; autoplay; clipboard-write; encrypted-media; gyroscope; picture-in-picture\" allowfullscreen><\/iframe>\n<\/div><\/figure>\n\n\n\n<div style=\"height:14px\" aria-hidden=\"true\" class=\"wp-block-spacer\"><\/div>\n\n\n<p>Zdj\u0119cia, monta\u017c: Jacek Kurzeja<br>Produkcja: Muzeum Okr\u0119gowe w Nowym S\u0105czu<br>Nowy S\u0105cz 2018<\/p>\n\n\n<div style=\"height:31px\" aria-hidden=\"true\" class=\"wp-block-spacer\"><\/div>\n\n\n\n<hr class=\"wp-block-separator\"\/>\n\n\n\n<div style=\"height:41px\" aria-hidden=\"true\" class=\"wp-block-spacer\"><\/div>\n\n\n<div id=\"container\" class=\"cufont center text\">\n<p class=\"cufont\" style=\"text-align: center;\"><strong>Miasteczko Galicyjskie zaprasza<br><\/strong><\/p>\n<p><\/p>\n<p class=\"cufont\"><iframe src=\"http:\/\/www.youtube.com\/embed\/LJOor5eCeWs?hl=pl&amp;fs=1\" allowfullscreen=\"allowfullscreen\" data-mce-fragment=\"1\" width=\"640\" height=\"390\" frameborder=\"0\"><\/iframe><\/p>\n<ul id=\"ofertauzup-list\" class=\"parent\"><\/ul>\n<\/div>\n\n\n<div style=\"height:21px\" aria-hidden=\"true\" class=\"wp-block-spacer\"><\/div>\n\n\n<p>Zdj\u0119cia, monta\u017c: Jacek Kurzeja<br>Muzyka: Adam Le\u015bniak<br>Produkcja: Muzeum Okr\u0119gowe w Nowym S\u0105czu<br>Nowy S\u0105cz 2011<\/p>\n\n\n<p><\/p>\n","protected":false},"excerpt":{"rendered":"<p>Relacja video z Dnia Dziecka w Miasteczku Galicyjskim (1 czerwca 2021 r.) Zdj\u0119cia, monta\u017c: Jacek KurzejaProdukcja: Muzeum Okr\u0119gowe w Nowym S\u0105czuNowy S\u0105cz 2021 Relacja video z X Zlotu Zabytkowych Pojazd\u00f3w w Miasteczku Galicyjskim (4-5 sierpnia 2018 r.) Zdj\u0119cia, monta\u017c: Jacek KurzejaProdukcja: Muzeum Okr\u0119gowe w Nowym S\u0105czuNowy S\u0105cz 2018 Miasteczko Galicyjskie zaprasza Zdj\u0119cia, monta\u017c: Jacek KurzejaMuzyka: Adam Le\u015bniakProdukcja: Muzeum Okr\u0119gowe w Nowym S\u0105czuNowy S\u0105cz 2011<\/p>\n","protected":false},"author":1,"featured_media":0,"parent":0,"menu_order":0,"comment_status":"closed","ping_status":"closed","template":"","meta":[],"_links":{"self":[{"href":"https:\/\/www.miasteczko-galicyjskie.pl\/index.php?rest_route=\/wp\/v2\/pages\/175"}],"collection":[{"href":"https:\/\/www.miasteczko-galicyjskie.pl\/index.php?rest_route=\/wp\/v2\/pages"}],"about":[{"href":"https:\/\/www.miasteczko-galicyjskie.pl\/index.php?rest_route=\/wp\/v2\/types\/page"}],"author":[{"embeddable":true,"href":"https:\/\/www.miasteczko-galicyjskie.pl\/index.php?rest_route=\/wp\/v2\/users\/1"}],"replies":[{"embeddable":true,"href":"https:\/\/www.miasteczko-galicyjskie.pl\/index.php?rest_route=%2Fwp%2Fv2%2Fcomments&post=175"}],"version-history":[{"count":11,"href":"https:\/\/www.miasteczko-galicyjskie.pl\/index.php?rest_route=\/wp\/v2\/pages\/175\/revisions"}],"predecessor-version":[{"id":3058,"href":"https:\/\/www.miasteczko-galicyjskie.pl\/index.php?rest_route=\/wp\/v2\/pages\/175\/revisions\/3058"}],"wp:attachment":[{"href":"https:\/\/www.miasteczko-galicyjskie.pl\/index.php?rest_route=%2Fwp%2Fv2%2Fmedia&parent=175"}],"curies":[{"name":"wp","href":"https:\/\/api.w.org\/{rel}","templated":true}]}}