{"id":1704,"date":"2019-01-08T19:28:05","date_gmt":"2019-01-08T19:28:05","guid":{"rendered":"http:\/\/www.miasteczko-galicyjskie.pl\/?page_id=1704"},"modified":"2025-01-21T07:58:43","modified_gmt":"2025-01-21T07:58:43","slug":"galicyjski-kiermasz-staroci","status":"publish","type":"page","link":"https:\/\/www.miasteczko-galicyjskie.pl\/?page_id=1704","title":{"rendered":"Galicyjski Kiermasz Staroci"},"content":{"rendered":"\n<div style=\"height:28px\" aria-hidden=\"true\" class=\"wp-block-spacer\"><\/div>\n\n\n\n<figure class=\"wp-block-image size-large\"><img loading=\"lazy\" width=\"851\" height=\"315\" src=\"https:\/\/www.miasteczko-galicyjskie.pl\/wp-content\/uploads\/2025\/01\/GALICYJSKI-KIERMASZ-STAROCI-baner-prostokatny.jpg\" alt=\"\" class=\"wp-image-4976\" srcset=\"https:\/\/www.miasteczko-galicyjskie.pl\/wp-content\/uploads\/2025\/01\/GALICYJSKI-KIERMASZ-STAROCI-baner-prostokatny.jpg 851w, https:\/\/www.miasteczko-galicyjskie.pl\/wp-content\/uploads\/2025\/01\/GALICYJSKI-KIERMASZ-STAROCI-baner-prostokatny-300x111.jpg 300w, https:\/\/www.miasteczko-galicyjskie.pl\/wp-content\/uploads\/2025\/01\/GALICYJSKI-KIERMASZ-STAROCI-baner-prostokatny-768x284.jpg 768w\" sizes=\"(max-width: 851px) 100vw, 851px\" \/><\/figure>\n\n\n\n<div style=\"height:31px\" aria-hidden=\"true\" class=\"wp-block-spacer\"><\/div>\n\n\n<p>\u00a0<\/p>\n<p>Wszystkich poszukiwaczy starych mebli, obraz\u00f3w, porcelany, szk\u0142a, bi\u017cuterii, element\u00f3w dekoracyjnych z przesz\u0142o\u015bci\u0105 oraz niepowtarzalnych bibelot\u00f3w,\u00a0 zapraszamy 21 wrze\u015bnia 2025 r. w godz. 10.00-16.00 do Miasteczka Galicyjskiego na KIERMASZ STAROCI.<\/p>\n<p>\u00a0<\/p>\n<p><span style=\"color: #ff0000;\">Informujemy, \u00a0\u017ce od dnia 25 sierpnia do 15 wrze\u015bnia \u00a0b.r. przyjmujemy\u00a0 zg\u0142oszenia uczestnictwa <\/span><br \/><span style=\"color: #ff0000;\">w GALICYJSKIM KIERMASZU STAROCI.<\/span><\/p>\n\n\n<div style=\"height:36px\" aria-hidden=\"true\" class=\"wp-block-spacer\"><\/div>\n\n\n\n<div class=\"wp-block-buttons\">\n<div class=\"wp-block-button\"><a class=\"wp-block-button__link\"><\/a><\/div>\n<\/div>\n\n\n\n<div style=\"height:52px\" aria-hidden=\"true\" class=\"wp-block-spacer\"><\/div>\n\n\n\n<div class=\"wp-block-columns\">\n<div class=\"wp-block-column\">\n<p>Podczas kiermaszu odwiedzaj\u0105cy nasze Miasteczko opr\u00f3cz mo\u017cliwo\u015bci wzbogacenia si\u0119 w &nbsp;unikatowe przedmioty, b\u0119d\u0105 mieli r\u00f3wnie\u017c okazj\u0119 pos\u0142ucha\u0107 muzyki w stylu klasycznego street-art&#8217;u w wykonaniu <strong>zespo\u0142u CZARNY MI\u015a,<\/strong> w sk\u0142adzie <span class=\"d2edcug0 hpfvmrgz qv66sw1b c1et5uql lr9zc1uh a8c37x1j fe6kdd0r mau55g9w c8b282yb keod5gw0 nxhoafnm aigsh9s9 ns63r2gh rwim8176 o3w64lxj b2s5l15y hnhda86s oo9gr5id hzawbc8m\" dir=\"auto\"><span class=\"a8c37x1j ni8dbmo4 stjgntxs l9j0dhe7 ltmttdrg g0qnabr5 r8blr3vg\">Janusz Starczynowski &amp; Wojtek N\u0119dza<\/span><\/span>.<\/p>\n<\/div>\n\n\n\n<div class=\"wp-block-column\">\n<figure class=\"wp-block-image size-large is-resized is-style-default\"><img loading=\"lazy\" src=\"http:\/\/www.miasteczko-galicyjskie.pl\/wp-content\/uploads\/2022\/06\/57898d4bd43d237cc83bdbd8095e0a83.jpg\" alt=\"\" class=\"wp-image-3723\" width=\"378\" height=\"320\" srcset=\"https:\/\/www.miasteczko-galicyjskie.pl\/wp-content\/uploads\/2022\/06\/57898d4bd43d237cc83bdbd8095e0a83.jpg 1024w, https:\/\/www.miasteczko-galicyjskie.pl\/wp-content\/uploads\/2022\/06\/57898d4bd43d237cc83bdbd8095e0a83-300x255.jpg 300w, https:\/\/www.miasteczko-galicyjskie.pl\/wp-content\/uploads\/2022\/06\/57898d4bd43d237cc83bdbd8095e0a83-768x652.jpg 768w\" sizes=\"(max-width: 378px) 100vw, 378px\" \/><\/figure>\n<\/div>\n<\/div>\n\n\n\n<div style=\"height:38px\" aria-hidden=\"true\" class=\"wp-block-spacer\"><\/div>\n\n\n<p><strong>AKCJA &#8222;II \u017bYCIE KSI\u0104\u017bKI&#8221;<\/strong><br>Dodatkow\u0105 form\u0105, zainaugurowan\u0105 przez Muzeum Ziemi S\u0105deckiej w 2015 roku, jest <strong>akcja &#8222;II \u017cycie ksi\u0105\u017cki&#8221;<\/strong>. Wszystkich, kt\u00f3rzy chc\u0105 przewietrzy\u0107 swoj\u0105 biblioteczk\u0119, zapraszamy do wzi\u0119cia udzia\u0142u w wielkiej bezp\u0142atnej wymianie ksi\u0105\u017cek!<\/p>\n<p>Przyjd\u017a na Kiermasz Staroci w Mi<span class=\"text_exposed_show\">asteczku Galicyjskim i przynie\u015b ksi\u0105\u017cki, kt\u00f3re chcesz przekaza\u0107 w dobre r\u0119ce, a w zamian zabierzesz inne ciekawe! Ksi\u0105\u017cki, kt\u00f3re nie znajd\u0105 swojego w\u0142a\u015bciciela, trafi\u0105 do nowos\u0105deckiej biblioteki. <br><\/span><\/p>\n\n\n<div style=\"height:46px\" aria-hidden=\"true\" class=\"wp-block-spacer\"><\/div>\n\n\n\n<figure class=\"wp-block-image size-large is-resized\"><img loading=\"lazy\" src=\"http:\/\/www.miasteczko-galicyjskie.pl\/wp-content\/uploads\/2021\/07\/logo_II-zycie-ksiazki-1024x237.jpg\" alt=\"\" class=\"wp-image-3015\" width=\"289\" height=\"67\" srcset=\"https:\/\/www.miasteczko-galicyjskie.pl\/wp-content\/uploads\/2021\/07\/logo_II-zycie-ksiazki-1024x237.jpg 1024w, https:\/\/www.miasteczko-galicyjskie.pl\/wp-content\/uploads\/2021\/07\/logo_II-zycie-ksiazki-300x69.jpg 300w, https:\/\/www.miasteczko-galicyjskie.pl\/wp-content\/uploads\/2021\/07\/logo_II-zycie-ksiazki-768x178.jpg 768w, https:\/\/www.miasteczko-galicyjskie.pl\/wp-content\/uploads\/2021\/07\/logo_II-zycie-ksiazki-1536x355.jpg 1536w, https:\/\/www.miasteczko-galicyjskie.pl\/wp-content\/uploads\/2021\/07\/logo_II-zycie-ksiazki-2048x474.jpg 2048w, https:\/\/www.miasteczko-galicyjskie.pl\/wp-content\/uploads\/2021\/07\/logo_II-zycie-ksiazki-1140x264.jpg 1140w\" sizes=\"(max-width: 289px) 100vw, 289px\" \/><\/figure>\n\n\n\n<div style=\"height:66px\" aria-hidden=\"true\" class=\"wp-block-spacer\"><\/div>\n\n\n<p>Galicyjski Kiermasz Staroci w Miasteczku Galicyjskim to cykliczny projekt, wpisuj\u0105cy si\u0119 w <strong>Europejskie Dni Dziedzictwa Kulturowego,<\/strong> kt\u00f3rego celem jest prezentacja osobliwo\u015bci \u017cycia codziennego z dawnych lat a zarazem integracja \u015brodowiska kolekcjoner\u00f3w, koneser\u00f3w staroci z r\u00f3\u017cnych stron Polski.<\/p>","protected":false},"excerpt":{"rendered":"<p>\u00a0 Wszystkich poszukiwaczy starych mebli, obraz\u00f3w, porcelany, szk\u0142a, bi\u017cuterii, element\u00f3w dekoracyjnych z przesz\u0142o\u015bci\u0105 oraz niepowtarzalnych bibelot\u00f3w,\u00a0 zapraszamy 21 wrze\u015bnia 2025 r. w godz. 10.00-16.00 do Miasteczka Galicyjskiego na KIERMASZ STAROCI. \u00a0 Informujemy, \u00a0\u017ce od dnia 25 sierpnia do 15 wrze\u015bnia \u00a0b.r. przyjmujemy\u00a0 zg\u0142oszenia uczestnictwa w GALICYJSKIM KIERMASZU STAROCI. Podczas kiermaszu odwiedzaj\u0105cy nasze Miasteczko opr\u00f3cz mo\u017cliwo\u015bci wzbogacenia si\u0119 w &nbsp;unikatowe przedmioty, b\u0119d\u0105 mieli r\u00f3wnie\u017c okazj\u0119 pos\u0142ucha\u0107 muzyki w stylu klasycznego street-art&#8217;u w wykonaniu zespo\u0142u CZARNY MI\u015a, w sk\u0142adzie Janusz Starczynowski &amp; Wojtek N\u0119dza. AKCJA &#8222;II \u017bYCIE KSI\u0104\u017bKI&#8221;Dodatkow\u0105 form\u0105, zainaugurowan\u0105 przez Muzeum Ziemi S\u0105deckiej w 2015 roku, jest akcja &#8222;II \u017cycie ksi\u0105\u017cki&#8221;. Wszystkich, kt\u00f3rzy chc\u0105 przewietrzy\u0107 swoj\u0105 biblioteczk\u0119, zapraszamy do wzi\u0119cia udzia\u0142u w wielkiej bezp\u0142atnej wymianie ksi\u0105\u017cek! Przyjd\u017a na Kiermasz Staroci w Miasteczku Galicyjskim i przynie\u015b ksi\u0105\u017cki, kt\u00f3re chcesz przekaza\u0107 w dobre r\u0119ce, a w zamian zabierzesz inne ciekawe! Ksi\u0105\u017cki, kt\u00f3re nie znajd\u0105 swojego w\u0142a\u015bciciela, trafi\u0105 do nowos\u0105deckiej biblioteki. Galicyjski Kiermasz Staroci w Miasteczku Galicyjskim to cykliczny projekt, wpisuj\u0105cy si\u0119 w Europejskie Dni Dziedzictwa Kulturowego, kt\u00f3rego celem jest prezentacja osobliwo\u015bci \u017cycia codziennego z dawnych lat a zarazem integracja \u015brodowiska kolekcjoner\u00f3w, koneser\u00f3w staroci z r\u00f3\u017cnych stron Polski.<\/p>\n","protected":false},"author":1,"featured_media":0,"parent":0,"menu_order":0,"comment_status":"closed","ping_status":"closed","template":"","meta":[],"_links":{"self":[{"href":"https:\/\/www.miasteczko-galicyjskie.pl\/index.php?rest_route=\/wp\/v2\/pages\/1704"}],"collection":[{"href":"https:\/\/www.miasteczko-galicyjskie.pl\/index.php?rest_route=\/wp\/v2\/pages"}],"about":[{"href":"https:\/\/www.miasteczko-galicyjskie.pl\/index.php?rest_route=\/wp\/v2\/types\/page"}],"author":[{"embeddable":true,"href":"https:\/\/www.miasteczko-galicyjskie.pl\/index.php?rest_route=\/wp\/v2\/users\/1"}],"replies":[{"embeddable":true,"href":"https:\/\/www.miasteczko-galicyjskie.pl\/index.php?rest_route=%2Fwp%2Fv2%2Fcomments&post=1704"}],"version-history":[{"count":51,"href":"https:\/\/www.miasteczko-galicyjskie.pl\/index.php?rest_route=\/wp\/v2\/pages\/1704\/revisions"}],"predecessor-version":[{"id":4981,"href":"https:\/\/www.miasteczko-galicyjskie.pl\/index.php?rest_route=\/wp\/v2\/pages\/1704\/revisions\/4981"}],"wp:attachment":[{"href":"https:\/\/www.miasteczko-galicyjskie.pl\/index.php?rest_route=%2Fwp%2Fv2%2Fmedia&parent=1704"}],"curies":[{"name":"wp","href":"https:\/\/api.w.org\/{rel}","templated":true}]}}