{"id":1654,"date":"2019-01-08T18:13:25","date_gmt":"2019-01-08T18:13:25","guid":{"rendered":"http:\/\/www.miasteczko-galicyjskie.pl\/?page_id=1654"},"modified":"2026-02-19T12:48:53","modified_gmt":"2026-02-19T12:48:53","slug":"kalendarium2019","status":"publish","type":"page","link":"https:\/\/www.miasteczko-galicyjskie.pl\/?page_id=1654","title":{"rendered":"KALENDARZ WYDARZE\u0143 2026"},"content":{"rendered":"<h5><strong>Marzec <\/strong><\/h5>\n<h6><strong>29.03<\/strong><\/h6>\n<h6><a href=\"https:\/\/www.miasteczko-galicyjskie.pl\/?page_id=1774\">Jarmark Wielkanocny<\/a><\/h6>\n<p>\u00a0<\/p>\n<h5><strong>Maj<\/strong><\/h5>\n<h6><strong>01.05<br \/><\/strong>MAJ\u00d3WKA 2026 &#8211; oficjalne otwarcie sezonu turystycznego w Miasteczku Galicyjskim:<\/h6>\n<ul>\n<li>\n<h6>Pokazy rzemios\u0142a i gin\u0105cych zawod\u00f3w, m.in. szewc, drukarz, zielarka<\/h6>\n<\/li>\n<li>\n<h6>Kiermasz r\u0119kodzie\u0142a artystycznego<\/h6>\n<\/li>\n<li>\n<h6>Zwiedzanie Miasteczka Galicyjskiego<\/h6>\n<\/li>\n<\/ul>\n<h6><strong>20.05<\/strong><br \/>\u015awiatowy Dzie\u0144 Pszcz\u00f3\u0142<\/h6>\n<h6><strong>24.05<\/strong><br \/>Galicyjski Kiermasz Staroci\u00a0\u00a0<\/h6>\n<h6><strong>30.05<br \/><\/strong>XIII Mi\u0119dzynarodowy Bieg Charytatywny &#8222;Run 4 a Smile&#8221; &#8211; Wy\u017csza Szko\u0142a Biznesu-National Louis University<\/h6>\n<h5><strong><br \/>Czerwiec<\/strong><\/h5>\n<h6><strong>01.06<br \/><\/strong>Dzie\u0144 dziecka<\/h6>\n<h6><strong>21.06<\/strong><br \/>XXIII Biesiada Karpacka &#8211; MCK \u201eSok\u00f3\u0142\u201d<\/h6>\n<h6><strong>26- 28.06<\/strong><\/h6>\n<h6>Fina\u0142 48. Ma\u0142opolskiego Festiwalu Orkiestr D\u0119tych ECHO TROMBITY<\/h6>\n<h6>&#8211; MCK \u201eSok\u00f3\u0142\u201d<\/h6>\n<p>\u00a0<\/p>\n<h5><strong>Lipiec<\/strong><\/h5>\n<h6><strong>05.07<\/strong><br \/>Galicyjski Kiermasz Staroci\u00a0<\/h6>\n<h6><strong>18.07 &#8211; 19.07<br \/><\/strong>Jarmark \u015aw. Ma\u0142gorzaty<\/h6>\n<p>\u00a0<\/p>\n<h5><strong>Sierpie\u0144<\/strong><\/h5>\n<h6><strong>01.08 &#8211; 02.08<\/strong><\/h6>\n<h6>XVIII Zlot Zabytkowych Pojazd\u00f3w<\/h6>\n<h6><strong>11.08<\/strong><br \/>Wielki Dzie\u0144 Pszcz\u00f3\u0142<\/h6>\n<h6><strong>15.08<\/strong><br \/>\u015awi\u0119to Wojska Polskiego\u00a0<\/h6>\n<h6><strong>16.08<\/strong><br \/>Karpaty OFFer\u00a0<\/h6>\n<h5>\u00a0<\/h5>\n<h5><strong>Wrzesie\u0144<\/strong><\/h5>\n<h6><strong>13.09<\/strong><\/h6>\n<h6>Dzie\u0144 czekolady<\/h6>\n<h5>\u00a0<\/h5>\n<h5><strong>Listopad<\/strong><\/h5>\n<h6><strong>11.11<\/strong><\/h6>\n<h6>Narodowe \u015awi\u0119to Niepodleg\u0142o\u015bci<\/h6>\n<p>\u00a0<\/p>\n<h5><strong>Grudzie\u0144<\/strong><\/h5>\n<h6><strong>20.12<br \/><\/strong><\/h6>\n<h6>Jarmark Bo\u017conarodzeniowy<\/h6>\n\n\n<p><\/p>\n","protected":false},"excerpt":{"rendered":"<p>Marzec 29.03 Jarmark Wielkanocny \u00a0 Maj 01.05MAJ\u00d3WKA 2026 &#8211; oficjalne otwarcie sezonu turystycznego w Miasteczku Galicyjskim: Pokazy rzemios\u0142a i gin\u0105cych zawod\u00f3w, m.in. szewc, drukarz, zielarka Kiermasz r\u0119kodzie\u0142a artystycznego Zwiedzanie Miasteczka Galicyjskiego 20.05\u015awiatowy Dzie\u0144 Pszcz\u00f3\u0142 24.05Galicyjski Kiermasz Staroci\u00a0\u00a0 30.05XIII Mi\u0119dzynarodowy Bieg Charytatywny &#8222;Run 4 a Smile&#8221; &#8211; Wy\u017csza Szko\u0142a Biznesu-National Louis University Czerwiec 01.06Dzie\u0144 dziecka 21.06XXIII Biesiada Karpacka &#8211; MCK \u201eSok\u00f3\u0142\u201d 26- 28.06 Fina\u0142 48. Ma\u0142opolskiego Festiwalu Orkiestr D\u0119tych ECHO TROMBITY &#8211; MCK \u201eSok\u00f3\u0142\u201d \u00a0 Lipiec 05.07Galicyjski Kiermasz Staroci\u00a0 18.07 &#8211; 19.07Jarmark \u015aw. Ma\u0142gorzaty \u00a0 Sierpie\u0144 01.08 &#8211; 02.08 XVIII Zlot Zabytkowych Pojazd\u00f3w 11.08Wielki Dzie\u0144 Pszcz\u00f3\u0142 15.08\u015awi\u0119to Wojska Polskiego\u00a0 16.08Karpaty OFFer\u00a0 \u00a0 Wrzesie\u0144 13.09 Dzie\u0144 czekolady \u00a0 Listopad 11.11 Narodowe \u015awi\u0119to Niepodleg\u0142o\u015bci \u00a0 Grudzie\u0144 20.12 Jarmark Bo\u017conarodzeniowy<\/p>\n","protected":false},"author":1,"featured_media":0,"parent":0,"menu_order":0,"comment_status":"closed","ping_status":"closed","template":"","meta":[],"_links":{"self":[{"href":"https:\/\/www.miasteczko-galicyjskie.pl\/index.php?rest_route=\/wp\/v2\/pages\/1654"}],"collection":[{"href":"https:\/\/www.miasteczko-galicyjskie.pl\/index.php?rest_route=\/wp\/v2\/pages"}],"about":[{"href":"https:\/\/www.miasteczko-galicyjskie.pl\/index.php?rest_route=\/wp\/v2\/types\/page"}],"author":[{"embeddable":true,"href":"https:\/\/www.miasteczko-galicyjskie.pl\/index.php?rest_route=\/wp\/v2\/users\/1"}],"replies":[{"embeddable":true,"href":"https:\/\/www.miasteczko-galicyjskie.pl\/index.php?rest_route=%2Fwp%2Fv2%2Fcomments&post=1654"}],"version-history":[{"count":125,"href":"https:\/\/www.miasteczko-galicyjskie.pl\/index.php?rest_route=\/wp\/v2\/pages\/1654\/revisions"}],"predecessor-version":[{"id":5366,"href":"https:\/\/www.miasteczko-galicyjskie.pl\/index.php?rest_route=\/wp\/v2\/pages\/1654\/revisions\/5366"}],"wp:attachment":[{"href":"https:\/\/www.miasteczko-galicyjskie.pl\/index.php?rest_route=%2Fwp%2Fv2%2Fmedia&parent=1654"}],"curies":[{"name":"wp","href":"https:\/\/api.w.org\/{rel}","templated":true}]}}