{"id":1457,"date":"2018-12-13T21:16:27","date_gmt":"2018-12-13T21:16:27","guid":{"rendered":"http:\/\/www.miasteczko-galicyjskie.pl\/?page_id=1457"},"modified":"2018-12-13T21:16:27","modified_gmt":"2018-12-13T21:16:27","slug":"polityka-prywatnosci","status":"publish","type":"page","link":"https:\/\/www.miasteczko-galicyjskie.pl\/?page_id=1457","title":{"rendered":"Polityka prywatno\u015bci"},"content":{"rendered":"<div class=\"cufont text\">\n<p class=\"cufont\">Serwis miasteczko-galicyjskie.pl nie przetwarza, nie udost\u0119pnia ani nie wykorzystuje w celach marketingowych danych przekazywanych przez U\u017cytkownik\u00f3w serwisu. Wszelkie dane dotycz\u0105ce ilo\u015bci odwiedzin s\u0105 pozbawione danych personalnych i wykorzystujemy je jedynie w celach statystycznych.<\/p>\n<p class=\"cufont\">Po zapisaniu U\u017cytkownika do Newslettera, przechowujemy w bazie danych jego adres e-mail.<\/p>\n<\/div>\n","protected":false},"excerpt":{"rendered":"<p>Serwis miasteczko-galicyjskie.pl nie przetwarza, nie udost\u0119pnia ani nie wykorzystuje w celach marketingowych danych przekazywanych przez U\u017cytkownik\u00f3w serwisu. Wszelkie dane dotycz\u0105ce ilo\u015bci odwiedzin s\u0105 pozbawione danych personalnych i wykorzystujemy je jedynie w celach statystycznych. Po zapisaniu U\u017cytkownika do Newslettera, przechowujemy w bazie danych jego adres e-mail.<\/p>\n","protected":false},"author":1,"featured_media":0,"parent":0,"menu_order":0,"comment_status":"closed","ping_status":"closed","template":"","meta":[],"_links":{"self":[{"href":"https:\/\/www.miasteczko-galicyjskie.pl\/index.php?rest_route=\/wp\/v2\/pages\/1457"}],"collection":[{"href":"https:\/\/www.miasteczko-galicyjskie.pl\/index.php?rest_route=\/wp\/v2\/pages"}],"about":[{"href":"https:\/\/www.miasteczko-galicyjskie.pl\/index.php?rest_route=\/wp\/v2\/types\/page"}],"author":[{"embeddable":true,"href":"https:\/\/www.miasteczko-galicyjskie.pl\/index.php?rest_route=\/wp\/v2\/users\/1"}],"replies":[{"embeddable":true,"href":"https:\/\/www.miasteczko-galicyjskie.pl\/index.php?rest_route=%2Fwp%2Fv2%2Fcomments&post=1457"}],"version-history":[{"count":1,"href":"https:\/\/www.miasteczko-galicyjskie.pl\/index.php?rest_route=\/wp\/v2\/pages\/1457\/revisions"}],"predecessor-version":[{"id":1458,"href":"https:\/\/www.miasteczko-galicyjskie.pl\/index.php?rest_route=\/wp\/v2\/pages\/1457\/revisions\/1458"}],"wp:attachment":[{"href":"https:\/\/www.miasteczko-galicyjskie.pl\/index.php?rest_route=%2Fwp%2Fv2%2Fmedia&parent=1457"}],"curies":[{"name":"wp","href":"https:\/\/api.w.org\/{rel}","templated":true}]}}