{"id":1390,"date":"2018-12-11T20:07:47","date_gmt":"2018-12-11T20:07:47","guid":{"rendered":"http:\/\/www.miasteczko-galicyjskie.pl\/?page_id=1390"},"modified":"2025-11-13T13:15:51","modified_gmt":"2025-11-13T13:15:51","slug":"jarmarkowe-inspiracje","status":"publish","type":"page","link":"https:\/\/www.miasteczko-galicyjskie.pl\/?page_id=1390","title":{"rendered":"JARMARKOWE INSPIRACJE"},"content":{"rendered":"\n<div style=\"height:39px\" aria-hidden=\"true\" class=\"wp-block-spacer\"><\/div>\n\n\n<p><strong>Jarmark Bo\u017conarodzeniowy<\/strong> to tak\u017ce niepowtarzalna okazja by kupi\u0107 dla najbli\u017cszych \u015bwi\u0105teczne <strong>prezenty<\/strong>. B\u0119dzie w czym przebiera\u0107!\u00a0 R\u0119cznie wykonane <strong>stroiki<\/strong> i bombki, \u015bwieczniki, lampki, ceramika, ale te\u017c obrusy \u015bwi\u0105teczne, ciep\u0142e koce, pledy, lniane i filcowe ozdoby z kolorowymi motywami \u015bwi\u0105tecznymi, a dla milusi\u0144skich maskotki-przytulanki, <strong>anio\u0142ki<\/strong> i drewniane zabawki.<\/p>\n<p>\u015awi\u0119ta Bo\u017cego Narodzenia to czas wysy\u0142ania tradycyjnych <strong>kartek \u015bwi\u0105tecznych<\/strong>. Polacy wracaj\u0105 do tych starych, eleganckich form sk\u0142adania \u017cycze\u0144, a kartka jest mi\u0142\u0105 niespodziank\u0105 i ozdob\u0105, kt\u00f3ra postawiona ko\u0142o choinki, przez d\u0142ugi czas przypomina o tych, kt\u00f3rzy j\u0105 nadali. Podczas Jarmarku b\u0119dzie mo\u017cna kupi\u0107 oryginalne kartki \u015bwi\u0105teczne, napisa\u0107 na nich \u017cyczenia i wys\u0142a\u0107, maj\u0105c pewno\u015b\u0107, \u017ce dotr\u0105 do adresata przed \u015awi\u0119tami.<\/p>\n<div id='gallery-1' class='gallery galleryid-1390 gallery-columns-2 gallery-size-full'><figure class='gallery-item'>\n\t\t\t<div class='gallery-icon landscape'>\n\t\t\t\t<a href='https:\/\/www.miasteczko-galicyjskie.pl\/wp-content\/uploads\/2018\/12\/JB16.jpg'><img width=\"800\" height=\"536\" src=\"https:\/\/www.miasteczko-galicyjskie.pl\/wp-content\/uploads\/2018\/12\/JB16.jpg\" class=\"attachment-full size-full\" alt=\"\" loading=\"lazy\" srcset=\"https:\/\/www.miasteczko-galicyjskie.pl\/wp-content\/uploads\/2018\/12\/JB16.jpg 800w, https:\/\/www.miasteczko-galicyjskie.pl\/wp-content\/uploads\/2018\/12\/JB16-300x201.jpg 300w, https:\/\/www.miasteczko-galicyjskie.pl\/wp-content\/uploads\/2018\/12\/JB16-768x515.jpg 768w\" sizes=\"(max-width: 800px) 100vw, 800px\" \/><\/a>\n\t\t\t<\/div><\/figure><figure class='gallery-item'>\n\t\t\t<div class='gallery-icon landscape'>\n\t\t\t\t<a href='https:\/\/www.miasteczko-galicyjskie.pl\/wp-content\/uploads\/2018\/12\/kier2s.jpg'><img width=\"650\" height=\"433\" src=\"https:\/\/www.miasteczko-galicyjskie.pl\/wp-content\/uploads\/2018\/12\/kier2s.jpg\" class=\"attachment-full size-full\" alt=\"\" loading=\"lazy\" srcset=\"https:\/\/www.miasteczko-galicyjskie.pl\/wp-content\/uploads\/2018\/12\/kier2s.jpg 650w, https:\/\/www.miasteczko-galicyjskie.pl\/wp-content\/uploads\/2018\/12\/kier2s-300x200.jpg 300w\" sizes=\"(max-width: 650px) 100vw, 650px\" \/><\/a>\n\t\t\t<\/div><\/figure><figure class='gallery-item'>\n\t\t\t<div class='gallery-icon landscape'>\n\t\t\t\t<a href='https:\/\/www.miasteczko-galicyjskie.pl\/wp-content\/uploads\/2018\/12\/JB8.jpg'><img width=\"1150\" height=\"766\" src=\"https:\/\/www.miasteczko-galicyjskie.pl\/wp-content\/uploads\/2018\/12\/JB8.jpg\" class=\"attachment-full size-full\" alt=\"\" loading=\"lazy\" srcset=\"https:\/\/www.miasteczko-galicyjskie.pl\/wp-content\/uploads\/2018\/12\/JB8.jpg 1150w, https:\/\/www.miasteczko-galicyjskie.pl\/wp-content\/uploads\/2018\/12\/JB8-300x200.jpg 300w, https:\/\/www.miasteczko-galicyjskie.pl\/wp-content\/uploads\/2018\/12\/JB8-768x512.jpg 768w, https:\/\/www.miasteczko-galicyjskie.pl\/wp-content\/uploads\/2018\/12\/JB8-1024x682.jpg 1024w, https:\/\/www.miasteczko-galicyjskie.pl\/wp-content\/uploads\/2018\/12\/JB8-1140x759.jpg 1140w\" sizes=\"(max-width: 1150px) 100vw, 1150px\" \/><\/a>\n\t\t\t<\/div><\/figure><figure class='gallery-item'>\n\t\t\t<div class='gallery-icon landscape'>\n\t\t\t\t<a href='https:\/\/www.miasteczko-galicyjskie.pl\/wp-content\/uploads\/2018\/12\/JB5.jpg'><img width=\"1150\" height=\"766\" src=\"https:\/\/www.miasteczko-galicyjskie.pl\/wp-content\/uploads\/2018\/12\/JB5.jpg\" class=\"attachment-full size-full\" alt=\"\" loading=\"lazy\" srcset=\"https:\/\/www.miasteczko-galicyjskie.pl\/wp-content\/uploads\/2018\/12\/JB5.jpg 1150w, https:\/\/www.miasteczko-galicyjskie.pl\/wp-content\/uploads\/2018\/12\/JB5-300x200.jpg 300w, https:\/\/www.miasteczko-galicyjskie.pl\/wp-content\/uploads\/2018\/12\/JB5-768x512.jpg 768w, https:\/\/www.miasteczko-galicyjskie.pl\/wp-content\/uploads\/2018\/12\/JB5-1024x682.jpg 1024w, https:\/\/www.miasteczko-galicyjskie.pl\/wp-content\/uploads\/2018\/12\/JB5-1140x759.jpg 1140w\" sizes=\"(max-width: 1150px) 100vw, 1150px\" \/><\/a>\n\t\t\t<\/div><\/figure><figure class='gallery-item'>\n\t\t\t<div class='gallery-icon landscape'>\n\t\t\t\t<a href='https:\/\/www.miasteczko-galicyjskie.pl\/wp-content\/uploads\/2018\/12\/DSCN3145.jpg'><img width=\"600\" height=\"450\" src=\"https:\/\/www.miasteczko-galicyjskie.pl\/wp-content\/uploads\/2018\/12\/DSCN3145.jpg\" class=\"attachment-full size-full\" alt=\"\" loading=\"lazy\" srcset=\"https:\/\/www.miasteczko-galicyjskie.pl\/wp-content\/uploads\/2018\/12\/DSCN3145.jpg 600w, https:\/\/www.miasteczko-galicyjskie.pl\/wp-content\/uploads\/2018\/12\/DSCN3145-300x225.jpg 300w\" sizes=\"(max-width: 600px) 100vw, 600px\" \/><\/a>\n\t\t\t<\/div><\/figure><figure class='gallery-item'>\n\t\t\t<div class='gallery-icon landscape'>\n\t\t\t\t<a href='https:\/\/www.miasteczko-galicyjskie.pl\/wp-content\/uploads\/2018\/12\/JB1.jpg'><img width=\"1150\" height=\"766\" src=\"https:\/\/www.miasteczko-galicyjskie.pl\/wp-content\/uploads\/2018\/12\/JB1.jpg\" class=\"attachment-full size-full\" alt=\"\" loading=\"lazy\" srcset=\"https:\/\/www.miasteczko-galicyjskie.pl\/wp-content\/uploads\/2018\/12\/JB1.jpg 1150w, https:\/\/www.miasteczko-galicyjskie.pl\/wp-content\/uploads\/2018\/12\/JB1-300x200.jpg 300w, https:\/\/www.miasteczko-galicyjskie.pl\/wp-content\/uploads\/2018\/12\/JB1-768x512.jpg 768w, https:\/\/www.miasteczko-galicyjskie.pl\/wp-content\/uploads\/2018\/12\/JB1-1024x682.jpg 1024w, https:\/\/www.miasteczko-galicyjskie.pl\/wp-content\/uploads\/2018\/12\/JB1-1140x759.jpg 1140w\" sizes=\"(max-width: 1150px) 100vw, 1150px\" \/><\/a>\n\t\t\t<\/div><\/figure><figure class='gallery-item'>\n\t\t\t<div class='gallery-icon landscape'>\n\t\t\t\t<a href='https:\/\/www.miasteczko-galicyjskie.pl\/wp-content\/uploads\/2018\/12\/JB2.jpg'><img width=\"1150\" height=\"766\" src=\"https:\/\/www.miasteczko-galicyjskie.pl\/wp-content\/uploads\/2018\/12\/JB2.jpg\" class=\"attachment-full size-full\" alt=\"\" loading=\"lazy\" srcset=\"https:\/\/www.miasteczko-galicyjskie.pl\/wp-content\/uploads\/2018\/12\/JB2.jpg 1150w, https:\/\/www.miasteczko-galicyjskie.pl\/wp-content\/uploads\/2018\/12\/JB2-300x200.jpg 300w, https:\/\/www.miasteczko-galicyjskie.pl\/wp-content\/uploads\/2018\/12\/JB2-768x512.jpg 768w, https:\/\/www.miasteczko-galicyjskie.pl\/wp-content\/uploads\/2018\/12\/JB2-1024x682.jpg 1024w, https:\/\/www.miasteczko-galicyjskie.pl\/wp-content\/uploads\/2018\/12\/JB2-1140x759.jpg 1140w\" sizes=\"(max-width: 1150px) 100vw, 1150px\" \/><\/a>\n\t\t\t<\/div><\/figure><figure class='gallery-item'>\n\t\t\t<div class='gallery-icon landscape'>\n\t\t\t\t<a href='https:\/\/www.miasteczko-galicyjskie.pl\/wp-content\/uploads\/2018\/12\/Jarmark.jpg'><img width=\"800\" height=\"533\" src=\"https:\/\/www.miasteczko-galicyjskie.pl\/wp-content\/uploads\/2018\/12\/Jarmark.jpg\" class=\"attachment-full size-full\" alt=\"\" loading=\"lazy\" srcset=\"https:\/\/www.miasteczko-galicyjskie.pl\/wp-content\/uploads\/2018\/12\/Jarmark.jpg 800w, https:\/\/www.miasteczko-galicyjskie.pl\/wp-content\/uploads\/2018\/12\/Jarmark-300x200.jpg 300w, https:\/\/www.miasteczko-galicyjskie.pl\/wp-content\/uploads\/2018\/12\/Jarmark-768x512.jpg 768w\" sizes=\"(max-width: 800px) 100vw, 800px\" \/><\/a>\n\t\t\t<\/div><\/figure>\n\t\t<\/div>\n\n<p>Serdecznie zapraszamy!!!<br \/>Jarmark Bo\u017conarodzeniowy w Miasteczku Galicyjskim.<br \/>21 grudnia 2025 r., godz. od 10:00 do 16:00.<\/p>","protected":false},"excerpt":{"rendered":"<p>Jarmark Bo\u017conarodzeniowy to tak\u017ce niepowtarzalna okazja by kupi\u0107 dla najbli\u017cszych \u015bwi\u0105teczne prezenty. B\u0119dzie w czym przebiera\u0107!\u00a0 R\u0119cznie wykonane stroiki i bombki, \u015bwieczniki, lampki, ceramika, ale te\u017c obrusy \u015bwi\u0105teczne, ciep\u0142e koce, pledy, lniane i filcowe ozdoby z kolorowymi motywami \u015bwi\u0105tecznymi, a dla milusi\u0144skich maskotki-przytulanki, anio\u0142ki i drewniane zabawki. \u015awi\u0119ta Bo\u017cego Narodzenia to czas wysy\u0142ania tradycyjnych kartek \u015bwi\u0105tecznych. Polacy wracaj\u0105 do tych starych, eleganckich form sk\u0142adania \u017cycze\u0144, a kartka jest mi\u0142\u0105 niespodziank\u0105 i ozdob\u0105, kt\u00f3ra postawiona ko\u0142o choinki, przez d\u0142ugi czas przypomina o tych, kt\u00f3rzy j\u0105 nadali. Podczas Jarmarku b\u0119dzie mo\u017cna kupi\u0107 oryginalne kartki \u015bwi\u0105teczne, napisa\u0107 na nich \u017cyczenia i wys\u0142a\u0107, maj\u0105c pewno\u015b\u0107, \u017ce dotr\u0105 do adresata przed \u015awi\u0119tami. Serdecznie zapraszamy!!!Jarmark Bo\u017conarodzeniowy w Miasteczku Galicyjskim.21 grudnia 2025 r., godz. od 10:00 do 16:00.<\/p>\n","protected":false},"author":1,"featured_media":0,"parent":0,"menu_order":0,"comment_status":"closed","ping_status":"closed","template":"","meta":[],"_links":{"self":[{"href":"https:\/\/www.miasteczko-galicyjskie.pl\/index.php?rest_route=\/wp\/v2\/pages\/1390"}],"collection":[{"href":"https:\/\/www.miasteczko-galicyjskie.pl\/index.php?rest_route=\/wp\/v2\/pages"}],"about":[{"href":"https:\/\/www.miasteczko-galicyjskie.pl\/index.php?rest_route=\/wp\/v2\/types\/page"}],"author":[{"embeddable":true,"href":"https:\/\/www.miasteczko-galicyjskie.pl\/index.php?rest_route=\/wp\/v2\/users\/1"}],"replies":[{"embeddable":true,"href":"https:\/\/www.miasteczko-galicyjskie.pl\/index.php?rest_route=%2Fwp%2Fv2%2Fcomments&post=1390"}],"version-history":[{"count":14,"href":"https:\/\/www.miasteczko-galicyjskie.pl\/index.php?rest_route=\/wp\/v2\/pages\/1390\/revisions"}],"predecessor-version":[{"id":5223,"href":"https:\/\/www.miasteczko-galicyjskie.pl\/index.php?rest_route=\/wp\/v2\/pages\/1390\/revisions\/5223"}],"wp:attachment":[{"href":"https:\/\/www.miasteczko-galicyjskie.pl\/index.php?rest_route=%2Fwp%2Fv2%2Fmedia&parent=1390"}],"curies":[{"name":"wp","href":"https:\/\/api.w.org\/{rel}","templated":true}]}}