{"id":134,"date":"2018-06-28T17:41:37","date_gmt":"2018-06-28T17:41:37","guid":{"rendered":"http:\/\/www.miasteczko-galicyjskie.pl\/?page_id=134"},"modified":"2025-10-27T12:30:59","modified_gmt":"2025-10-27T12:30:59","slug":"zespol","status":"publish","type":"page","link":"https:\/\/www.miasteczko-galicyjskie.pl\/?page_id=134","title":{"rendered":"Pracownicy"},"content":{"rendered":"\n<div style=\"height:26px\" aria-hidden=\"true\" class=\"wp-block-spacer\"><\/div>\n\n\n<p>Ma\u0142gorzata \u0141ukasik-Kogut &#8211; Kierownik oddzia\u0142u Miasteczko Galicyjskie<\/p>\n<p>Anna Hojnor &#8211; Z-ca kierownika oddzia\u0142u Miasteczko Galicyjskie<\/p>\n<p>Adrianna Michalik &#8211; Specjalista ds. oferty programowej<\/p>\n<p>Danuta Sowi\u0144ska &#8211; Specjalista ds. oferty programowej<\/p>\n<h6>\u00a0<\/h6>\n<h6>Zesp\u00f3\u0142 ds. udost\u0119pniania:<\/h6>\n<p>Anna Kmak &#8211; koordynator ekspozycji<\/p>\n<p>Monika Kantor &#8211; przewodnik, kasjer<\/p>\n<p>Wioletta Hajduk &#8211; przewodnik-kasjer<\/p>\n<p>Jadwiga Chronowska &#8211; przewodnik<\/p>\n<p>Artur Filip &#8211; przewodnik<\/p>\n<p>Gra\u017cyna Gro\u0144 &#8211; przewodnik<\/p>\n<p>Karolina Tworzyd\u0142o-Rucha\u0142a &#8211; przewodnik<\/p>\n<p>Stanis\u0142aw Sobczyk &#8211; przewodnik<\/p>\n<p>\u00a0<\/p>\n<h6>Zesp\u00f3\u0142 ds. administracji:<\/h6>\n<p>Celina Kucharska &#8211; pracownik gospodarczy<\/p>\n<p>Anna Suflita &#8211; pracownik gospodarczy<\/p>\n<p>Lech Stasiuk &#8211; pracownik gospodarczy<\/p>\n<p>Zbigniew Sambak &#8211; pracownik gospodarczy<\/p>\n<p>\u00a0<\/p>","protected":false},"excerpt":{"rendered":"<p>Ma\u0142gorzata \u0141ukasik-Kogut &#8211; Kierownik oddzia\u0142u Miasteczko Galicyjskie Anna Hojnor &#8211; Z-ca kierownika oddzia\u0142u Miasteczko Galicyjskie Adrianna Michalik &#8211; Specjalista ds. oferty programowej Danuta Sowi\u0144ska &#8211; Specjalista ds. oferty programowej \u00a0 Zesp\u00f3\u0142 ds. udost\u0119pniania: Anna Kmak &#8211; koordynator ekspozycji Monika Kantor &#8211; przewodnik, kasjer Wioletta Hajduk &#8211; przewodnik-kasjer Jadwiga Chronowska &#8211; przewodnik Artur Filip &#8211; przewodnik Gra\u017cyna Gro\u0144 &#8211; przewodnik Karolina Tworzyd\u0142o-Rucha\u0142a &#8211; przewodnik Stanis\u0142aw Sobczyk &#8211; przewodnik \u00a0 Zesp\u00f3\u0142 ds. administracji: Celina Kucharska &#8211; pracownik gospodarczy Anna Suflita &#8211; pracownik gospodarczy Lech Stasiuk &#8211; pracownik gospodarczy Zbigniew Sambak &#8211; pracownik gospodarczy \u00a0<\/p>\n","protected":false},"author":1,"featured_media":0,"parent":0,"menu_order":0,"comment_status":"closed","ping_status":"closed","template":"","meta":[],"_links":{"self":[{"href":"https:\/\/www.miasteczko-galicyjskie.pl\/index.php?rest_route=\/wp\/v2\/pages\/134"}],"collection":[{"href":"https:\/\/www.miasteczko-galicyjskie.pl\/index.php?rest_route=\/wp\/v2\/pages"}],"about":[{"href":"https:\/\/www.miasteczko-galicyjskie.pl\/index.php?rest_route=\/wp\/v2\/types\/page"}],"author":[{"embeddable":true,"href":"https:\/\/www.miasteczko-galicyjskie.pl\/index.php?rest_route=\/wp\/v2\/users\/1"}],"replies":[{"embeddable":true,"href":"https:\/\/www.miasteczko-galicyjskie.pl\/index.php?rest_route=%2Fwp%2Fv2%2Fcomments&post=134"}],"version-history":[{"count":29,"href":"https:\/\/www.miasteczko-galicyjskie.pl\/index.php?rest_route=\/wp\/v2\/pages\/134\/revisions"}],"predecessor-version":[{"id":5218,"href":"https:\/\/www.miasteczko-galicyjskie.pl\/index.php?rest_route=\/wp\/v2\/pages\/134\/revisions\/5218"}],"wp:attachment":[{"href":"https:\/\/www.miasteczko-galicyjskie.pl\/index.php?rest_route=%2Fwp%2Fv2%2Fmedia&parent=134"}],"curies":[{"name":"wp","href":"https:\/\/api.w.org\/{rel}","templated":true}]}}