{"id":1332,"date":"2018-12-06T22:50:17","date_gmt":"2018-12-06T22:50:17","guid":{"rendered":"http:\/\/www.miasteczko-galicyjskie.pl\/?page_id=1332"},"modified":"2025-11-13T13:16:38","modified_gmt":"2025-11-13T13:16:38","slug":"magia-swiat-na-rynku-galicyjskim","status":"publish","type":"page","link":"https:\/\/www.miasteczko-galicyjskie.pl\/?page_id=1332","title":{"rendered":"MAGIA \u015aWI\u0104T NA RYNKU GALICYJSKIM!"},"content":{"rendered":"\n<div style=\"height:15px\" aria-hidden=\"true\" class=\"wp-block-spacer\"><\/div>\n\n\n<div id=\"js_2ol\" class=\"_5pbx userContent _3576\" data-ad-preview=\"message\" data-ft=\"{&quot;tn&quot;:&quot;K&quot;}\">\n<div id=\"id_5c099df58496a4234815891\" class=\"text_exposed_root text_exposed\">\n<h5 style=\"text-align: center;\">\u00a0<\/h5>\n<p>W magiczny klimat Bo\u017cego Narodzenia wprowadz\u0105 nas niezwyk\u0142e wydarzenia artystyczne.<\/p>\n<p>O godzinie 10.30 nast\u0105pi oficjalne przywitanie \u015awi\u0119tego Miko\u0142aja. Wsp\u00f3lnie odliczymy sekundy do Jego pojawienia si\u0119 na balkonie ratusza.<span class=\"text_exposed_show\"><br \/>Na \u015bwi\u0105tecznej scenie, przy pi\u0119knie roz\u015bwietlonej choince oraz saniach z kolorowymi prezentami, w wysokim fotelu zasi\u0105dzie \u015bw. Miko\u0142aj. Anio\u0142ki zaprosz\u0105 grzeczne dzieci do wsp\u00f3lnego zdj\u0119cia i obdaruj\u0105 je s\u0142odkimi upominkami!<\/span><\/p>\n<p>\u00a0<\/p>\n<div id='gallery-1' class='gallery galleryid-1332 gallery-columns-2 gallery-size-thumbnail'><figure class='gallery-item'>\n\t\t\t<div class='gallery-icon landscape'>\n\t\t\t\t<a href='https:\/\/www.miasteczko-galicyjskie.pl\/wp-content\/uploads\/2018\/12\/Jarmark-2017_9.jpg'><img width=\"150\" height=\"150\" src=\"https:\/\/www.miasteczko-galicyjskie.pl\/wp-content\/uploads\/2018\/12\/Jarmark-2017_9-150x150.jpg\" class=\"attachment-thumbnail size-thumbnail\" alt=\"\" loading=\"lazy\" srcset=\"https:\/\/www.miasteczko-galicyjskie.pl\/wp-content\/uploads\/2018\/12\/Jarmark-2017_9-150x150.jpg 150w, https:\/\/www.miasteczko-galicyjskie.pl\/wp-content\/uploads\/2018\/12\/Jarmark-2017_9-300x300.jpg 300w, https:\/\/www.miasteczko-galicyjskie.pl\/wp-content\/uploads\/2018\/12\/Jarmark-2017_9-75x75.jpg 75w\" sizes=\"(max-width: 150px) 100vw, 150px\" \/><\/a>\n\t\t\t<\/div><\/figure><figure class='gallery-item'>\n\t\t\t<div class='gallery-icon portrait'>\n\t\t\t\t<a href='https:\/\/www.miasteczko-galicyjskie.pl\/wp-content\/uploads\/2018\/12\/Jarmark-2017_32.jpg'><img width=\"150\" height=\"150\" src=\"https:\/\/www.miasteczko-galicyjskie.pl\/wp-content\/uploads\/2018\/12\/Jarmark-2017_32-150x150.jpg\" class=\"attachment-thumbnail size-thumbnail\" alt=\"\" loading=\"lazy\" srcset=\"https:\/\/www.miasteczko-galicyjskie.pl\/wp-content\/uploads\/2018\/12\/Jarmark-2017_32-150x150.jpg 150w, https:\/\/www.miasteczko-galicyjskie.pl\/wp-content\/uploads\/2018\/12\/Jarmark-2017_32-300x300.jpg 300w, https:\/\/www.miasteczko-galicyjskie.pl\/wp-content\/uploads\/2018\/12\/Jarmark-2017_32-75x75.jpg 75w\" sizes=\"(max-width: 150px) 100vw, 150px\" \/><\/a>\n\t\t\t<\/div><\/figure><figure class='gallery-item'>\n\t\t\t<div class='gallery-icon landscape'>\n\t\t\t\t<a href='https:\/\/www.miasteczko-galicyjskie.pl\/wp-content\/uploads\/2018\/12\/Jarmark-2017_43.jpg'><img width=\"150\" height=\"150\" src=\"https:\/\/www.miasteczko-galicyjskie.pl\/wp-content\/uploads\/2018\/12\/Jarmark-2017_43-150x150.jpg\" class=\"attachment-thumbnail size-thumbnail\" alt=\"\" loading=\"lazy\" srcset=\"https:\/\/www.miasteczko-galicyjskie.pl\/wp-content\/uploads\/2018\/12\/Jarmark-2017_43-150x150.jpg 150w, https:\/\/www.miasteczko-galicyjskie.pl\/wp-content\/uploads\/2018\/12\/Jarmark-2017_43-300x300.jpg 300w, https:\/\/www.miasteczko-galicyjskie.pl\/wp-content\/uploads\/2018\/12\/Jarmark-2017_43-75x75.jpg 75w\" sizes=\"(max-width: 150px) 100vw, 150px\" \/><\/a>\n\t\t\t<\/div><\/figure><figure class='gallery-item'>\n\t\t\t<div class='gallery-icon landscape'>\n\t\t\t\t<a href='https:\/\/www.miasteczko-galicyjskie.pl\/wp-content\/uploads\/2018\/12\/Jarmark-2017_42.jpg'><img width=\"150\" height=\"150\" src=\"https:\/\/www.miasteczko-galicyjskie.pl\/wp-content\/uploads\/2018\/12\/Jarmark-2017_42-150x150.jpg\" class=\"attachment-thumbnail size-thumbnail\" alt=\"\" loading=\"lazy\" srcset=\"https:\/\/www.miasteczko-galicyjskie.pl\/wp-content\/uploads\/2018\/12\/Jarmark-2017_42-150x150.jpg 150w, https:\/\/www.miasteczko-galicyjskie.pl\/wp-content\/uploads\/2018\/12\/Jarmark-2017_42-300x300.jpg 300w, https:\/\/www.miasteczko-galicyjskie.pl\/wp-content\/uploads\/2018\/12\/Jarmark-2017_42-75x75.jpg 75w\" sizes=\"(max-width: 150px) 100vw, 150px\" \/><\/a>\n\t\t\t<\/div><\/figure><figure class='gallery-item'>\n\t\t\t<div class='gallery-icon landscape'>\n\t\t\t\t<a href='https:\/\/www.miasteczko-galicyjskie.pl\/wp-content\/uploads\/2018\/12\/Jarmark-2017_46.jpg'><img width=\"150\" height=\"150\" src=\"https:\/\/www.miasteczko-galicyjskie.pl\/wp-content\/uploads\/2018\/12\/Jarmark-2017_46-150x150.jpg\" class=\"attachment-thumbnail size-thumbnail\" alt=\"\" loading=\"lazy\" srcset=\"https:\/\/www.miasteczko-galicyjskie.pl\/wp-content\/uploads\/2018\/12\/Jarmark-2017_46-150x150.jpg 150w, https:\/\/www.miasteczko-galicyjskie.pl\/wp-content\/uploads\/2018\/12\/Jarmark-2017_46-300x300.jpg 300w, https:\/\/www.miasteczko-galicyjskie.pl\/wp-content\/uploads\/2018\/12\/Jarmark-2017_46-75x75.jpg 75w\" sizes=\"(max-width: 150px) 100vw, 150px\" \/><\/a>\n\t\t\t<\/div><\/figure><figure class='gallery-item'>\n\t\t\t<div class='gallery-icon landscape'>\n\t\t\t\t<a href='https:\/\/www.miasteczko-galicyjskie.pl\/wp-content\/uploads\/2018\/12\/JB9.jpg'><img width=\"150\" height=\"150\" src=\"https:\/\/www.miasteczko-galicyjskie.pl\/wp-content\/uploads\/2018\/12\/JB9-150x150.jpg\" class=\"attachment-thumbnail size-thumbnail\" alt=\"\" loading=\"lazy\" srcset=\"https:\/\/www.miasteczko-galicyjskie.pl\/wp-content\/uploads\/2018\/12\/JB9-150x150.jpg 150w, https:\/\/www.miasteczko-galicyjskie.pl\/wp-content\/uploads\/2018\/12\/JB9-300x300.jpg 300w, https:\/\/www.miasteczko-galicyjskie.pl\/wp-content\/uploads\/2018\/12\/JB9-75x75.jpg 75w\" sizes=\"(max-width: 150px) 100vw, 150px\" \/><\/a>\n\t\t\t<\/div><\/figure><figure class='gallery-item'>\n\t\t\t<div class='gallery-icon landscape'>\n\t\t\t\t<a href='https:\/\/www.miasteczko-galicyjskie.pl\/wp-content\/uploads\/2018\/12\/Jarmark-2017_37.jpg'><img width=\"150\" height=\"150\" src=\"https:\/\/www.miasteczko-galicyjskie.pl\/wp-content\/uploads\/2018\/12\/Jarmark-2017_37-150x150.jpg\" class=\"attachment-thumbnail size-thumbnail\" alt=\"\" loading=\"lazy\" srcset=\"https:\/\/www.miasteczko-galicyjskie.pl\/wp-content\/uploads\/2018\/12\/Jarmark-2017_37-150x150.jpg 150w, https:\/\/www.miasteczko-galicyjskie.pl\/wp-content\/uploads\/2018\/12\/Jarmark-2017_37-300x300.jpg 300w, https:\/\/www.miasteczko-galicyjskie.pl\/wp-content\/uploads\/2018\/12\/Jarmark-2017_37-75x75.jpg 75w\" sizes=\"(max-width: 150px) 100vw, 150px\" \/><\/a>\n\t\t\t<\/div><\/figure><figure class='gallery-item'>\n\t\t\t<div class='gallery-icon landscape'>\n\t\t\t\t<a href='https:\/\/www.miasteczko-galicyjskie.pl\/wp-content\/uploads\/2018\/12\/JB7.jpg'><img width=\"150\" height=\"150\" src=\"https:\/\/www.miasteczko-galicyjskie.pl\/wp-content\/uploads\/2018\/12\/JB7-150x150.jpg\" class=\"attachment-thumbnail size-thumbnail\" alt=\"\" loading=\"lazy\" srcset=\"https:\/\/www.miasteczko-galicyjskie.pl\/wp-content\/uploads\/2018\/12\/JB7-150x150.jpg 150w, https:\/\/www.miasteczko-galicyjskie.pl\/wp-content\/uploads\/2018\/12\/JB7-300x300.jpg 300w, https:\/\/www.miasteczko-galicyjskie.pl\/wp-content\/uploads\/2018\/12\/JB7-75x75.jpg 75w\" sizes=\"(max-width: 150px) 100vw, 150px\" \/><\/a>\n\t\t\t<\/div><\/figure>\n\t\t<\/div>\n\n<p>Serdecznie zapraszamy!!!<br \/>Jarmark Bo\u017conarodzeniowy w Miasteczku Galicyjskim.<br \/>21 grudnia 2025 r., godz. od 10:00 do 16:00.<\/p>\n<\/div>\n<\/div>","protected":false},"excerpt":{"rendered":"<p>\u00a0 W magiczny klimat Bo\u017cego Narodzenia wprowadz\u0105 nas niezwyk\u0142e wydarzenia artystyczne. O godzinie 10.30 nast\u0105pi oficjalne przywitanie \u015awi\u0119tego Miko\u0142aja. Wsp\u00f3lnie odliczymy sekundy do Jego pojawienia si\u0119 na balkonie ratusza.Na \u015bwi\u0105tecznej scenie, przy pi\u0119knie roz\u015bwietlonej choince oraz saniach z kolorowymi prezentami, w wysokim fotelu zasi\u0105dzie \u015bw. Miko\u0142aj. Anio\u0142ki zaprosz\u0105 grzeczne dzieci do wsp\u00f3lnego zdj\u0119cia i obdaruj\u0105 je s\u0142odkimi upominkami! \u00a0 Serdecznie zapraszamy!!!Jarmark Bo\u017conarodzeniowy w Miasteczku Galicyjskim.21 grudnia 2025 r., godz. od 10:00 do 16:00.<\/p>\n","protected":false},"author":1,"featured_media":0,"parent":0,"menu_order":0,"comment_status":"closed","ping_status":"closed","template":"","meta":[],"_links":{"self":[{"href":"https:\/\/www.miasteczko-galicyjskie.pl\/index.php?rest_route=\/wp\/v2\/pages\/1332"}],"collection":[{"href":"https:\/\/www.miasteczko-galicyjskie.pl\/index.php?rest_route=\/wp\/v2\/pages"}],"about":[{"href":"https:\/\/www.miasteczko-galicyjskie.pl\/index.php?rest_route=\/wp\/v2\/types\/page"}],"author":[{"embeddable":true,"href":"https:\/\/www.miasteczko-galicyjskie.pl\/index.php?rest_route=\/wp\/v2\/users\/1"}],"replies":[{"embeddable":true,"href":"https:\/\/www.miasteczko-galicyjskie.pl\/index.php?rest_route=%2Fwp%2Fv2%2Fcomments&post=1332"}],"version-history":[{"count":15,"href":"https:\/\/www.miasteczko-galicyjskie.pl\/index.php?rest_route=\/wp\/v2\/pages\/1332\/revisions"}],"predecessor-version":[{"id":5224,"href":"https:\/\/www.miasteczko-galicyjskie.pl\/index.php?rest_route=\/wp\/v2\/pages\/1332\/revisions\/5224"}],"wp:attachment":[{"href":"https:\/\/www.miasteczko-galicyjskie.pl\/index.php?rest_route=%2Fwp%2Fv2%2Fmedia&parent=1332"}],"curies":[{"name":"wp","href":"https:\/\/api.w.org\/{rel}","templated":true}]}}