{"id":128,"date":"2018-06-28T17:40:25","date_gmt":"2018-06-28T17:40:25","guid":{"rendered":"http:\/\/www.miasteczko-galicyjskie.pl\/?page_id=128"},"modified":"2026-04-07T11:40:19","modified_gmt":"2026-04-07T11:40:19","slug":"oferta-programowa","status":"publish","type":"page","link":"https:\/\/www.miasteczko-galicyjskie.pl\/?page_id=128","title":{"rendered":"IMPREZY PLENEROWE"},"content":{"rendered":"\n<figure class=\"wp-block-image size-large\"><img loading=\"lazy\" width=\"940\" height=\"788\" src=\"https:\/\/www.miasteczko-galicyjskie.pl\/wp-content\/uploads\/2026\/02\/Photo-Collage-Happy-Family-Minimalist-Simple-Facebook-Post-7.png\" alt=\"\" class=\"wp-image-5383\" srcset=\"https:\/\/www.miasteczko-galicyjskie.pl\/wp-content\/uploads\/2026\/02\/Photo-Collage-Happy-Family-Minimalist-Simple-Facebook-Post-7.png 940w, https:\/\/www.miasteczko-galicyjskie.pl\/wp-content\/uploads\/2026\/02\/Photo-Collage-Happy-Family-Minimalist-Simple-Facebook-Post-7-300x251.png 300w, https:\/\/www.miasteczko-galicyjskie.pl\/wp-content\/uploads\/2026\/02\/Photo-Collage-Happy-Family-Minimalist-Simple-Facebook-Post-7-768x644.png 768w\" sizes=\"(max-width: 940px) 100vw, 940px\" \/><\/figure>\n\n\n<h5><\/h5>\n<h5><a href=\"http:\/\/www.miasteczko-galicyjskie.pl\/?page_id=1727&amp;preview=true\"><strong>POKAZY I WYSTAWKI JARMARCZNE<\/strong><\/a><\/h5>\n<ul>\n<li><a href=\"http:\/\/www.miasteczko-galicyjskie.pl\/?page_id=1774\">JARMARK WIELKANOCNY<\/a><\/li>\n<li><a href=\"http:\/\/www.miasteczko-galicyjskie.pl\/?page_id=1704\">GALICYJSKI KIERMASZ STAROCI<\/a><\/li>\n<li><a href=\"http:\/\/www.miasteczko-galicyjskie.pl\/?page_id=1121\">JARMARK BO\u017bONARODZENIOWY<\/a><\/li>\n<\/ul>\n<h5><\/h5>\n<h5><strong><a href=\"http:\/\/www.miasteczko-galicyjskie.pl\/?page_id=4132\">MAJ\u00d3WKA &#8211; OFICJALNE OTWARCIE SEZONU TURYSTYCZNEGO<\/a><br>\n<\/strong><\/h5>\n<h5><\/h5>\n<h5><a href=\"http:\/\/www.miasteczko-galicyjskie.pl\/?p=4205\"><strong>DZIE\u0143 DZIECKA<\/strong><\/a><\/h5>\n<h5><\/h5>\n<h5><a href=\"http:\/\/www.miasteczko-galicyjskie.pl\/?page_id=2903\"><strong>ZLOT ZABYTKOWYCH POJAZD\u00d3W<\/strong><\/a><\/h5>\n<h6><\/h6>","protected":false},"excerpt":{"rendered":"<p>POKAZY I WYSTAWKI JARMARCZNE JARMARK WIELKANOCNY GALICYJSKI KIERMASZ STAROCI JARMARK BO\u017bONARODZENIOWY MAJ\u00d3WKA &#8211; OFICJALNE OTWARCIE SEZONU TURYSTYCZNEGO DZIE\u0143 DZIECKA ZLOT ZABYTKOWYCH POJAZD\u00d3W<\/p>\n","protected":false},"author":1,"featured_media":0,"parent":0,"menu_order":0,"comment_status":"closed","ping_status":"closed","template":"","meta":[],"_links":{"self":[{"href":"https:\/\/www.miasteczko-galicyjskie.pl\/index.php?rest_route=\/wp\/v2\/pages\/128"}],"collection":[{"href":"https:\/\/www.miasteczko-galicyjskie.pl\/index.php?rest_route=\/wp\/v2\/pages"}],"about":[{"href":"https:\/\/www.miasteczko-galicyjskie.pl\/index.php?rest_route=\/wp\/v2\/types\/page"}],"author":[{"embeddable":true,"href":"https:\/\/www.miasteczko-galicyjskie.pl\/index.php?rest_route=\/wp\/v2\/users\/1"}],"replies":[{"embeddable":true,"href":"https:\/\/www.miasteczko-galicyjskie.pl\/index.php?rest_route=%2Fwp%2Fv2%2Fcomments&post=128"}],"version-history":[{"count":52,"href":"https:\/\/www.miasteczko-galicyjskie.pl\/index.php?rest_route=\/wp\/v2\/pages\/128\/revisions"}],"predecessor-version":[{"id":5462,"href":"https:\/\/www.miasteczko-galicyjskie.pl\/index.php?rest_route=\/wp\/v2\/pages\/128\/revisions\/5462"}],"wp:attachment":[{"href":"https:\/\/www.miasteczko-galicyjskie.pl\/index.php?rest_route=%2Fwp%2Fv2%2Fmedia&parent=128"}],"curies":[{"name":"wp","href":"https:\/\/api.w.org\/{rel}","templated":true}]}}