{"id":124,"date":"2018-06-28T17:39:35","date_gmt":"2018-06-28T17:39:35","guid":{"rendered":"http:\/\/www.miasteczko-galicyjskie.pl\/?page_id=124"},"modified":"2022-08-24T10:44:41","modified_gmt":"2022-08-24T10:44:41","slug":"ekspozycja-obiekty","status":"publish","type":"page","link":"https:\/\/www.miasteczko-galicyjskie.pl\/?page_id=124","title":{"rendered":"Ekspozycja"},"content":{"rendered":"<p style=\"text-align: justify;\"><strong>Miasteczko Galicyjskie<\/strong> jest rekonstrukcj\u0105 fragmentu zabudowy obejmuj\u0105c\u0105 plac rynkowy i pierzeje z kilkunastoma domami (\u0142\u0105cznie 20 obiekt\u00f3w).<\/p>\n<p style=\"text-align: justify;\">\n<p style=\"text-align: justify;\">W miasteczku ca\u0142\u0105 zachodni\u0105 pierzej\u0119 rynkow\u0105 zajmuje zrekonstruowany <a href=\"http:\/\/www.miasteczko-galicyjskie.pl\/wp-content\/uploads\/2018\/07\/miast1-1.jpg\"><strong>budynek ratusza ze Starego S\u0105cza <\/strong><\/a><strong>(I).<\/strong> Dzi\u0119ki swojej charakterystycznej bryle, z dookolnymi, arkadowymi podcieniami oraz smuk\u0142\u0105 wie\u017c\u0105 wsp\u00f3\u0142tworzy klimat przestrzenny typowy dla dawnych centr\u00f3w ma\u0142omiasteczkowych. Wn\u0119trze natomiast adaptowano na potrzeby nowoczesnego zespo\u0142u pomieszcze\u0144 konferencyjnych i hotelowych. Na parterze znalaz\u0142y si\u0119 w nim westybul wej\u015bciowy, galeria wystawiennicza, kawiarnia i recepcja hotelowa, na pi\u0119trze \u2013 stylowo umeblowana, ale nowocze\u015bnie wyposa\u017cona, du\u017ca sala konferencyjna na 100 miejsc, mniejsza salka na spotkania kameralne oraz ca\u0142e zaplecze multimedialnej obs\u0142ugi, na poddaszu 11 dwuosobowych pokoi i jeden apartament. Z galeryjki na wie\u017cy ratuszowej, opr\u00f3cz zegara wybijaj\u0105cego godziny mo\u017cna podziwia\u0107 ca\u0142e miasteczko oraz cz\u0119\u015b\u0107 skansenu (sektor kolonist\u00f3w niemieckich) po drugiej stronie potoku \u0141ubinka.<\/p>\n<p style=\"text-align: justify;\">Muzeum liczy na zainteresowanie biur organizuj\u0105cych kameralne zjazdy i sympozja, dla kt\u00f3rych niekonwencjonalna oprawa przestrzenna Miasteczka Galicyjskiego b\u0119dzie przyci\u0105gaj\u0105cym magnesem, co wzmocni ekonomicznie ca\u0142\u0105 instytucj\u0119.<\/p>\n<p style=\"text-align: justify;\">Po przeciwnej stronie rynku zosta\u0142y odtworzone kszta\u0142ty starej, <a href=\"http:\/\/www.miasteczko-galicyjskie.pl\/wp-content\/uploads\/2018\/07\/miast7-1.jpg\">XVIII-wiecznej karczmy z Orawki (VII)<\/a>, s\u0142u\u017c\u0105cej jako obiekt du\u017cej gastronomii, z wn\u0119trzem dla konsument\u00f3w urz\u0105dzonym w stylu dawnej gospody (do 100 os\u00f3b). Go\u015bcie, przekraczaj\u0105c progi Gospody zapraszani s\u0105 w podr\u00f3\u017c po smakach Galicji. Wehiku\u0142em jest nasze menu, kt\u00f3rego podstaw\u0105 s\u0105 receptury zaczerpni\u0119te z kuchni grup etnicznych zamieszkuj\u0105cych nasz region w okresie panowania cesarza Franciszka J\u00f3zefa I oraz dania wywodz\u0105ce si\u0119 z kuchni austriackiej, niemieckiej i w\u0119gierskiej \u2013 wszystko za\u015b harmonijnie po\u0142\u0105czone z elementami wsp\u00f3\u0142czesnej sztuki kulinarnej. Na naszych sto\u0142ach znajdziecie wi\u0119c Pa\u0144stwo specja\u0142y kuchni polskiej i regionalnej \u2013 kr\u00f3lewski bulion, czerwony barszcz, bia\u0142y \u017cur, bigos galicyjski, kwa\u015bnic\u0119, r\u0119cznie lepione pierogi, placki ziemniaczane, pstr\u0105ga, sandacza, w\u0105tr\u00f3bk\u0119 czy tradycyjnego schabowego z kapust\u0105 i ziemniakami. W\u0119gierskim akcentem b\u0119d\u0105 palaczinta, m.in. hortobadzkie \u2013 jedno z najpopularniejszych da\u0144 tamtejszej kuchni, czyli nale\u015bniki z ostrym, mi\u0119snym gulaszem. W\u015br\u00f3d aromatycznych mi\u0119siw znajd\u0105 Pa\u0144stwo pieczon\u0105 jagni\u0119cin\u0119, wyborne pol\u0119dwiczki, kaczk\u0119 czy golonk\u0119. Na uwag\u0119 zas\u0142uguje Stek Ja\u015bnie Pana, przyrz\u0105dzony z ulubionego mi\u0119sa cesarza Franciszka J\u00f3zefa I \u2013 wo\u0142owiny. Poddasze Gospody zosta\u0142o zaadaptowane na pokoje go\u015bcinne.<\/p>\n<p style=\"text-align: justify;\">W po\u0142udniowej pierzei projektowanego placu rynkowego zrealizowano budow\u0119 <strong>trzech XIX-wiecznych dom\u00f3w z Kro\u015bcienka nad Dunajcem, oraz po jednym z Lanckorony i z Zakliczyna.<\/strong> Znalaz\u0142y si\u0119 tutaj <a href=\"http:\/\/www.miasteczko-galicyjskie.pl\/wp-content\/uploads\/2018\/07\/miasta9.jpg\">sklepik z pami\u0105tkami i antykwariat historycznych bibelot\u00f3w (IX)<\/a>, <a href=\"http:\/\/www.miasteczko-galicyjskie.pl\/wp-content\/uploads\/2018\/07\/miast10-1.jpg\">pracownia rzemie\u015blnicza dawnej galanterii drewnianej (X)<\/a>, a tak\u017ce wystawy <a href=\"http:\/\/www.miasteczko-galicyjskie.pl\/wp-content\/uploads\/2018\/07\/miast11-1.jpg\">nieprofesjonalnej sztuki ludowej (XI)<\/a>, tj. malarstwa na szkle oraz rze\u017abiarstwa z podsudeckiego Paszyna, szeroko znanego o\u015brodka sztuki ludowej.<\/p>\n<p style=\"text-align: justify;\">W odtworzonym, nieistniej\u0105cym ju\u017c budynku, wzniesionym ok. 1872 r. w p\u00f3\u0142nocnym naro\u017cniku rynku w Lanckoronie urz\u0105dzono <a href=\"http:\/\/www.miasteczko-galicyjskie.pl\/wp-content\/uploads\/2018\/07\/apteka.jpg\"><strong>aptek\u0119 z drogeri\u0105<\/strong> (XII)<\/a>, jako miejsce pokaz\u00f3w oraz sprzeda\u017cy zi\u00f3\u0142 leczniczych i rozmaitych medykament\u00f3w sprzed wieku, nadal stosowanych. Natomiast w niewielkim pomieszczeniu po drugiej stronie obszernej sieni zaaran\u017cowano wygl\u0105d <strong>gabinetu dentystycznego<\/strong> sprzed stu lat.<\/p>\n<p style=\"text-align: justify;\">G\u0142\u00f3wne wej\u015bcie do Miasteczka Galicyjskiego i dalej do ca\u0142ego Parku odbywa si\u0119 poprzez obszern\u0105 sie\u0144 <a href=\"http:\/\/www.miasteczko-galicyjskie.pl\/wp-content\/uploads\/2018\/07\/miast8-1.jpg\"><strong>budynku mieszcza\u0144skiego, niegdy\u015b stoj\u0105cego w rynku w Zakliczynie (VIII)<\/strong>,<\/a> tutaj zlokalizowanego obok karczmy. Znalaz\u0142y si\u0119 w nim pomieszczenia kasy biletowej, informacji turystycznej oraz inne, w tym zesp\u00f3\u0142 og\u00f3lnodost\u0119pnych sanitariat\u00f3w, przy czym poddasze r\u00f3wnie\u017c wykorzystano na pokoje go\u015bcinne. Ogromne plansze na korytarzu przybli\u017caj\u0105 zwiedzaj\u0105cym ca\u0142e zagospodarowanie ekspozycyjne.<\/p>\n<p style=\"text-align: justify;\">Na przed\u0142u\u017ceniu tej pierzei w kierunku zachodnim mo\u017cna zwiedza\u0107 dwa domy mieszcza\u0144skie ze Starego S\u0105cza. W jednym przygotowano urz\u0105dzenie dw\u00f3ch czynnych pracowni:<a href=\"http:\/\/www.miasteczko-galicyjskie.pl\/wp-content\/uploads\/2018\/07\/miast2-1.jpg\"> <strong>atelier fotograficznego oraz warsztatu zegarmistrzowskiego (II)<\/strong><\/a>. Niew\u0105tpliw\u0105 atrakcj\u0105 jest mo\u017cliwo\u015b\u0107 zrobienia sobie fotografii w stylu z prze\u0142omu XIX i XX w., a tak\u017ce pos\u0142uchanie oryginalnych d\u017awi\u0119k\u00f3w starych zegar\u00f3w, g\u0142o\u015bno tykaj\u0105cych i wybijaj\u0105cych godziny. W drugim domu, kt\u00f3rego orygina\u0142 wzniesiony w 1838 r. stoi do dzisiaj w jednej z uliczek Starego S\u0105cza znajduje si\u0119 <a href=\"http:\/\/www.miasteczko-galicyjskie.pl\/wp-content\/uploads\/2018\/07\/miast3-1.jpg\"><strong>pracownia garncarza<\/strong> (III)<\/a>. Tutaj, w tradycyjnym warsztacie rzemie\u015blniczym, pod okiem majstra zwiedzaj\u0105cy mog\u0105 wytoczy\u0107 na kole garncarskim gliniane garnki oraz inne, ozdobne wyroby ceramiczne. Ich wypalenie umo\u017cliwi wkr\u00f3tce specjalny piec, postawiony w drugim pomieszczeniu.<\/p>\n<p style=\"text-align: justify;\">Nieod\u0142\u0105cznym elementem architektury wsi i ma\u0142ych miast by\u0142a \u2013 i jest do dzisiaj \u2013 <a href=\"http:\/\/www.miasteczko-galicyjskie.pl\/wp-content\/uploads\/2018\/07\/miast4-1.jpg\"><strong>remiza stra\u017cacka<\/strong> (IV)<\/a>. Jej zasadnicze kszta\u0142ty zewn\u0119trzne wzorowano cz\u0119\u015bciowo na oryginale z Lipinek, przeniesionym do skansenu w Sanoku, natomiast wie\u017cyczk\u0119 s\u0142u\u017c\u0105c\u0105 do suszenia w\u0119\u017cy \u2013 na zachowanym, ale przebudowanym obiekcie w Biegonicach pod Nowym S\u0105czem. Wewn\u0105trz znajduje si\u0119 ekspozycja muzealna typowego wyposa\u017cenia tradycyjnego magazynu sprz\u0119tu i woz\u00f3w Ochotniczej Stra\u017cy Po\u017carnej. Wiele takich remiz powsta\u0142o na obszarze dawnej Galicji pod koniec XIX i na pocz\u0105tku XX wieku. Go\u015bcie b\u0119d\u0105 mogli tutaj przymierzy\u0107 kopi\u0119 stroju stra\u017cackiego, z charakterystycznym, mosi\u0119\u017cnym he\u0142mem i sfotografowa\u0107 si\u0119 na tle wozu bojowego z r\u0119czn\u0105 pomp\u0105.<\/p>\n<p style=\"text-align: justify;\">Z po\u0142o\u017conej obok remizy <a href=\"http:\/\/www.miasteczko-galicyjskie.pl\/wp-content\/uploads\/2018\/07\/miast6-1.jpg\"><strong>kapliczki <\/strong><\/a>dogl\u0105da Miasteczka <strong>\u015bw. Florian.<\/strong><\/p>\n<p style=\"text-align: justify;\">Z ty\u0142u za ratuszem, w pewnej odleg\u0142o\u015bci od ca\u0142ego miasteczka stan\u0119\u0142a rekonstrukcja <a href=\"http:\/\/www.miasteczko-galicyjskie.pl\/wp-content\/uploads\/2018\/07\/miast5-1.jpg\"><strong>klasycystycznego dworu szlacheckiego (V) z \u0141ososiny G\u00f3rnej<\/strong><\/a>, ko\u0142o Limanowej. Jest to przybli\u017cona replika zewn\u0119trznej formy podmiejskiej rezydencji z ko\u0144ca XVIII w., kt\u00f3ra uleg\u0142a ca\u0142kowitemu zniszczeniu w latach 70-tych XX w. Od ratusza oddziela j\u0105 zieleniec z kamiennymi alejkami, ozdobionymi stylowymi latarniami. Na parterze obiektu mie\u015bci si\u0119 kameralne Przedszkole Galicyjskie oraz specjalistyczna biblioteka ze stylowo urz\u0105dzon\u0105 czytelni\u0105, do kt\u00f3rej przeniesiono bogaty muzealny ksi\u0119gozbi\u00f3r. Nowoczesne wn\u0119trza I pi\u0119tra obiektu pe\u0142ni\u0105 funkcj\u0119 biurow\u0105 dla Przedszkola Galicyjskiego, Dzia\u0142u Konserwacji Architektury i Inwestycji Muzeum jak r\u00f3wnie\u017c mieszcz\u0105 pokoje go\u015bcinne wraz z reprezentacyjnym salonem.<\/p>\n<p style=\"text-align: justify;\">P\u00f3\u0142nocn\u0105 pierzej\u0119 rynku stanowi zesp\u00f3\u0142 trzech, charakterystycznych dom\u00f3w podcieniowych, wzorowanych na XIX-wiecznych orygina\u0142ach, z r\u00f3\u017cnych miasteczek zachodniej Galicji. Ustawione elewacjami szczytowymi do placu rynkowego wyr\u00f3\u017cniaj\u0105 si\u0119 w przyziemiu otwartymi galeriami, wspartymi na ozdobnych s\u0142upach. Znalaz\u0142a si\u0119 w\u015br\u00f3d nich replika budynku mieszcza\u0144skiego z <a href=\"http:\/\/www.miasteczko-galicyjskie.pl\/wp-content\/uploads\/2018\/07\/miast13-1.jpg\">Czchowa (XIII)<\/a>, z ekspozycj\u0105 tradycyjnie urz\u0105dzonego <strong>mieszkania oraz pracowni krawieckiej \u017cydowskiego mistrza <\/strong>w tym fachu.<\/p>\n<p style=\"text-align: justify;\">W domu wzorowanym na charakterystyczny swoj\u0105 ozdobn\u0105 ciesio\u0142k\u0105 dom z Ci\u0119\u017ckowic (zachowanym do dzisiaj we wschodniej pierzei rynku) mie\u015bci si\u0119 <a href=\"http:\/\/www.miasteczko-galicyjskie.pl\/wp-content\/uploads\/2018\/07\/miast14-1.jpg\"><strong>cukiernia (XIV<\/strong>)<\/a>, urz\u0105dzona w stylu zwanym \u201efine de siecle\u201d, w kt\u00f3rej odbywaj\u0105 si\u0119 pokazy i warsztaty kulinarne oraz degustacje wyrob\u00f3w cukierniczych, wytwarzanych wg dawnych receptur.<\/p>\n<p style=\"text-align: justify;\">Wn\u0119trze kolejnego budynku, o architekturze nawi\u0105zuj\u0105cej do pierwowzoru z Lipnicy Murowanej zosta\u0142o urz\u0105dzone jako <a href=\"http:\/\/www.miasteczko-galicyjskie.pl\/wp-content\/uploads\/2018\/07\/miast15-1.jpg\"><strong>stara poczta galicyjska<\/strong> (XV)<\/a>, z pokazami dawnych us\u0142ug pocztowych i telekomunikacyjnych, w atrakcyjnej, historycznej oprawie wystroju wn\u0119trza.<\/p>\n<p style=\"text-align: justify;\">Id\u0105c dalej wchodzimy w kr\u00f3tk\u0105 uliczk\u0119, kt\u00f3rej p\u00f3\u0142nocna pierzeja wzorowana jest na charakterystycznej zabudowie ulic w Zakliczynie, gdzie wi\u0119kszo\u015b\u0107 dom\u00f3w zrealizowana by\u0142a w tzw. konstrukcji przys\u0142upowej. Dachy takich budynk\u00f3w posiada\u0142y konstrukcj\u0119 podparcia niezale\u017cn\u0105 od zr\u0119bowych \u015bcian, w postaci stoj\u0105cych tu\u017c przy nich s\u0142up\u00f3w, d\u017awigaj\u0105cych p\u0142atwie.<\/p>\n<p style=\"text-align: justify;\">W naro\u017cnym domu \u2013 odtworzonym jako kopia istniej\u0105cego jeszcze, ale przewidzianego do rozbi\u00f3rki budynku z dzisiejszej ulicy Mickiewicza w Zakliczyna &#8211; powsta\u0142 <a href=\"http:\/\/www.miasteczko-galicyjskie.pl\/wp-content\/uploads\/2018\/07\/miast16-1.jpg\"><strong>sklepik kolonialny<\/strong> (XVI)<\/a>, wyposa\u017cony w kopie mebli oddaj\u0105cych charakter historycznego lokalu handlowego w ma\u0142ym miasteczku, o kt\u00f3rego ofercie m\u00f3wi\u0142o si\u0119 dawniej \u201eszwarc-myd\u0142o-powid\u0142o\u201d. Okazjonalnie mo\u017cna spr\u00f3bowa\u0107 w nim rozmaitych specja\u0142\u00f3w spo\u017cywczych sprzed 100 lat, wytwarzanych w warunkach domowych i dzi\u015b rzadko spotykanych.<\/p>\n<p style=\"text-align: justify;\">W kolejnym obiekcie, b\u0119d\u0105cym kopi\u0105 niezachowanego domu z tej samej ulicy Mickiewicza w Zakliczynie przewidziana jest ekspozycja <a href=\"http:\/\/www.miasteczko-galicyjskie.pl\/wp-content\/uploads\/2018\/07\/miast17-1.jpg\"><strong>zak\u0142adu cyrulika<\/strong> (XVII)<\/a>, z mo\u017cliwo\u015bci\u0105 organizowania pokaz\u00f3w dawnej sztuki fryzjerskiej oraz <strong>magla<\/strong> &#8211; wn\u0119trza bardzo charakterystycznego dla dawnego klimatu spo\u0142ecznego w ma\u0142ym miasteczku.<\/p>\n<p style=\"text-align: justify;\">Ostatni budynek, kt\u00f3rego zewn\u0119trzny szyld g\u0142osi, \u017ce jest to <a href=\"http:\/\/www.miasteczko-galicyjskie.pl\/wp-content\/uploads\/2018\/07\/miast18.jpg\"><strong>posterunek \u017candarmerii <\/strong>(XVIII)<\/a>, s\u0142u\u017cy jako schronienie dla pracownik\u00f3w ochrony obiektu.<\/p>\n<p style=\"text-align: justify;\">Ekspozycyjny charakter tej miniaturowej impresji architektoniczno-urbanistycznej, prezentuj\u0105cej wygl\u0105d zabudowy rynku w ma\u0142ym miasteczku uzupe\u0142nia rekonstrukcja domniemanego wygl\u0105du dawnej <a href=\"http:\/\/www.miasteczko-galicyjskie.pl\/wp-content\/uploads\/2018\/07\/miast19-1.jpg\"><strong>studni miejskiej<\/strong> (XIX)<\/a>, stoj\u0105cej niegdy\u015b na rynku w Starym S\u0105czu, oraz kopia <a href=\"http:\/\/www.miasteczko-galicyjskie.pl\/wp-content\/uploads\/2018\/07\/miast20-1.jpg\"><strong>kapliczki wotywnej (XX), po\u015bwi\u0119conej \u015bw. Janowi Nepomucenowi<\/strong><\/a>, kt\u00f3rej orygina\u0142 zachowa\u0142 si\u0119 na rynku w Czchowie.<\/p>\n","protected":false},"excerpt":{"rendered":"<p>Miasteczko Galicyjskie jest rekonstrukcj\u0105 fragmentu zabudowy obejmuj\u0105c\u0105 plac rynkowy i pierzeje z kilkunastoma domami (\u0142\u0105cznie 20 obiekt\u00f3w). W miasteczku ca\u0142\u0105 zachodni\u0105 pierzej\u0119 rynkow\u0105 zajmuje zrekonstruowany budynek ratusza ze Starego S\u0105cza (I). Dzi\u0119ki swojej charakterystycznej bryle, z dookolnymi, arkadowymi podcieniami oraz smuk\u0142\u0105 wie\u017c\u0105 wsp\u00f3\u0142tworzy klimat przestrzenny typowy dla dawnych centr\u00f3w ma\u0142omiasteczkowych. Wn\u0119trze natomiast adaptowano na potrzeby nowoczesnego zespo\u0142u pomieszcze\u0144 konferencyjnych i hotelowych. Na parterze znalaz\u0142y si\u0119 w nim westybul wej\u015bciowy, galeria wystawiennicza, kawiarnia i recepcja hotelowa, na pi\u0119trze \u2013 stylowo umeblowana, ale nowocze\u015bnie wyposa\u017cona, du\u017ca sala konferencyjna na 100 miejsc, mniejsza salka na spotkania kameralne oraz ca\u0142e zaplecze multimedialnej obs\u0142ugi, na poddaszu 11 dwuosobowych pokoi i jeden apartament. Z galeryjki na wie\u017cy ratuszowej, opr\u00f3cz zegara wybijaj\u0105cego godziny mo\u017cna podziwia\u0107 ca\u0142e miasteczko oraz cz\u0119\u015b\u0107 skansenu (sektor kolonist\u00f3w niemieckich) po drugiej stronie potoku \u0141ubinka. Muzeum liczy na zainteresowanie biur organizuj\u0105cych kameralne zjazdy i sympozja, dla kt\u00f3rych niekonwencjonalna oprawa przestrzenna Miasteczka Galicyjskiego b\u0119dzie przyci\u0105gaj\u0105cym magnesem, co wzmocni ekonomicznie ca\u0142\u0105 instytucj\u0119. Po przeciwnej stronie rynku zosta\u0142y odtworzone kszta\u0142ty starej, XVIII-wiecznej karczmy z Orawki (VII), s\u0142u\u017c\u0105cej jako obiekt du\u017cej gastronomii, z wn\u0119trzem dla konsument\u00f3w urz\u0105dzonym w stylu dawnej gospody (do 100 os\u00f3b). Go\u015bcie, przekraczaj\u0105c progi Gospody zapraszani s\u0105 w podr\u00f3\u017c po smakach Galicji. Wehiku\u0142em jest nasze menu, kt\u00f3rego podstaw\u0105 s\u0105 receptury zaczerpni\u0119te z kuchni grup etnicznych zamieszkuj\u0105cych nasz region w okresie panowania cesarza Franciszka J\u00f3zefa I oraz dania wywodz\u0105ce si\u0119 z kuchni austriackiej, niemieckiej i w\u0119gierskiej \u2013 wszystko za\u015b harmonijnie po\u0142\u0105czone z elementami wsp\u00f3\u0142czesnej sztuki kulinarnej. Na naszych sto\u0142ach znajdziecie wi\u0119c Pa\u0144stwo specja\u0142y kuchni polskiej i regionalnej \u2013 kr\u00f3lewski bulion, czerwony barszcz, bia\u0142y \u017cur, bigos galicyjski, kwa\u015bnic\u0119, r\u0119cznie lepione pierogi, placki ziemniaczane, pstr\u0105ga, sandacza, w\u0105tr\u00f3bk\u0119 czy tradycyjnego schabowego z kapust\u0105 i ziemniakami. W\u0119gierskim akcentem b\u0119d\u0105 palaczinta, m.in. hortobadzkie \u2013 jedno z najpopularniejszych da\u0144 tamtejszej kuchni, czyli nale\u015bniki z ostrym, mi\u0119snym gulaszem. W\u015br\u00f3d aromatycznych mi\u0119siw znajd\u0105 Pa\u0144stwo pieczon\u0105 jagni\u0119cin\u0119, wyborne pol\u0119dwiczki, kaczk\u0119 czy golonk\u0119. Na uwag\u0119 zas\u0142uguje Stek Ja\u015bnie Pana, przyrz\u0105dzony z ulubionego mi\u0119sa cesarza Franciszka J\u00f3zefa I \u2013 wo\u0142owiny. Poddasze Gospody zosta\u0142o zaadaptowane na pokoje go\u015bcinne. W po\u0142udniowej pierzei projektowanego placu rynkowego zrealizowano budow\u0119 trzech XIX-wiecznych dom\u00f3w z Kro\u015bcienka nad Dunajcem, oraz po jednym z Lanckorony i z Zakliczyna. Znalaz\u0142y si\u0119 tutaj sklepik z pami\u0105tkami i antykwariat historycznych bibelot\u00f3w (IX), pracownia rzemie\u015blnicza dawnej galanterii drewnianej (X), a tak\u017ce wystawy nieprofesjonalnej sztuki ludowej (XI), tj. malarstwa na szkle oraz rze\u017abiarstwa z podsudeckiego Paszyna, szeroko znanego o\u015brodka sztuki ludowej. W odtworzonym, nieistniej\u0105cym ju\u017c budynku, wzniesionym ok. 1872 r. w p\u00f3\u0142nocnym naro\u017cniku rynku w Lanckoronie urz\u0105dzono aptek\u0119 z drogeri\u0105 (XII), jako miejsce pokaz\u00f3w oraz sprzeda\u017cy zi\u00f3\u0142 leczniczych i rozmaitych medykament\u00f3w sprzed wieku, nadal stosowanych. Natomiast w niewielkim pomieszczeniu po drugiej stronie obszernej sieni zaaran\u017cowano wygl\u0105d gabinetu dentystycznego sprzed stu lat. G\u0142\u00f3wne wej\u015bcie do Miasteczka Galicyjskiego i dalej do ca\u0142ego Parku odbywa si\u0119 poprzez obszern\u0105 sie\u0144 budynku mieszcza\u0144skiego, niegdy\u015b stoj\u0105cego w rynku w Zakliczynie (VIII), tutaj zlokalizowanego obok karczmy. Znalaz\u0142y si\u0119 w nim pomieszczenia kasy biletowej, informacji turystycznej oraz inne, w tym zesp\u00f3\u0142 og\u00f3lnodost\u0119pnych sanitariat\u00f3w, przy czym poddasze r\u00f3wnie\u017c wykorzystano na pokoje go\u015bcinne. Ogromne plansze na korytarzu przybli\u017caj\u0105 zwiedzaj\u0105cym ca\u0142e zagospodarowanie ekspozycyjne. Na przed\u0142u\u017ceniu tej pierzei w kierunku zachodnim mo\u017cna zwiedza\u0107 dwa domy mieszcza\u0144skie ze Starego S\u0105cza. W jednym przygotowano urz\u0105dzenie dw\u00f3ch czynnych pracowni: atelier fotograficznego oraz warsztatu zegarmistrzowskiego (II). Niew\u0105tpliw\u0105 atrakcj\u0105 jest mo\u017cliwo\u015b\u0107 zrobienia sobie fotografii w stylu z prze\u0142omu XIX i XX w., a tak\u017ce pos\u0142uchanie oryginalnych d\u017awi\u0119k\u00f3w starych zegar\u00f3w, g\u0142o\u015bno tykaj\u0105cych i wybijaj\u0105cych godziny. W drugim domu, kt\u00f3rego orygina\u0142 wzniesiony w 1838 r. stoi do dzisiaj w jednej z uliczek Starego S\u0105cza znajduje si\u0119 pracownia garncarza (III). Tutaj, w tradycyjnym warsztacie rzemie\u015blniczym, pod okiem majstra zwiedzaj\u0105cy mog\u0105 wytoczy\u0107 na kole garncarskim gliniane garnki oraz inne, ozdobne wyroby ceramiczne. Ich wypalenie umo\u017cliwi wkr\u00f3tce specjalny piec, postawiony w drugim pomieszczeniu. Nieod\u0142\u0105cznym elementem architektury wsi i ma\u0142ych miast by\u0142a \u2013 i jest do dzisiaj \u2013 remiza stra\u017cacka (IV). Jej zasadnicze kszta\u0142ty zewn\u0119trzne wzorowano cz\u0119\u015bciowo na oryginale z Lipinek, przeniesionym do skansenu w Sanoku, natomiast wie\u017cyczk\u0119 s\u0142u\u017c\u0105c\u0105 do suszenia w\u0119\u017cy \u2013 na zachowanym, ale przebudowanym obiekcie w Biegonicach pod Nowym S\u0105czem. Wewn\u0105trz znajduje si\u0119 ekspozycja muzealna typowego wyposa\u017cenia tradycyjnego magazynu sprz\u0119tu i woz\u00f3w Ochotniczej Stra\u017cy Po\u017carnej. Wiele takich remiz powsta\u0142o na obszarze dawnej Galicji pod koniec XIX i na pocz\u0105tku XX wieku. Go\u015bcie b\u0119d\u0105 mogli tutaj przymierzy\u0107 kopi\u0119 stroju stra\u017cackiego, z charakterystycznym, mosi\u0119\u017cnym he\u0142mem i sfotografowa\u0107 si\u0119 na tle wozu bojowego z r\u0119czn\u0105 pomp\u0105. Z po\u0142o\u017conej obok remizy kapliczki dogl\u0105da Miasteczka \u015bw. Florian. Z ty\u0142u za ratuszem, w pewnej odleg\u0142o\u015bci od ca\u0142ego miasteczka stan\u0119\u0142a rekonstrukcja klasycystycznego dworu szlacheckiego (V) z \u0141ososiny G\u00f3rnej, ko\u0142o Limanowej. Jest to przybli\u017cona replika zewn\u0119trznej formy podmiejskiej rezydencji z ko\u0144ca XVIII w., kt\u00f3ra uleg\u0142a ca\u0142kowitemu zniszczeniu w latach 70-tych XX w. Od ratusza oddziela j\u0105 zieleniec z kamiennymi alejkami, ozdobionymi stylowymi latarniami. Na parterze obiektu mie\u015bci si\u0119 kameralne Przedszkole Galicyjskie oraz specjalistyczna biblioteka ze stylowo urz\u0105dzon\u0105 czytelni\u0105, do kt\u00f3rej przeniesiono bogaty muzealny ksi\u0119gozbi\u00f3r. Nowoczesne wn\u0119trza I pi\u0119tra obiektu pe\u0142ni\u0105 funkcj\u0119 biurow\u0105 dla Przedszkola Galicyjskiego, Dzia\u0142u Konserwacji Architektury i Inwestycji Muzeum jak r\u00f3wnie\u017c mieszcz\u0105 pokoje go\u015bcinne wraz z reprezentacyjnym salonem. P\u00f3\u0142nocn\u0105 pierzej\u0119 rynku stanowi zesp\u00f3\u0142 trzech, charakterystycznych dom\u00f3w podcieniowych, wzorowanych na XIX-wiecznych orygina\u0142ach, z r\u00f3\u017cnych miasteczek zachodniej Galicji. Ustawione elewacjami szczytowymi do placu rynkowego wyr\u00f3\u017cniaj\u0105 si\u0119 w przyziemiu otwartymi galeriami, wspartymi na ozdobnych s\u0142upach. Znalaz\u0142a si\u0119 w\u015br\u00f3d nich replika budynku mieszcza\u0144skiego z Czchowa (XIII), z ekspozycj\u0105 tradycyjnie urz\u0105dzonego mieszkania oraz pracowni krawieckiej \u017cydowskiego mistrza w tym fachu. W domu wzorowanym na charakterystyczny swoj\u0105 ozdobn\u0105 ciesio\u0142k\u0105 dom z Ci\u0119\u017ckowic (zachowanym do dzisiaj we wschodniej pierzei rynku) mie\u015bci si\u0119 cukiernia (XIV), urz\u0105dzona w stylu zwanym \u201efine de siecle\u201d, w kt\u00f3rej odbywaj\u0105 si\u0119 pokazy i warsztaty kulinarne oraz degustacje wyrob\u00f3w cukierniczych, wytwarzanych wg dawnych receptur. Wn\u0119trze kolejnego budynku, o architekturze nawi\u0105zuj\u0105cej do pierwowzoru z Lipnicy Murowanej zosta\u0142o urz\u0105dzone jako stara poczta galicyjska (XV), z pokazami dawnych us\u0142ug pocztowych i telekomunikacyjnych, w atrakcyjnej, historycznej oprawie wystroju wn\u0119trza. Id\u0105c dalej wchodzimy w kr\u00f3tk\u0105 uliczk\u0119, kt\u00f3rej p\u00f3\u0142nocna pierzeja wzorowana jest na charakterystycznej zabudowie ulic w Zakliczynie, gdzie wi\u0119kszo\u015b\u0107 dom\u00f3w zrealizowana by\u0142a w tzw. konstrukcji przys\u0142upowej. Dachy takich budynk\u00f3w posiada\u0142y konstrukcj\u0119 podparcia niezale\u017cn\u0105 od zr\u0119bowych \u015bcian, w postaci stoj\u0105cych tu\u017c przy nich s\u0142up\u00f3w, d\u017awigaj\u0105cych p\u0142atwie. W naro\u017cnym domu \u2013 odtworzonym jako kopia istniej\u0105cego jeszcze, ale przewidzianego do rozbi\u00f3rki budynku z dzisiejszej ulicy Mickiewicza w Zakliczyna &#8211; powsta\u0142 sklepik kolonialny (XVI), wyposa\u017cony w kopie mebli oddaj\u0105cych charakter historycznego lokalu handlowego w ma\u0142ym miasteczku, o kt\u00f3rego ofercie m\u00f3wi\u0142o si\u0119 dawniej \u201eszwarc-myd\u0142o-powid\u0142o\u201d. Okazjonalnie mo\u017cna spr\u00f3bowa\u0107 w nim rozmaitych specja\u0142\u00f3w spo\u017cywczych sprzed 100 lat, wytwarzanych w warunkach domowych i dzi\u015b rzadko spotykanych. W kolejnym obiekcie, b\u0119d\u0105cym kopi\u0105 niezachowanego domu z tej samej ulicy Mickiewicza w Zakliczynie przewidziana jest ekspozycja zak\u0142adu cyrulika (XVII), z mo\u017cliwo\u015bci\u0105 organizowania pokaz\u00f3w dawnej sztuki fryzjerskiej oraz magla &#8211; wn\u0119trza bardzo charakterystycznego dla dawnego klimatu spo\u0142ecznego w ma\u0142ym miasteczku. Ostatni budynek, kt\u00f3rego zewn\u0119trzny szyld g\u0142osi, \u017ce jest to posterunek \u017candarmerii (XVIII), s\u0142u\u017cy jako schronienie dla pracownik\u00f3w ochrony obiektu. Ekspozycyjny charakter tej miniaturowej impresji architektoniczno-urbanistycznej, prezentuj\u0105cej wygl\u0105d zabudowy rynku w ma\u0142ym miasteczku uzupe\u0142nia rekonstrukcja domniemanego wygl\u0105du dawnej studni miejskiej (XIX), stoj\u0105cej niegdy\u015b na rynku w Starym S\u0105czu, oraz kopia kapliczki wotywnej (XX), po\u015bwi\u0119conej \u015bw. Janowi Nepomucenowi, kt\u00f3rej orygina\u0142 zachowa\u0142 si\u0119 na rynku w Czchowie.<\/p>\n","protected":false},"author":1,"featured_media":0,"parent":0,"menu_order":0,"comment_status":"closed","ping_status":"closed","template":"","meta":[],"_links":{"self":[{"href":"https:\/\/www.miasteczko-galicyjskie.pl\/index.php?rest_route=\/wp\/v2\/pages\/124"}],"collection":[{"href":"https:\/\/www.miasteczko-galicyjskie.pl\/index.php?rest_route=\/wp\/v2\/pages"}],"about":[{"href":"https:\/\/www.miasteczko-galicyjskie.pl\/index.php?rest_route=\/wp\/v2\/types\/page"}],"author":[{"embeddable":true,"href":"https:\/\/www.miasteczko-galicyjskie.pl\/index.php?rest_route=\/wp\/v2\/users\/1"}],"replies":[{"embeddable":true,"href":"https:\/\/www.miasteczko-galicyjskie.pl\/index.php?rest_route=%2Fwp%2Fv2%2Fcomments&post=124"}],"version-history":[{"count":12,"href":"https:\/\/www.miasteczko-galicyjskie.pl\/index.php?rest_route=\/wp\/v2\/pages\/124\/revisions"}],"predecessor-version":[{"id":3860,"href":"https:\/\/www.miasteczko-galicyjskie.pl\/index.php?rest_route=\/wp\/v2\/pages\/124\/revisions\/3860"}],"wp:attachment":[{"href":"https:\/\/www.miasteczko-galicyjskie.pl\/index.php?rest_route=%2Fwp%2Fv2%2Fmedia&parent=124"}],"curies":[{"name":"wp","href":"https:\/\/api.w.org\/{rel}","templated":true}]}}