{"id":121,"date":"2018-06-28T17:38:55","date_gmt":"2018-06-28T17:38:55","guid":{"rendered":"http:\/\/www.miasteczko-galicyjskie.pl\/?page_id=121"},"modified":"2024-01-24T07:37:32","modified_gmt":"2024-01-24T07:37:32","slug":"historia","status":"publish","type":"page","link":"https:\/\/www.miasteczko-galicyjskie.pl\/?page_id=121","title":{"rendered":"Geneza"},"content":{"rendered":"<p>Za\u0142o\u017cenia programowe zagospodarowania przestrzennego S\u0105deckiego Parku Etnograficznego, oddzia\u0142u na wolnym powietrzu Muzeum Ziemi S\u0105deckiej, przewidywa\u0142y docelowo powstanie r\u00f3wnie\u017c sektora ma\u0142omiasteczkowego, usytuowanego obok w\u0142a\u015bciwego wej\u015bcia g\u0142\u00f3wnego do skansenu.<\/p>\n<p>Cel ten zacz\u0105\u0142 by\u0107 realizowany dopiero po 1999 r. Potrzeba stworzenia atrakcyjnej dla turyst\u00f3w oprawy przestrzennej wej\u015bcia g\u0142\u00f3wnego na teren skansenu oraz brak mo\u017cliwo\u015bci powstania muzealnego sektora ma\u0142omiasteczkowego, z\u0142o\u017conego z translokowanych budynk\u00f3w zabytkowych podyktowa\u0142y rozwi\u0105zanie dotychczas w Polsce niepraktykowane<strong>.<\/strong><\/p>\n<h4><\/h4>\n<h4 style=\"text-align: center;\">Impresja ma\u0142ego miasteczka<\/h4>\n<p>Postanowiono stworzy\u0107 us\u0142ugowy \u201epasa\u017c wej\u015bciowy\u201d na teren ekspozycji skansenowskiej w formie impresji ma\u0142ego miasteczka, gdzie rekonstrukcje wybranych kilkunastu dawnych budynk\u00f3w mieszcza\u0144skich, tworz\u0105cych zabudow\u0119 wok\u00f3\u0142 placu rynkowego zosta\u0142y zaadaptowane do nowych r\u00f3l.<\/p>\n","protected":false},"excerpt":{"rendered":"<p>Za\u0142o\u017cenia programowe zagospodarowania przestrzennego S\u0105deckiego Parku Etnograficznego, oddzia\u0142u na wolnym powietrzu Muzeum Ziemi S\u0105deckiej, przewidywa\u0142y docelowo powstanie r\u00f3wnie\u017c sektora ma\u0142omiasteczkowego, usytuowanego obok w\u0142a\u015bciwego wej\u015bcia g\u0142\u00f3wnego do skansenu. Cel ten zacz\u0105\u0142 by\u0107 realizowany dopiero po 1999 r. Potrzeba stworzenia atrakcyjnej dla turyst\u00f3w oprawy przestrzennej wej\u015bcia g\u0142\u00f3wnego na teren skansenu oraz brak mo\u017cliwo\u015bci powstania muzealnego sektora ma\u0142omiasteczkowego, z\u0142o\u017conego z translokowanych budynk\u00f3w zabytkowych podyktowa\u0142y rozwi\u0105zanie dotychczas w Polsce niepraktykowane. Impresja ma\u0142ego miasteczka Postanowiono stworzy\u0107 us\u0142ugowy \u201epasa\u017c wej\u015bciowy\u201d na teren ekspozycji skansenowskiej w formie impresji ma\u0142ego miasteczka, gdzie rekonstrukcje wybranych kilkunastu dawnych budynk\u00f3w mieszcza\u0144skich, tworz\u0105cych zabudow\u0119 wok\u00f3\u0142 placu rynkowego zosta\u0142y zaadaptowane do nowych r\u00f3l.<\/p>\n","protected":false},"author":1,"featured_media":0,"parent":0,"menu_order":0,"comment_status":"closed","ping_status":"closed","template":"","meta":[],"_links":{"self":[{"href":"https:\/\/www.miasteczko-galicyjskie.pl\/index.php?rest_route=\/wp\/v2\/pages\/121"}],"collection":[{"href":"https:\/\/www.miasteczko-galicyjskie.pl\/index.php?rest_route=\/wp\/v2\/pages"}],"about":[{"href":"https:\/\/www.miasteczko-galicyjskie.pl\/index.php?rest_route=\/wp\/v2\/types\/page"}],"author":[{"embeddable":true,"href":"https:\/\/www.miasteczko-galicyjskie.pl\/index.php?rest_route=\/wp\/v2\/users\/1"}],"replies":[{"embeddable":true,"href":"https:\/\/www.miasteczko-galicyjskie.pl\/index.php?rest_route=%2Fwp%2Fv2%2Fcomments&post=121"}],"version-history":[{"count":16,"href":"https:\/\/www.miasteczko-galicyjskie.pl\/index.php?rest_route=\/wp\/v2\/pages\/121\/revisions"}],"predecessor-version":[{"id":4509,"href":"https:\/\/www.miasteczko-galicyjskie.pl\/index.php?rest_route=\/wp\/v2\/pages\/121\/revisions\/4509"}],"wp:attachment":[{"href":"https:\/\/www.miasteczko-galicyjskie.pl\/index.php?rest_route=%2Fwp%2Fv2%2Fmedia&parent=121"}],"curies":[{"name":"wp","href":"https:\/\/api.w.org\/{rel}","templated":true}]}}