{"id":1121,"date":"2018-10-24T08:37:20","date_gmt":"2018-10-24T08:37:20","guid":{"rendered":"http:\/\/www.miasteczko-galicyjskie.pl\/?page_id=1121"},"modified":"2025-12-11T15:00:04","modified_gmt":"2025-12-11T15:00:04","slug":"jarmark-bozonarodzeniowy","status":"publish","type":"page","link":"https:\/\/www.miasteczko-galicyjskie.pl\/?page_id=1121","title":{"rendered":"Jarmark Bo\u017conarodzeniowy"},"content":{"rendered":"\n<div style=\"height:21px\" aria-hidden=\"true\" class=\"wp-block-spacer\"><\/div>\n\n\n<h6 style=\"text-align: center;\">Coroczna tradycja rynku w Miasteczku Galicyjskim.<\/h6>\n<p>\u00a0<\/p>\n<p>Serdecznie zapraszamy na Jarmark Bo\u017conarodzeniowy, kt\u00f3ry odb\u0119dzie si\u0119 21 grudnia 2025 r. w godz.: 10.00 &#8211; 16.00 w Miasteczku Galicyjskim (Nowy S\u0105cz, ul. Lwowska 226)<\/p>\n<p>W tym wyj\u0105tkowym czasie serce Miasteczka Galicyjskiego zaczyna bi\u0107 mocniej&#8230; W\u015br\u00f3d pachn\u0105cych lasem choinek, aromatu grzanego wina i czekoladowych piernik\u00f3w, na s\u0105deczan i turyst\u00f3w czeka moc \u015bwi\u0105tecznych niespodzianek i atrakcji!<\/p>\n<h6 style=\"text-align: center;\">\u00a0<\/h6>\n<p style=\"text-align: left;\">\u00a0<\/p>\n<p><a href=\"https:\/\/www.miasteczko-galicyjskie.pl\/wp-content\/uploads\/2025\/12\/Projekt-bez-nazwy-3.png\"><img loading=\"lazy\" class=\"alignleft wp-image-1323\" src=\"http:\/\/www.miasteczko-galicyjskie.pl\/wp-content\/uploads\/2018\/12\/jb2-289x300.jpg\" alt=\"\" width=\"115\" height=\"119\" srcset=\"https:\/\/www.miasteczko-galicyjskie.pl\/wp-content\/uploads\/2018\/12\/jb2-289x300.jpg 289w, https:\/\/www.miasteczko-galicyjskie.pl\/wp-content\/uploads\/2018\/12\/jb2-768x798.jpg 768w, https:\/\/www.miasteczko-galicyjskie.pl\/wp-content\/uploads\/2018\/12\/jb2.jpg 806w\" sizes=\"(max-width: 115px) 100vw, 115px\" \/><\/a><a href=\"http:\/\/www.miasteczko-galicyjskie.pl\/?page_id=1332\"><img loading=\"lazy\" class=\"alignleft wp-image-1349\" src=\"http:\/\/www.miasteczko-galicyjskie.pl\/wp-content\/uploads\/2018\/12\/jb3-290x300.jpg\" alt=\"\" width=\"115\" height=\"119\" srcset=\"https:\/\/www.miasteczko-galicyjskie.pl\/wp-content\/uploads\/2018\/12\/jb3-290x300.jpg 290w, https:\/\/www.miasteczko-galicyjskie.pl\/wp-content\/uploads\/2018\/12\/jb3-768x796.jpg 768w, https:\/\/www.miasteczko-galicyjskie.pl\/wp-content\/uploads\/2018\/12\/jb3.jpg 807w\" sizes=\"(max-width: 115px) 100vw, 115px\" \/><\/a><a href=\"http:\/\/www.miasteczko-galicyjskie.pl\/?page_id=1311\"><img loading=\"lazy\" class=\"alignleft wp-image-1321\" src=\"http:\/\/www.miasteczko-galicyjskie.pl\/wp-content\/uploads\/2018\/12\/jb1-289x300.jpg\" alt=\"\" width=\"115\" height=\"119\" srcset=\"https:\/\/www.miasteczko-galicyjskie.pl\/wp-content\/uploads\/2018\/12\/jb1-289x300.jpg 289w, https:\/\/www.miasteczko-galicyjskie.pl\/wp-content\/uploads\/2018\/12\/jb1-768x798.jpg 768w, https:\/\/www.miasteczko-galicyjskie.pl\/wp-content\/uploads\/2018\/12\/jb1.jpg 806w\" sizes=\"(max-width: 115px) 100vw, 115px\" \/><\/a><a href=\"http:\/\/www.miasteczko-galicyjskie.pl\/?page_id=1390\"><img loading=\"lazy\" class=\"alignleft wp-image-1387\" src=\"http:\/\/www.miasteczko-galicyjskie.pl\/wp-content\/uploads\/2018\/12\/jb6-289x300.jpg\" alt=\"\" width=\"115\" height=\"119\" srcset=\"https:\/\/www.miasteczko-galicyjskie.pl\/wp-content\/uploads\/2018\/12\/jb6-289x300.jpg 289w, https:\/\/www.miasteczko-galicyjskie.pl\/wp-content\/uploads\/2018\/12\/jb6-768x798.jpg 768w, https:\/\/www.miasteczko-galicyjskie.pl\/wp-content\/uploads\/2018\/12\/jb6.jpg 806w\" sizes=\"(max-width: 115px) 100vw, 115px\" \/><\/a><\/p>\n\n\n<div style=\"height:68px\" aria-hidden=\"true\" class=\"wp-block-spacer\"><\/div>\n\n\n\n<p>Wystawc\u00f3w zamierzaj\u0105cych wzi\u0105\u0107 udzia\u0142 w Jarmarku prosimy o zapoznanie si\u0119 z warunkami uczestnictwa: <a href=\"http:\/\/www.miasteczko-galicyjskie.pl\/?page_id=1967\">DLA WYSTAWC\u00d3W.<\/a><\/p>\n","protected":false},"excerpt":{"rendered":"<p>Coroczna tradycja rynku w Miasteczku Galicyjskim. \u00a0 Serdecznie zapraszamy na Jarmark Bo\u017conarodzeniowy, kt\u00f3ry odb\u0119dzie si\u0119 21 grudnia 2025 r. w godz.: 10.00 &#8211; 16.00 w Miasteczku Galicyjskim (Nowy S\u0105cz, ul. Lwowska 226) W tym wyj\u0105tkowym czasie serce Miasteczka Galicyjskiego zaczyna bi\u0107 mocniej&#8230; W\u015br\u00f3d pachn\u0105cych lasem choinek, aromatu grzanego wina i czekoladowych piernik\u00f3w, na s\u0105deczan i turyst\u00f3w czeka moc \u015bwi\u0105tecznych niespodzianek i atrakcji! \u00a0 \u00a0 Wystawc\u00f3w zamierzaj\u0105cych wzi\u0105\u0107 udzia\u0142 w Jarmarku prosimy o zapoznanie si\u0119 z warunkami uczestnictwa: DLA WYSTAWC\u00d3W.<\/p>\n","protected":false},"author":1,"featured_media":0,"parent":0,"menu_order":0,"comment_status":"closed","ping_status":"closed","template":"","meta":[],"_links":{"self":[{"href":"https:\/\/www.miasteczko-galicyjskie.pl\/index.php?rest_route=\/wp\/v2\/pages\/1121"}],"collection":[{"href":"https:\/\/www.miasteczko-galicyjskie.pl\/index.php?rest_route=\/wp\/v2\/pages"}],"about":[{"href":"https:\/\/www.miasteczko-galicyjskie.pl\/index.php?rest_route=\/wp\/v2\/types\/page"}],"author":[{"embeddable":true,"href":"https:\/\/www.miasteczko-galicyjskie.pl\/index.php?rest_route=\/wp\/v2\/users\/1"}],"replies":[{"embeddable":true,"href":"https:\/\/www.miasteczko-galicyjskie.pl\/index.php?rest_route=%2Fwp%2Fv2%2Fcomments&post=1121"}],"version-history":[{"count":83,"href":"https:\/\/www.miasteczko-galicyjskie.pl\/index.php?rest_route=\/wp\/v2\/pages\/1121\/revisions"}],"predecessor-version":[{"id":5250,"href":"https:\/\/www.miasteczko-galicyjskie.pl\/index.php?rest_route=\/wp\/v2\/pages\/1121\/revisions\/5250"}],"wp:attachment":[{"href":"https:\/\/www.miasteczko-galicyjskie.pl\/index.php?rest_route=%2Fwp%2Fv2%2Fmedia&parent=1121"}],"curies":[{"name":"wp","href":"https:\/\/api.w.org\/{rel}","templated":true}]}}